{"id":4134,"date":"2025-04-08T09:46:24","date_gmt":"2025-04-08T09:46:24","guid":{"rendered":"https:\/\/pzlegal.ch\/?page_id=4134"},"modified":"2026-04-03T09:12:07","modified_gmt":"2026-04-03T09:12:07","slug":"massimo-pedrazzini","status":"publish","type":"page","link":"https:\/\/pzlegal.ch\/de\/uber-uns\/massimo-pedrazzini\/","title":{"rendered":"Massimo Pedrazzini"},"content":{"rendered":"\t\t<div data-elementor-type=\"wp-page\" data-elementor-id=\"4134\" class=\"elementor elementor-4134 elementor-926\" data-elementor-post-type=\"page\">\n\t\t\t\t<div class=\"elementor-element elementor-element-469bcacb e-grid e-con-boxed e-con e-parent\" data-id=\"469bcacb\" data-element_type=\"container\" data-e-type=\"container\">\n\t\t\t\t\t<div class=\"e-con-inner\">\n\t\t<div class=\"elementor-element elementor-element-3532b351 e-con-full e-flex e-con e-child\" data-id=\"3532b351\" data-element_type=\"container\" data-e-type=\"container\">\n\t\t\t\t<div class=\"elementor-element elementor-element-13891e3a elementor-widget elementor-widget-image\" data-id=\"13891e3a\" data-element_type=\"widget\" data-e-type=\"widget\" data-widget_type=\"image.default\">\n\t\t\t\t<div class=\"elementor-widget-container\">\n\t\t\t\t\t\t\t\t\t\t\t\t\t\t\t<img fetchpriority=\"high\" decoding=\"async\" width=\"625\" height=\"846\" src=\"https:\/\/pzlegal.ch\/wp-content\/uploads\/2025\/07\/massimo_pedrazzini_profilo2025.jpg\" class=\"attachment-large size-large wp-image-3295\" alt=\"\" srcset=\"https:\/\/pzlegal.ch\/wp-content\/uploads\/2025\/07\/massimo_pedrazzini_profilo2025.jpg 625w, https:\/\/pzlegal.ch\/wp-content\/uploads\/2025\/07\/massimo_pedrazzini_profilo2025-222x300.jpg 222w\" sizes=\"(max-width: 625px) 100vw, 625px\" \/>\t\t\t\t\t\t\t\t\t\t\t\t\t\t\t<\/div>\n\t\t\t\t<\/div>\n\t\t\t\t<\/div>\n\t\t<div class=\"elementor-element elementor-element-329abb87 e-con-full e-flex e-con e-child\" data-id=\"329abb87\" data-element_type=\"container\" data-e-type=\"container\">\n\t\t\t\t<div class=\"elementor-element elementor-element-28f43cee elementor-widget elementor-widget-heading\" data-id=\"28f43cee\" data-element_type=\"widget\" data-e-type=\"widget\" data-widget_type=\"heading.default\">\n\t\t\t\t<div class=\"elementor-widget-container\">\n\t\t\t\t\t<h2 class=\"elementor-heading-title elementor-size-default\">Massimo Pedrazzini<\/h2>\t\t\t\t<\/div>\n\t\t\t\t<\/div>\n\t\t\t\t<div class=\"elementor-element elementor-element-26799318 elementor-widget elementor-widget-text-editor\" data-id=\"26799318\" data-element_type=\"widget\" data-e-type=\"widget\" data-widget_type=\"text-editor.default\">\n\t\t\t\t<div class=\"elementor-widget-container\">\n\t\t\t\t\t\t\t\t\t<p><strong><span style=\"color: #2c78c3;\">T\u00e4tigkeitsschwerpunkte:<\/span><br \/><\/strong><\/p><p>Gesellschaftsrecht, Mergers &amp; Acquisitions (M&amp;A), Vertragsrecht, schweizerisches und internationales Steuerrecht.<\/p><p>Spezialist f\u00fcr grenz\u00fcberschreitende Transaktionen und Corporate Governance; Mandate in Verwaltungsr\u00e4ten internationaler Unternehmen sowie gemeinn\u00fctziger Organisationen.<\/p>\t\t\t\t\t\t\t\t<\/div>\n\t\t\t\t<\/div>\n\t\t\t\t<div class=\"elementor-element elementor-element-45994483 elementor-widget elementor-widget-text-editor\" data-id=\"45994483\" data-element_type=\"widget\" data-e-type=\"widget\" data-widget_type=\"text-editor.default\">\n\t\t\t\t<div class=\"elementor-widget-container\">\n\t\t\t\t\t\t\t\t\t<p><strong><span style=\"color: #2c78c3;\">Sprachen:<\/span><br \/><\/strong>Italienisch, Englisch, Deutsch, Franz\u00f6sisch<\/p>\t\t\t\t\t\t\t\t<\/div>\n\t\t\t\t<\/div>\n\t\t\t\t<div class=\"elementor-element elementor-element-2ef19666 elementor-widget elementor-widget-text-editor\" data-id=\"2ef19666\" data-element_type=\"widget\" data-e-type=\"widget\" data-widget_type=\"text-editor.default\">\n\t\t\t\t<div class=\"elementor-widget-container\">\n\t\t\t\t\t\t\t\t\t<p><strong><span style=\"color: #2c78c3;\">Kontakt:<\/span><br \/><\/strong>Tel. +41 91 973 17 31<\/p>\t\t\t\t\t\t\t\t<\/div>\n\t\t\t\t<\/div>\n\t\t\t\t<div class=\"elementor-element elementor-element-2675dae elementor-widget elementor-widget-image\" data-id=\"2675dae\" data-element_type=\"widget\" data-e-type=\"widget\" data-widget_type=\"image.default\">\n\t\t\t\t<div class=\"elementor-widget-container\">\n\t\t\t\t\t\t\t\t\t\t\t\t\t\t\t\t<a href=\"https:\/\/www.linkedin.com\/in\/massimo-pedrazzini-44461512\/?trk=people-guest_people_search-card&#038;original_referer=&#038;originalSubdomain=mc\" target=\"_blank\">\n\t\t\t\t\t\t\t<img decoding=\"async\" width=\"53\" height=\"53\" src=\"https:\/\/pzlegal.ch\/wp-content\/uploads\/2025\/04\/linkedin.jpg\" class=\"attachment-full size-full wp-image-3106\" alt=\"\" \/>\t\t\t\t\t\t\t\t<\/a>\n\t\t\t\t\t\t\t\t\t\t\t\t\t\t\t<\/div>\n\t\t\t\t<\/div>\n\t\t\t\t<div class=\"elementor-element elementor-element-6a68de94 elementor-widget elementor-widget-text-editor\" data-id=\"6a68de94\" data-element_type=\"widget\" data-e-type=\"widget\" data-widget_type=\"text-editor.default\">\n\t\t\t\t<div class=\"elementor-widget-container\">\n\t\t\t\t\t\t\t\t\t<p>Rechtsanwalt Massimo Guglielmo Pedrazzini ist Gr\u00fcndungspartner der Kanzlei Pedrazzini Zanazza &amp; Associati SA und verf\u00fcgt \u00fcber mehr als vierzig Jahre Berufserfahrung in den Bereichen Gesellschaftsrecht, Mergers &amp; Acquisitions sowie internationales Steuerrecht.<\/p>\t\t\t\t\t\t\t\t<\/div>\n\t\t\t\t<\/div>\n\t\t\t\t<\/div>\n\t\t\t\t\t<\/div>\n\t\t\t\t<\/div>\n\t\t<div class=\"elementor-element elementor-element-ef5c05b e-flex e-con-boxed e-con e-parent\" data-id=\"ef5c05b\" data-element_type=\"container\" data-e-type=\"container\">\n\t\t\t\t\t<div class=\"e-con-inner\">\n\t\t\t\t<div class=\"elementor-element elementor-element-612cbc0 elementor-widget elementor-widget-text-editor\" data-id=\"612cbc0\" data-element_type=\"widget\" data-e-type=\"widget\" data-widget_type=\"text-editor.default\">\n\t\t\t\t<div class=\"elementor-widget-container\">\n\t\t\t\t\t\t\t\t\t<p>Seine juristische Laufbahn begann 1985 bei Tettamanti Spiess &amp; Associati, wo er von 1993 bis 2005 als Partner t\u00e4tig war und komplexe grenz\u00fcberschreitende Transaktionen f\u00fcr Mandanten in Europa, Asien und Amerika begleitete. Zu seinen fachlichen Schwerpunkten z\u00e4hlen das Gesellschaftsrecht, das schweizerische und internationale Steuerrecht sowie das Vertragsrecht.<\/p><p>Herr Pedrazzini ist derzeit Pr\u00e4sident und Verwaltungsratsmitglied mehrerer Unternehmen, darunter die Fidinam-Gruppe, ST Group Holding, ST Real Estate Holding, Sterling Active Fund, Caimato SA, Marmant SA und G.emme SA, und Gr\u00fcndungspartner der Anwaltskanzlei Pedrazzini Zanazza &amp; Associati SA. Zudem ist er in leitender Funktion in verschiedenen internationalen und gemeinn\u00fctzigen Organisationen t\u00e4tig, wie etwa in der Fidinam Stiftung.<\/p><p>Er absolvierte sein Studium der Rechtswissenschaft an der Universit\u00e4t Genf (Abschluss 1985) und erwarb 1989 das Anwaltspatent in Lugano. Seine berufliche T\u00e4tigkeit f\u00fchrte ihn unter anderem nach M\u00fcnchen, New York und Z\u00fcrich, wo er ein umfassendes internationales Netzwerk aufbaute und vertiefte Kenntnisse im Bereich grenz\u00fcberschreitender Rechtsfragen erlangte.<\/p>\t\t\t\t\t\t\t\t<\/div>\n\t\t\t\t<\/div>\n\t\t\t\t\t<\/div>\n\t\t\t\t<\/div>\n\t\t\t\t<\/div>\n\t\t","protected":false},"excerpt":{"rendered":"<p>Massimo Pedrazzini T\u00e4tigkeitsschwerpunkte: Gesellschaftsrecht, Mergers &amp; Acquisitions (M&amp;A), Vertragsrecht, schweizerisches und internationales Steuerrecht. Spezialist f\u00fcr grenz\u00fcberschreitende Transaktionen und Corporate Governance; Mandate in Verwaltungsr\u00e4ten internationaler Unternehmen sowie gemeinn\u00fctziger Organisationen. Sprachen:Italienisch, Englisch, Deutsch, Franz\u00f6sisch Kontakt:Tel. +41 91 973 17 31 Rechtsanwalt Massimo Guglielmo Pedrazzini ist Gr\u00fcndungspartner der Kanzlei Pedrazzini Zanazza &amp; Associati SA und verf\u00fcgt \u00fcber mehr [&hellip;]<\/p>\n","protected":false},"author":1,"featured_media":0,"parent":4132,"menu_order":0,"comment_status":"closed","ping_status":"closed","template":"","meta":{"footnotes":""},"class_list":["post-4134","page","type-page","status-publish","hentry"],"yoast_head":"<!-- This site is optimized with the Yoast SEO plugin v27.2 - https:\/\/yoast.com\/product\/yoast-seo-wordpress\/ -->\n<title>Massimo Pedrazzini - Studio Legale Pedrazzini Zanazza &amp; Associati SA<\/title>\n<meta name=\"robots\" content=\"index, follow, max-snippet:-1, max-image-preview:large, max-video-preview:-1\" \/>\n<link rel=\"canonical\" href=\"https:\/\/pzlegal.ch\/chi-siamo\/massimo-pedrazzini\/\" \/>\n<meta property=\"og:locale\" content=\"de_DE\" \/>\n<meta property=\"og:type\" content=\"article\" \/>\n<meta property=\"og:title\" content=\"Massimo Pedrazzini - Studio Legale Pedrazzini Zanazza &amp; Associati SA\" \/>\n<meta property=\"og:description\" content=\"Massimo Pedrazzini T\u00e4tigkeitsschwerpunkte: Gesellschaftsrecht, Mergers &amp; Acquisitions (M&amp;A), Vertragsrecht, schweizerisches und internationales Steuerrecht. Spezialist f\u00fcr grenz\u00fcberschreitende Transaktionen und Corporate Governance; Mandate in Verwaltungsr\u00e4ten internationaler Unternehmen sowie gemeinn\u00fctziger Organisationen. Sprachen:Italienisch, Englisch, Deutsch, Franz\u00f6sisch Kontakt:Tel. +41 91 973 17 31 Rechtsanwalt Massimo Guglielmo Pedrazzini ist Gr\u00fcndungspartner der Kanzlei Pedrazzini Zanazza &amp; Associati SA und verf\u00fcgt \u00fcber mehr [&hellip;]\" \/>\n<meta property=\"og:url\" content=\"https:\/\/pzlegal.ch\/chi-siamo\/massimo-pedrazzini\/\" \/>\n<meta property=\"og:site_name\" content=\"Studio Legale Pedrazzini Zanazza &amp; Associati SA\" \/>\n<meta property=\"article:modified_time\" content=\"2026-04-03T09:12:07+00:00\" \/>\n<meta property=\"og:image\" content=\"https:\/\/pzlegal.ch\/wp-content\/uploads\/2025\/07\/massimo_pedrazzini_profilo2025.jpg\" \/>\n\t<meta property=\"og:image:width\" content=\"625\" \/>\n\t<meta property=\"og:image:height\" content=\"846\" \/>\n\t<meta property=\"og:image:type\" content=\"image\/jpeg\" \/>\n<meta name=\"twitter:card\" content=\"summary_large_image\" \/>\n<meta name=\"twitter:label1\" content=\"Est. reading time\" \/>\n\t<meta name=\"twitter:data1\" content=\"2 minutes\" \/>\n<script type=\"application\/ld+json\" class=\"yoast-schema-graph\">{\"@context\":\"https:\/\/schema.org\",\"@graph\":[{\"@type\":\"WebPage\",\"@id\":\"https:\/\/pzlegal.ch\/chi-siamo\/massimo-pedrazzini\/\",\"url\":\"https:\/\/pzlegal.ch\/chi-siamo\/massimo-pedrazzini\/\",\"name\":\"Massimo Pedrazzini - Studio Legale Pedrazzini Zanazza &amp; Associati SA\",\"isPartOf\":{\"@id\":\"https:\/\/pzlegal.ch\/#website\"},\"primaryImageOfPage\":{\"@id\":\"https:\/\/pzlegal.ch\/chi-siamo\/massimo-pedrazzini\/#primaryimage\"},\"image\":{\"@id\":\"https:\/\/pzlegal.ch\/chi-siamo\/massimo-pedrazzini\/#primaryimage\"},\"thumbnailUrl\":\"https:\/\/pzlegal.ch\/wp-content\/uploads\/2025\/07\/massimo_pedrazzini_profilo2025.jpg\",\"datePublished\":\"2025-04-08T09:46:24+00:00\",\"dateModified\":\"2026-04-03T09:12:07+00:00\",\"breadcrumb\":{\"@id\":\"https:\/\/pzlegal.ch\/chi-siamo\/massimo-pedrazzini\/#breadcrumb\"},\"inLanguage\":\"de-DE\",\"potentialAction\":[{\"@type\":\"ReadAction\",\"target\":[\"https:\/\/pzlegal.ch\/chi-siamo\/massimo-pedrazzini\/\"]}]},{\"@type\":\"ImageObject\",\"inLanguage\":\"de-DE\",\"@id\":\"https:\/\/pzlegal.ch\/chi-siamo\/massimo-pedrazzini\/#primaryimage\",\"url\":\"https:\/\/pzlegal.ch\/wp-content\/uploads\/2025\/07\/massimo_pedrazzini_profilo2025.jpg\",\"contentUrl\":\"https:\/\/pzlegal.ch\/wp-content\/uploads\/2025\/07\/massimo_pedrazzini_profilo2025.jpg\"},{\"@type\":\"BreadcrumbList\",\"@id\":\"https:\/\/pzlegal.ch\/chi-siamo\/massimo-pedrazzini\/#breadcrumb\",\"itemListElement\":[{\"@type\":\"ListItem\",\"position\":1,\"name\":\"Home\",\"item\":\"https:\/\/pzlegal.ch\/de\/\"},{\"@type\":\"ListItem\",\"position\":2,\"name\":\"\u00dcber uns\",\"item\":\"https:\/\/pzlegal.ch\/de\/uber-uns\/\"},{\"@type\":\"ListItem\",\"position\":3,\"name\":\"Massimo Pedrazzini\"}]},{\"@type\":\"WebSite\",\"@id\":\"https:\/\/pzlegal.ch\/#website\",\"url\":\"https:\/\/pzlegal.ch\/\",\"name\":\"Studio Legale Pedrazzini Zanazza &amp; Associati SA\",\"description\":\"\",\"publisher\":{\"@id\":\"https:\/\/pzlegal.ch\/#organization\"},\"potentialAction\":[{\"@type\":\"SearchAction\",\"target\":{\"@type\":\"EntryPoint\",\"urlTemplate\":\"https:\/\/pzlegal.ch\/?s={search_term_string}\"},\"query-input\":{\"@type\":\"PropertyValueSpecification\",\"valueRequired\":true,\"valueName\":\"search_term_string\"}}],\"inLanguage\":\"de-DE\"},{\"@type\":\"Organization\",\"@id\":\"https:\/\/pzlegal.ch\/#organization\",\"name\":\"Studio Legale Pedrazzini Zanazza &amp; Associati SA\",\"url\":\"https:\/\/pzlegal.ch\/\",\"logo\":{\"@type\":\"ImageObject\",\"inLanguage\":\"de-DE\",\"@id\":\"https:\/\/pzlegal.ch\/#\/schema\/logo\/image\/\",\"url\":\"https:\/\/pzlegal.ch\/wp-content\/uploads\/2025\/03\/studio_legale_pedranzini_zanazza.jpg\",\"contentUrl\":\"https:\/\/pzlegal.ch\/wp-content\/uploads\/2025\/03\/studio_legale_pedranzini_zanazza.jpg\",\"width\":398,\"height\":74,\"caption\":\"Studio Legale Pedrazzini Zanazza &amp; Associati SA\"},\"image\":{\"@id\":\"https:\/\/pzlegal.ch\/#\/schema\/logo\/image\/\"}}]}<\/script>\n<!-- \/ Yoast SEO plugin. -->","yoast_head_json":{"title":"Massimo Pedrazzini - Studio Legale Pedrazzini Zanazza &amp; Associati SA","robots":{"index":"index","follow":"follow","max-snippet":"max-snippet:-1","max-image-preview":"max-image-preview:large","max-video-preview":"max-video-preview:-1"},"canonical":"https:\/\/pzlegal.ch\/chi-siamo\/massimo-pedrazzini\/","og_locale":"de_DE","og_type":"article","og_title":"Massimo Pedrazzini - Studio Legale Pedrazzini Zanazza &amp; Associati SA","og_description":"Massimo Pedrazzini T\u00e4tigkeitsschwerpunkte: Gesellschaftsrecht, Mergers &amp; Acquisitions (M&amp;A), Vertragsrecht, schweizerisches und internationales Steuerrecht. Spezialist f\u00fcr grenz\u00fcberschreitende Transaktionen und Corporate Governance; Mandate in Verwaltungsr\u00e4ten internationaler Unternehmen sowie gemeinn\u00fctziger Organisationen. Sprachen:Italienisch, Englisch, Deutsch, Franz\u00f6sisch Kontakt:Tel. +41 91 973 17 31 Rechtsanwalt Massimo Guglielmo Pedrazzini ist Gr\u00fcndungspartner der Kanzlei Pedrazzini Zanazza &amp; Associati SA und verf\u00fcgt \u00fcber mehr [&hellip;]","og_url":"https:\/\/pzlegal.ch\/chi-siamo\/massimo-pedrazzini\/","og_site_name":"Studio Legale Pedrazzini Zanazza &amp; Associati SA","article_modified_time":"2026-04-03T09:12:07+00:00","og_image":[{"width":625,"height":846,"url":"https:\/\/pzlegal.ch\/wp-content\/uploads\/2025\/07\/massimo_pedrazzini_profilo2025.jpg","type":"image\/jpeg"}],"twitter_card":"summary_large_image","twitter_misc":{"Est. reading time":"2 minutes"},"schema":{"@context":"https:\/\/schema.org","@graph":[{"@type":"WebPage","@id":"https:\/\/pzlegal.ch\/chi-siamo\/massimo-pedrazzini\/","url":"https:\/\/pzlegal.ch\/chi-siamo\/massimo-pedrazzini\/","name":"Massimo Pedrazzini - Studio Legale Pedrazzini Zanazza &amp; Associati SA","isPartOf":{"@id":"https:\/\/pzlegal.ch\/#website"},"primaryImageOfPage":{"@id":"https:\/\/pzlegal.ch\/chi-siamo\/massimo-pedrazzini\/#primaryimage"},"image":{"@id":"https:\/\/pzlegal.ch\/chi-siamo\/massimo-pedrazzini\/#primaryimage"},"thumbnailUrl":"https:\/\/pzlegal.ch\/wp-content\/uploads\/2025\/07\/massimo_pedrazzini_profilo2025.jpg","datePublished":"2025-04-08T09:46:24+00:00","dateModified":"2026-04-03T09:12:07+00:00","breadcrumb":{"@id":"https:\/\/pzlegal.ch\/chi-siamo\/massimo-pedrazzini\/#breadcrumb"},"inLanguage":"de-DE","potentialAction":[{"@type":"ReadAction","target":["https:\/\/pzlegal.ch\/chi-siamo\/massimo-pedrazzini\/"]}]},{"@type":"ImageObject","inLanguage":"de-DE","@id":"https:\/\/pzlegal.ch\/chi-siamo\/massimo-pedrazzini\/#primaryimage","url":"https:\/\/pzlegal.ch\/wp-content\/uploads\/2025\/07\/massimo_pedrazzini_profilo2025.jpg","contentUrl":"https:\/\/pzlegal.ch\/wp-content\/uploads\/2025\/07\/massimo_pedrazzini_profilo2025.jpg"},{"@type":"BreadcrumbList","@id":"https:\/\/pzlegal.ch\/chi-siamo\/massimo-pedrazzini\/#breadcrumb","itemListElement":[{"@type":"ListItem","position":1,"name":"Home","item":"https:\/\/pzlegal.ch\/de\/"},{"@type":"ListItem","position":2,"name":"\u00dcber uns","item":"https:\/\/pzlegal.ch\/de\/uber-uns\/"},{"@type":"ListItem","position":3,"name":"Massimo Pedrazzini"}]},{"@type":"WebSite","@id":"https:\/\/pzlegal.ch\/#website","url":"https:\/\/pzlegal.ch\/","name":"Studio Legale Pedrazzini Zanazza &amp; Associati SA","description":"","publisher":{"@id":"https:\/\/pzlegal.ch\/#organization"},"potentialAction":[{"@type":"SearchAction","target":{"@type":"EntryPoint","urlTemplate":"https:\/\/pzlegal.ch\/?s={search_term_string}"},"query-input":{"@type":"PropertyValueSpecification","valueRequired":true,"valueName":"search_term_string"}}],"inLanguage":"de-DE"},{"@type":"Organization","@id":"https:\/\/pzlegal.ch\/#organization","name":"Studio Legale Pedrazzini Zanazza &amp; Associati SA","url":"https:\/\/pzlegal.ch\/","logo":{"@type":"ImageObject","inLanguage":"de-DE","@id":"https:\/\/pzlegal.ch\/#\/schema\/logo\/image\/","url":"https:\/\/pzlegal.ch\/wp-content\/uploads\/2025\/03\/studio_legale_pedranzini_zanazza.jpg","contentUrl":"https:\/\/pzlegal.ch\/wp-content\/uploads\/2025\/03\/studio_legale_pedranzini_zanazza.jpg","width":398,"height":74,"caption":"Studio Legale Pedrazzini Zanazza &amp; Associati SA"},"image":{"@id":"https:\/\/pzlegal.ch\/#\/schema\/logo\/image\/"}}]}},"_links":{"self":[{"href":"https:\/\/pzlegal.ch\/de\/wp-json\/wp\/v2\/pages\/4134","targetHints":{"allow":["GET"]}}],"collection":[{"href":"https:\/\/pzlegal.ch\/de\/wp-json\/wp\/v2\/pages"}],"about":[{"href":"https:\/\/pzlegal.ch\/de\/wp-json\/wp\/v2\/types\/page"}],"author":[{"embeddable":true,"href":"https:\/\/pzlegal.ch\/de\/wp-json\/wp\/v2\/users\/1"}],"replies":[{"embeddable":true,"href":"https:\/\/pzlegal.ch\/de\/wp-json\/wp\/v2\/comments?post=4134"}],"version-history":[{"count":16,"href":"https:\/\/pzlegal.ch\/de\/wp-json\/wp\/v2\/pages\/4134\/revisions"}],"predecessor-version":[{"id":4445,"href":"https:\/\/pzlegal.ch\/de\/wp-json\/wp\/v2\/pages\/4134\/revisions\/4445"}],"up":[{"embeddable":true,"href":"https:\/\/pzlegal.ch\/de\/wp-json\/wp\/v2\/pages\/4132"}],"wp:attachment":[{"href":"https:\/\/pzlegal.ch\/de\/wp-json\/wp\/v2\/media?parent=4134"}],"curies":[{"name":"wp","href":"https:\/\/api.w.org\/{rel}","templated":true}]}}