{"id":4136,"date":"2025-04-07T14:50:13","date_gmt":"2025-04-07T14:50:13","guid":{"rendered":"https:\/\/pzlegal.ch\/?page_id=4136"},"modified":"2026-04-03T09:23:55","modified_gmt":"2026-04-03T09:23:55","slug":"paolo-zanazza","status":"publish","type":"page","link":"https:\/\/pzlegal.ch\/de\/uber-uns\/paolo-zanazza\/","title":{"rendered":"Paolo Zanazza"},"content":{"rendered":"\t\t<div data-elementor-type=\"wp-page\" data-elementor-id=\"4136\" class=\"elementor elementor-4136 elementor-774\" data-elementor-post-type=\"page\">\n\t\t\t\t<div class=\"elementor-element elementor-element-b1cadf6 e-grid e-con-boxed e-con e-parent\" data-id=\"b1cadf6\" data-element_type=\"container\" data-e-type=\"container\">\n\t\t\t\t\t<div class=\"e-con-inner\">\n\t\t<div class=\"elementor-element elementor-element-4016ddb e-con-full e-flex e-con e-child\" data-id=\"4016ddb\" data-element_type=\"container\" data-e-type=\"container\">\n\t\t\t\t<div class=\"elementor-element elementor-element-87a3116 elementor-widget elementor-widget-image\" data-id=\"87a3116\" data-element_type=\"widget\" data-e-type=\"widget\" data-widget_type=\"image.default\">\n\t\t\t\t<div class=\"elementor-widget-container\">\n\t\t\t\t\t\t\t\t\t\t\t\t\t\t\t<img fetchpriority=\"high\" decoding=\"async\" width=\"625\" height=\"846\" src=\"https:\/\/pzlegal.ch\/wp-content\/uploads\/2025\/04\/paolo_zanazza_profilo.jpg\" class=\"attachment-full size-full wp-image-3112\" alt=\"\" srcset=\"https:\/\/pzlegal.ch\/wp-content\/uploads\/2025\/04\/paolo_zanazza_profilo.jpg 625w, https:\/\/pzlegal.ch\/wp-content\/uploads\/2025\/04\/paolo_zanazza_profilo-222x300.jpg 222w\" sizes=\"(max-width: 625px) 100vw, 625px\" \/>\t\t\t\t\t\t\t\t\t\t\t\t\t\t\t<\/div>\n\t\t\t\t<\/div>\n\t\t\t\t<\/div>\n\t\t<div class=\"elementor-element elementor-element-1adfcda e-con-full e-flex e-con e-child\" data-id=\"1adfcda\" data-element_type=\"container\" data-e-type=\"container\">\n\t\t\t\t<div class=\"elementor-element elementor-element-19fb3aa elementor-widget elementor-widget-heading\" data-id=\"19fb3aa\" data-element_type=\"widget\" data-e-type=\"widget\" data-widget_type=\"heading.default\">\n\t\t\t\t<div class=\"elementor-widget-container\">\n\t\t\t\t\t<h2 class=\"elementor-heading-title elementor-size-default\">Paolo Zanazza<\/h2>\t\t\t\t<\/div>\n\t\t\t\t<\/div>\n\t\t\t\t<div class=\"elementor-element elementor-element-f15c513 elementor-widget elementor-widget-text-editor\" data-id=\"f15c513\" data-element_type=\"widget\" data-e-type=\"widget\" data-widget_type=\"text-editor.default\">\n\t\t\t\t<div class=\"elementor-widget-container\">\n\t\t\t\t\t\t\t\t\t<p><strong><span style=\"color: #2c78c3;\">T\u00e4tigkeitsschwerpunkte:<br \/><\/span><\/strong>Beratung in den Bereichen Handels- und Gesellschaftsrecht, au\u00dferordentliche Transaktionen (M&amp;A), internationale Vertr\u00e4ge sowie Finanzmarktregulierung.<\/p>\t\t\t\t\t\t\t\t<\/div>\n\t\t\t\t<\/div>\n\t\t\t\t<div class=\"elementor-element elementor-element-14da152 elementor-widget elementor-widget-text-editor\" data-id=\"14da152\" data-element_type=\"widget\" data-e-type=\"widget\" data-widget_type=\"text-editor.default\">\n\t\t\t\t<div class=\"elementor-widget-container\">\n\t\t\t\t\t\t\t\t\t<p><strong><span style=\"color: #2c78c3;\">Sprachen:<br \/><\/span><\/strong>Italienisch, Englisch, Deutsch<\/p>\t\t\t\t\t\t\t\t<\/div>\n\t\t\t\t<\/div>\n\t\t\t\t<div class=\"elementor-element elementor-element-d3c5e89 elementor-widget elementor-widget-text-editor\" data-id=\"d3c5e89\" data-element_type=\"widget\" data-e-type=\"widget\" data-widget_type=\"text-editor.default\">\n\t\t\t\t<div class=\"elementor-widget-container\">\n\t\t\t\t\t\t\t\t\t<p><strong><span style=\"color: #2c78c3;\">Kontakt:<\/span><br \/><\/strong>Tel. +41 91 973 15 76<\/p>\t\t\t\t\t\t\t\t<\/div>\n\t\t\t\t<\/div>\n\t\t\t\t<div class=\"elementor-element elementor-element-b9d7350 elementor-widget elementor-widget-image\" data-id=\"b9d7350\" data-element_type=\"widget\" data-e-type=\"widget\" data-widget_type=\"image.default\">\n\t\t\t\t<div class=\"elementor-widget-container\">\n\t\t\t\t\t\t\t\t\t\t\t\t\t\t\t\t<a href=\"https:\/\/ch.linkedin.com\/in\/pzanazza\" target=\"_blank\">\n\t\t\t\t\t\t\t<img decoding=\"async\" width=\"53\" height=\"53\" src=\"https:\/\/pzlegal.ch\/wp-content\/uploads\/2025\/04\/linkedin.jpg\" class=\"attachment-full size-full wp-image-3106\" alt=\"\" \/>\t\t\t\t\t\t\t\t<\/a>\n\t\t\t\t\t\t\t\t\t\t\t\t\t\t\t<\/div>\n\t\t\t\t<\/div>\n\t\t\t\t<div class=\"elementor-element elementor-element-7892d15 elementor-widget elementor-widget-text-editor\" data-id=\"7892d15\" data-element_type=\"widget\" data-e-type=\"widget\" data-widget_type=\"text-editor.default\">\n\t\t\t\t<div class=\"elementor-widget-container\">\n\t\t\t\t\t\t\t\t\t<p>Rechtsanwalt Paolo Zanazza ist einer der Gr\u00fcndungspartner der Kanzlei und spezialisiert auf nationales sowie internationales Handels- und Vertragsrecht.<\/p><p>\u00a0<\/p><p>Seine Karriere begann er bei R\u00f6dl &amp; Partner, einer f\u00fchrenden deutschen Anwaltskanzlei, wo er Teil des M&amp;A German Desk Teams war. Nach einer T\u00e4tigkeit im Rechtsteam von KPMG wechselte er 2015 zum Studio Legale Avv. Massimo G. Pedrazzini SA in Lugano, wo er seither Schweizer und internationale Mandanten betreut.<\/p>\t\t\t\t\t\t\t\t<\/div>\n\t\t\t\t<\/div>\n\t\t\t\t<\/div>\n\t\t\t\t\t<\/div>\n\t\t\t\t<\/div>\n\t\t<div class=\"elementor-element elementor-element-10614b2 e-flex e-con-boxed e-con e-parent\" data-id=\"10614b2\" data-element_type=\"container\" data-e-type=\"container\">\n\t\t\t\t\t<div class=\"e-con-inner\">\n\t\t\t\t<div class=\"elementor-element elementor-element-9336051 elementor-widget elementor-widget-text-editor\" data-id=\"9336051\" data-element_type=\"widget\" data-e-type=\"widget\" data-widget_type=\"text-editor.default\">\n\t\t\t\t<div class=\"elementor-widget-container\">\n\t\t\t\t\t\t\t\t\t<p>Paolo Zanazza verf\u00fcgt \u00fcber umfassende Erfahrung in den Bereichen Gesellschaftsrecht, Investmentfonds, nationale und grenz\u00fcberschreitende M&amp;A-Transaktionen, Handelsvertr\u00e4ge, Kapitalmarktrecht, Immobilienrecht, Corporate Governance sowie Trusts.<\/p><p>Er hat sein Studium der Rechtswissenschaften an der Universit\u00e4t Bocconi in Mailand abgeschlossen und besitzt einen Joint Degree in internationalem Recht und Handelsrecht (<em>International and Business Law<\/em>) der Freien Universit\u00e4t Berlin und der Universit\u00e4t Paris XII. Zudem verf\u00fcgt er \u00fcber einen Abschluss in Wirtschaftswissenschaften und Unternehmensrecht. Erg\u00e4nzend erwarb er die Zertifikate \u00abCertificate of Advanced Studies\u00bb in Rechtsgrundlagen der Unternehmen und \u201eVertiefung ins Unternehmensrecht\u201c an der Fachhochschule S\u00fcdschweiz (SUPSI).<\/p><p>Er ist Mitglied des Verwaltungsrats mehrerer Unternehmen, darunter die Caimato SA, Terzerina SA und Tifina Holding SA.\u00a0<\/p>\t\t\t\t\t\t\t\t<\/div>\n\t\t\t\t<\/div>\n\t\t\t\t\t<\/div>\n\t\t\t\t<\/div>\n\t\t\t\t<\/div>\n\t\t","protected":false},"excerpt":{"rendered":"<p>Paolo Zanazza T\u00e4tigkeitsschwerpunkte:Beratung in den Bereichen Handels- und Gesellschaftsrecht, au\u00dferordentliche Transaktionen (M&amp;A), internationale Vertr\u00e4ge sowie Finanzmarktregulierung. Sprachen:Italienisch, Englisch, Deutsch Kontakt:Tel. +41 91 973 15 76 Rechtsanwalt Paolo Zanazza ist einer der Gr\u00fcndungspartner der Kanzlei und spezialisiert auf nationales sowie internationales Handels- und Vertragsrecht. \u00a0 Seine Karriere begann er bei R\u00f6dl &amp; Partner, einer f\u00fchrenden deutschen [&hellip;]<\/p>\n","protected":false},"author":1,"featured_media":0,"parent":4132,"menu_order":1,"comment_status":"closed","ping_status":"closed","template":"","meta":{"footnotes":""},"class_list":["post-4136","page","type-page","status-publish","hentry"],"yoast_head":"<!-- This site is optimized with the Yoast SEO plugin v27.2 - https:\/\/yoast.com\/product\/yoast-seo-wordpress\/ -->\n<title>Paolo Zanazza - Studio Legale Pedrazzini Zanazza &amp; Associati SA<\/title>\n<meta name=\"robots\" content=\"index, follow, max-snippet:-1, max-image-preview:large, max-video-preview:-1\" \/>\n<link rel=\"canonical\" href=\"https:\/\/pzlegal.ch\/chi-siamo\/paolo-zanazza\/\" \/>\n<meta property=\"og:locale\" content=\"de_DE\" \/>\n<meta property=\"og:type\" content=\"article\" \/>\n<meta property=\"og:title\" content=\"Paolo Zanazza - Studio Legale Pedrazzini Zanazza &amp; Associati SA\" \/>\n<meta property=\"og:description\" content=\"Paolo Zanazza T\u00e4tigkeitsschwerpunkte:Beratung in den Bereichen Handels- und Gesellschaftsrecht, au\u00dferordentliche Transaktionen (M&amp;A), internationale Vertr\u00e4ge sowie Finanzmarktregulierung. Sprachen:Italienisch, Englisch, Deutsch Kontakt:Tel. +41 91 973 15 76 Rechtsanwalt Paolo Zanazza ist einer der Gr\u00fcndungspartner der Kanzlei und spezialisiert auf nationales sowie internationales Handels- und Vertragsrecht. \u00a0 Seine Karriere begann er bei R\u00f6dl &amp; Partner, einer f\u00fchrenden deutschen [&hellip;]\" \/>\n<meta property=\"og:url\" content=\"https:\/\/pzlegal.ch\/chi-siamo\/paolo-zanazza\/\" \/>\n<meta property=\"og:site_name\" content=\"Studio Legale Pedrazzini Zanazza &amp; Associati SA\" \/>\n<meta property=\"article:modified_time\" content=\"2026-04-03T09:23:55+00:00\" \/>\n<meta property=\"og:image\" content=\"https:\/\/pzlegal.ch\/wp-content\/uploads\/2025\/04\/paolo_zanazza_profilo.jpg\" \/>\n\t<meta property=\"og:image:width\" content=\"625\" \/>\n\t<meta property=\"og:image:height\" content=\"846\" \/>\n\t<meta property=\"og:image:type\" content=\"image\/jpeg\" \/>\n<meta name=\"twitter:card\" content=\"summary_large_image\" \/>\n<meta name=\"twitter:label1\" content=\"Est. reading time\" \/>\n\t<meta name=\"twitter:data1\" content=\"2 minutes\" \/>\n<script type=\"application\/ld+json\" class=\"yoast-schema-graph\">{\"@context\":\"https:\/\/schema.org\",\"@graph\":[{\"@type\":\"WebPage\",\"@id\":\"https:\/\/pzlegal.ch\/chi-siamo\/paolo-zanazza\/\",\"url\":\"https:\/\/pzlegal.ch\/chi-siamo\/paolo-zanazza\/\",\"name\":\"Paolo Zanazza - Studio Legale Pedrazzini Zanazza &amp; Associati SA\",\"isPartOf\":{\"@id\":\"https:\/\/pzlegal.ch\/#website\"},\"primaryImageOfPage\":{\"@id\":\"https:\/\/pzlegal.ch\/chi-siamo\/paolo-zanazza\/#primaryimage\"},\"image\":{\"@id\":\"https:\/\/pzlegal.ch\/chi-siamo\/paolo-zanazza\/#primaryimage\"},\"thumbnailUrl\":\"https:\/\/pzlegal.ch\/wp-content\/uploads\/2025\/04\/paolo_zanazza_profilo.jpg\",\"datePublished\":\"2025-04-07T14:50:13+00:00\",\"dateModified\":\"2026-04-03T09:23:55+00:00\",\"breadcrumb\":{\"@id\":\"https:\/\/pzlegal.ch\/chi-siamo\/paolo-zanazza\/#breadcrumb\"},\"inLanguage\":\"de-DE\",\"potentialAction\":[{\"@type\":\"ReadAction\",\"target\":[\"https:\/\/pzlegal.ch\/chi-siamo\/paolo-zanazza\/\"]}]},{\"@type\":\"ImageObject\",\"inLanguage\":\"de-DE\",\"@id\":\"https:\/\/pzlegal.ch\/chi-siamo\/paolo-zanazza\/#primaryimage\",\"url\":\"https:\/\/pzlegal.ch\/wp-content\/uploads\/2025\/04\/paolo_zanazza_profilo.jpg\",\"contentUrl\":\"https:\/\/pzlegal.ch\/wp-content\/uploads\/2025\/04\/paolo_zanazza_profilo.jpg\"},{\"@type\":\"BreadcrumbList\",\"@id\":\"https:\/\/pzlegal.ch\/chi-siamo\/paolo-zanazza\/#breadcrumb\",\"itemListElement\":[{\"@type\":\"ListItem\",\"position\":1,\"name\":\"Home\",\"item\":\"https:\/\/pzlegal.ch\/de\/\"},{\"@type\":\"ListItem\",\"position\":2,\"name\":\"\u00dcber uns\",\"item\":\"https:\/\/pzlegal.ch\/de\/uber-uns\/\"},{\"@type\":\"ListItem\",\"position\":3,\"name\":\"Paolo Zanazza\"}]},{\"@type\":\"WebSite\",\"@id\":\"https:\/\/pzlegal.ch\/#website\",\"url\":\"https:\/\/pzlegal.ch\/\",\"name\":\"Studio Legale Pedrazzini Zanazza &amp; Associati SA\",\"description\":\"\",\"publisher\":{\"@id\":\"https:\/\/pzlegal.ch\/#organization\"},\"potentialAction\":[{\"@type\":\"SearchAction\",\"target\":{\"@type\":\"EntryPoint\",\"urlTemplate\":\"https:\/\/pzlegal.ch\/?s={search_term_string}\"},\"query-input\":{\"@type\":\"PropertyValueSpecification\",\"valueRequired\":true,\"valueName\":\"search_term_string\"}}],\"inLanguage\":\"de-DE\"},{\"@type\":\"Organization\",\"@id\":\"https:\/\/pzlegal.ch\/#organization\",\"name\":\"Studio Legale Pedrazzini Zanazza &amp; Associati SA\",\"url\":\"https:\/\/pzlegal.ch\/\",\"logo\":{\"@type\":\"ImageObject\",\"inLanguage\":\"de-DE\",\"@id\":\"https:\/\/pzlegal.ch\/#\/schema\/logo\/image\/\",\"url\":\"https:\/\/pzlegal.ch\/wp-content\/uploads\/2025\/03\/studio_legale_pedranzini_zanazza.jpg\",\"contentUrl\":\"https:\/\/pzlegal.ch\/wp-content\/uploads\/2025\/03\/studio_legale_pedranzini_zanazza.jpg\",\"width\":398,\"height\":74,\"caption\":\"Studio Legale Pedrazzini Zanazza &amp; Associati SA\"},\"image\":{\"@id\":\"https:\/\/pzlegal.ch\/#\/schema\/logo\/image\/\"}}]}<\/script>\n<!-- \/ Yoast SEO plugin. -->","yoast_head_json":{"title":"Paolo Zanazza - Studio Legale Pedrazzini Zanazza &amp; Associati SA","robots":{"index":"index","follow":"follow","max-snippet":"max-snippet:-1","max-image-preview":"max-image-preview:large","max-video-preview":"max-video-preview:-1"},"canonical":"https:\/\/pzlegal.ch\/chi-siamo\/paolo-zanazza\/","og_locale":"de_DE","og_type":"article","og_title":"Paolo Zanazza - Studio Legale Pedrazzini Zanazza &amp; Associati SA","og_description":"Paolo Zanazza T\u00e4tigkeitsschwerpunkte:Beratung in den Bereichen Handels- und Gesellschaftsrecht, au\u00dferordentliche Transaktionen (M&amp;A), internationale Vertr\u00e4ge sowie Finanzmarktregulierung. Sprachen:Italienisch, Englisch, Deutsch Kontakt:Tel. +41 91 973 15 76 Rechtsanwalt Paolo Zanazza ist einer der Gr\u00fcndungspartner der Kanzlei und spezialisiert auf nationales sowie internationales Handels- und Vertragsrecht. \u00a0 Seine Karriere begann er bei R\u00f6dl &amp; Partner, einer f\u00fchrenden deutschen [&hellip;]","og_url":"https:\/\/pzlegal.ch\/chi-siamo\/paolo-zanazza\/","og_site_name":"Studio Legale Pedrazzini Zanazza &amp; Associati SA","article_modified_time":"2026-04-03T09:23:55+00:00","og_image":[{"width":625,"height":846,"url":"https:\/\/pzlegal.ch\/wp-content\/uploads\/2025\/04\/paolo_zanazza_profilo.jpg","type":"image\/jpeg"}],"twitter_card":"summary_large_image","twitter_misc":{"Est. reading time":"2 minutes"},"schema":{"@context":"https:\/\/schema.org","@graph":[{"@type":"WebPage","@id":"https:\/\/pzlegal.ch\/chi-siamo\/paolo-zanazza\/","url":"https:\/\/pzlegal.ch\/chi-siamo\/paolo-zanazza\/","name":"Paolo Zanazza - Studio Legale Pedrazzini Zanazza &amp; Associati SA","isPartOf":{"@id":"https:\/\/pzlegal.ch\/#website"},"primaryImageOfPage":{"@id":"https:\/\/pzlegal.ch\/chi-siamo\/paolo-zanazza\/#primaryimage"},"image":{"@id":"https:\/\/pzlegal.ch\/chi-siamo\/paolo-zanazza\/#primaryimage"},"thumbnailUrl":"https:\/\/pzlegal.ch\/wp-content\/uploads\/2025\/04\/paolo_zanazza_profilo.jpg","datePublished":"2025-04-07T14:50:13+00:00","dateModified":"2026-04-03T09:23:55+00:00","breadcrumb":{"@id":"https:\/\/pzlegal.ch\/chi-siamo\/paolo-zanazza\/#breadcrumb"},"inLanguage":"de-DE","potentialAction":[{"@type":"ReadAction","target":["https:\/\/pzlegal.ch\/chi-siamo\/paolo-zanazza\/"]}]},{"@type":"ImageObject","inLanguage":"de-DE","@id":"https:\/\/pzlegal.ch\/chi-siamo\/paolo-zanazza\/#primaryimage","url":"https:\/\/pzlegal.ch\/wp-content\/uploads\/2025\/04\/paolo_zanazza_profilo.jpg","contentUrl":"https:\/\/pzlegal.ch\/wp-content\/uploads\/2025\/04\/paolo_zanazza_profilo.jpg"},{"@type":"BreadcrumbList","@id":"https:\/\/pzlegal.ch\/chi-siamo\/paolo-zanazza\/#breadcrumb","itemListElement":[{"@type":"ListItem","position":1,"name":"Home","item":"https:\/\/pzlegal.ch\/de\/"},{"@type":"ListItem","position":2,"name":"\u00dcber uns","item":"https:\/\/pzlegal.ch\/de\/uber-uns\/"},{"@type":"ListItem","position":3,"name":"Paolo Zanazza"}]},{"@type":"WebSite","@id":"https:\/\/pzlegal.ch\/#website","url":"https:\/\/pzlegal.ch\/","name":"Studio Legale Pedrazzini Zanazza &amp; Associati SA","description":"","publisher":{"@id":"https:\/\/pzlegal.ch\/#organization"},"potentialAction":[{"@type":"SearchAction","target":{"@type":"EntryPoint","urlTemplate":"https:\/\/pzlegal.ch\/?s={search_term_string}"},"query-input":{"@type":"PropertyValueSpecification","valueRequired":true,"valueName":"search_term_string"}}],"inLanguage":"de-DE"},{"@type":"Organization","@id":"https:\/\/pzlegal.ch\/#organization","name":"Studio Legale Pedrazzini Zanazza &amp; Associati SA","url":"https:\/\/pzlegal.ch\/","logo":{"@type":"ImageObject","inLanguage":"de-DE","@id":"https:\/\/pzlegal.ch\/#\/schema\/logo\/image\/","url":"https:\/\/pzlegal.ch\/wp-content\/uploads\/2025\/03\/studio_legale_pedranzini_zanazza.jpg","contentUrl":"https:\/\/pzlegal.ch\/wp-content\/uploads\/2025\/03\/studio_legale_pedranzini_zanazza.jpg","width":398,"height":74,"caption":"Studio Legale Pedrazzini Zanazza &amp; Associati SA"},"image":{"@id":"https:\/\/pzlegal.ch\/#\/schema\/logo\/image\/"}}]}},"_links":{"self":[{"href":"https:\/\/pzlegal.ch\/de\/wp-json\/wp\/v2\/pages\/4136","targetHints":{"allow":["GET"]}}],"collection":[{"href":"https:\/\/pzlegal.ch\/de\/wp-json\/wp\/v2\/pages"}],"about":[{"href":"https:\/\/pzlegal.ch\/de\/wp-json\/wp\/v2\/types\/page"}],"author":[{"embeddable":true,"href":"https:\/\/pzlegal.ch\/de\/wp-json\/wp\/v2\/users\/1"}],"replies":[{"embeddable":true,"href":"https:\/\/pzlegal.ch\/de\/wp-json\/wp\/v2\/comments?post=4136"}],"version-history":[{"count":13,"href":"https:\/\/pzlegal.ch\/de\/wp-json\/wp\/v2\/pages\/4136\/revisions"}],"predecessor-version":[{"id":4463,"href":"https:\/\/pzlegal.ch\/de\/wp-json\/wp\/v2\/pages\/4136\/revisions\/4463"}],"up":[{"embeddable":true,"href":"https:\/\/pzlegal.ch\/de\/wp-json\/wp\/v2\/pages\/4132"}],"wp:attachment":[{"href":"https:\/\/pzlegal.ch\/de\/wp-json\/wp\/v2\/media?parent=4136"}],"curies":[{"name":"wp","href":"https:\/\/api.w.org\/{rel}","templated":true}]}}