{"id":4140,"date":"2025-07-23T14:08:40","date_gmt":"2025-07-23T14:08:40","guid":{"rendered":"https:\/\/pzlegal.ch\/?page_id=4140"},"modified":"2025-09-25T14:01:18","modified_gmt":"2025-09-25T14:01:18","slug":"helene-bergerhoff","status":"publish","type":"page","link":"https:\/\/pzlegal.ch\/de\/uber-uns\/helene-bergerhoff\/","title":{"rendered":"H\u00e9l\u00e8ne Bergerhoff"},"content":{"rendered":"\t\t<div data-elementor-type=\"wp-page\" data-elementor-id=\"4140\" class=\"elementor elementor-4140 elementor-2936\" data-elementor-post-type=\"page\">\n\t\t\t\t<div class=\"elementor-element elementor-element-b7bce53 e-grid e-con-boxed e-con e-parent\" data-id=\"b7bce53\" data-element_type=\"container\" data-e-type=\"container\">\n\t\t\t\t\t<div class=\"e-con-inner\">\n\t\t<div class=\"elementor-element elementor-element-dec69e7 e-con-full e-flex e-con e-child\" data-id=\"dec69e7\" data-element_type=\"container\" data-e-type=\"container\">\n\t\t\t\t<div class=\"elementor-element elementor-element-d2b7625 elementor-widget elementor-widget-image\" data-id=\"d2b7625\" data-element_type=\"widget\" data-e-type=\"widget\" data-widget_type=\"image.default\">\n\t\t\t\t<div class=\"elementor-widget-container\">\n\t\t\t\t\t\t\t\t\t\t\t\t\t\t\t<img fetchpriority=\"high\" decoding=\"async\" width=\"625\" height=\"846\" src=\"https:\/\/pzlegal.ch\/wp-content\/uploads\/2025\/07\/helene_bergerhoff_profilo.jpg\" class=\"attachment-large size-large wp-image-3309\" alt=\"\" srcset=\"https:\/\/pzlegal.ch\/wp-content\/uploads\/2025\/07\/helene_bergerhoff_profilo.jpg 625w, https:\/\/pzlegal.ch\/wp-content\/uploads\/2025\/07\/helene_bergerhoff_profilo-222x300.jpg 222w\" sizes=\"(max-width: 625px) 100vw, 625px\" \/>\t\t\t\t\t\t\t\t\t\t\t\t\t\t\t<\/div>\n\t\t\t\t<\/div>\n\t\t\t\t<\/div>\n\t\t<div class=\"elementor-element elementor-element-1705e65 e-con-full e-flex e-con e-child\" data-id=\"1705e65\" data-element_type=\"container\" data-e-type=\"container\">\n\t\t\t\t<div class=\"elementor-element elementor-element-f231d85 elementor-widget elementor-widget-heading\" data-id=\"f231d85\" data-element_type=\"widget\" data-e-type=\"widget\" data-widget_type=\"heading.default\">\n\t\t\t\t<div class=\"elementor-widget-container\">\n\t\t\t\t\t<h2 class=\"elementor-heading-title elementor-size-default\">H\u00e9l\u00e8ne Bergerhoff<\/h2>\t\t\t\t<\/div>\n\t\t\t\t<\/div>\n\t\t\t\t<div class=\"elementor-element elementor-element-b695a48 elementor-widget elementor-widget-text-editor\" data-id=\"b695a48\" data-element_type=\"widget\" data-e-type=\"widget\" data-widget_type=\"text-editor.default\">\n\t\t\t\t<div class=\"elementor-widget-container\">\n\t\t\t\t\t\t\t\t\t<p><strong><span style=\"color: #2c78c3;\">T\u00e4tigkeitsschwerpunkte:<br \/><\/span><\/strong>Beratung im Handels- und Gesellschaftsrecht, nationale und internationale Vertragsgestaltung, Prozessf\u00fchrung im Zivilrecht sowie Bankrecht, mit Erfahrung im regulatorischen Bereich der Finanzm\u00e4rkte.<\/p>\t\t\t\t\t\t\t\t<\/div>\n\t\t\t\t<\/div>\n\t\t\t\t<div class=\"elementor-element elementor-element-1c30a5d elementor-widget elementor-widget-text-editor\" data-id=\"1c30a5d\" data-element_type=\"widget\" data-e-type=\"widget\" data-widget_type=\"text-editor.default\">\n\t\t\t\t<div class=\"elementor-widget-container\">\n\t\t\t\t\t\t\t\t\t<p><strong><span style=\"color: #2c78c3;\">Sprachen:<\/span><br \/><\/strong>Italienisch, Englisch, Franz\u00f6sisch, Spanisch<\/p>\t\t\t\t\t\t\t\t<\/div>\n\t\t\t\t<\/div>\n\t\t\t\t<div class=\"elementor-element elementor-element-2fa6cba elementor-widget elementor-widget-text-editor\" data-id=\"2fa6cba\" data-element_type=\"widget\" data-e-type=\"widget\" data-widget_type=\"text-editor.default\">\n\t\t\t\t<div class=\"elementor-widget-container\">\n\t\t\t\t\t\t\t\t\t<p><strong><span style=\"color: #2c78c3;\">Kontakt:<\/span><br \/><\/strong>Tel. : +41 91 973 15 68<\/p>\t\t\t\t\t\t\t\t<\/div>\n\t\t\t\t<\/div>\n\t\t\t\t<div class=\"elementor-element elementor-element-0a07cce elementor-widget elementor-widget-image\" data-id=\"0a07cce\" data-element_type=\"widget\" data-e-type=\"widget\" data-widget_type=\"image.default\">\n\t\t\t\t<div class=\"elementor-widget-container\">\n\t\t\t\t\t\t\t\t\t\t\t\t\t\t\t\t<a href=\"https:\/\/ca.linkedin.com\/in\/h%C3%A9l%C3%A8ne-bergerhoff-10924383\" target=\"_blank\">\n\t\t\t\t\t\t\t<img decoding=\"async\" width=\"53\" height=\"53\" src=\"https:\/\/pzlegal.ch\/wp-content\/uploads\/2025\/04\/linkedin.jpg\" class=\"attachment-full size-full wp-image-3106\" alt=\"\" \/>\t\t\t\t\t\t\t\t<\/a>\n\t\t\t\t\t\t\t\t\t\t\t\t\t\t\t<\/div>\n\t\t\t\t<\/div>\n\t\t\t\t<div class=\"elementor-element elementor-element-f54c43c elementor-widget elementor-widget-text-editor\" data-id=\"f54c43c\" data-element_type=\"widget\" data-e-type=\"widget\" data-widget_type=\"text-editor.default\">\n\t\t\t\t<div class=\"elementor-widget-container\">\n\t\t\t\t\t\t\t\t\t<p>H\u00e9l\u00e8ne Bergerhoff ist als Anw\u00e4ltin in der Kanzlei t\u00e4tig und ber\u00e4t und vertritt Mandanten insbesondere im schweizerischen Recht, mit Schwerpunkt im Bank-, Gesellschafts- und Handelsrecht, in der nationalen und internationalen Vertragsgestaltung, im Inkasso sowie in der Prozessf\u00fchrung im Zivilrecht.<\/p>\t\t\t\t\t\t\t\t<\/div>\n\t\t\t\t<\/div>\n\t\t\t\t<\/div>\n\t\t\t\t\t<\/div>\n\t\t\t\t<\/div>\n\t\t<div class=\"elementor-element elementor-element-7984fa2 e-flex e-con-boxed e-con e-parent\" data-id=\"7984fa2\" data-element_type=\"container\" data-e-type=\"container\">\n\t\t\t\t\t<div class=\"e-con-inner\">\n\t\t\t\t<div class=\"elementor-element elementor-element-9ab4413 elementor-widget elementor-widget-text-editor\" data-id=\"9ab4413\" data-element_type=\"widget\" data-e-type=\"widget\" data-widget_type=\"text-editor.default\">\n\t\t\t\t<div class=\"elementor-widget-container\">\n\t\t\t\t\t\t\t\t\t<p>Ihre berufliche Laufbahn begann H\u00e9l\u00e8ne bei einer Privatbank im Finanzzentrum Genf. Anschliessend war sie f\u00fcr eine Genfer Anwaltskanzlei t\u00e4tig, wo sie sich auf Bankrecht und zivilrechtliche Streitbeilegung spezialisierte. Vor ihrem Eintritt in die Kanzlei Pedrazzini Zanazza &amp; Associati SA in Lugano, arbeitete sie in der Rechtsabteilung einer renommierten internationalen Investmentbank in London.<\/p><p>H\u00e9l\u00e8ne schloss 2011 ihr Jurastudium an der Universit\u00e4t Genf ab und erwarb 2013 das Anwaltspatent in Genf. Im Jahr 2021 erlangte sie zudem den Titel Master of Laws (LL.M.) in International Business Law an der Queen Mary University of London. Ihre Masterarbeit widmete sie der bedeutenden Rolle der Schweizer Freilager im internationalen Handel mit Kulturg\u00fctern sowie den damit verbundenen rechtlichen Fragen im Zusammenhang mit Geldw\u00e4scherei und illegalem Handel.<\/p><p>H\u00e9l\u00e8ne ist im Kantonalen Anwaltsregister eingetragen und Mitglied des Anwaltsverbands des Kantons Tessin (OATI) sowie der Schweizerischen Anwaltskammer (SAV).<\/p>\t\t\t\t\t\t\t\t<\/div>\n\t\t\t\t<\/div>\n\t\t\t\t\t<\/div>\n\t\t\t\t<\/div>\n\t\t\t\t<\/div>\n\t\t","protected":false},"excerpt":{"rendered":"<p>H\u00e9l\u00e8ne Bergerhoff T\u00e4tigkeitsschwerpunkte:Beratung im Handels- und Gesellschaftsrecht, nationale und internationale Vertragsgestaltung, Prozessf\u00fchrung im Zivilrecht sowie Bankrecht, mit Erfahrung im regulatorischen Bereich der Finanzm\u00e4rkte. Sprachen:Italienisch, Englisch, Franz\u00f6sisch, Spanisch Kontakt:Tel. : +41 91 973 15 68 H\u00e9l\u00e8ne Bergerhoff ist als Anw\u00e4ltin in der Kanzlei t\u00e4tig und ber\u00e4t und vertritt Mandanten insbesondere im schweizerischen Recht, mit Schwerpunkt im [&hellip;]<\/p>\n","protected":false},"author":1,"featured_media":0,"parent":4132,"menu_order":3,"comment_status":"closed","ping_status":"closed","template":"","meta":{"footnotes":""},"class_list":["post-4140","page","type-page","status-publish","hentry"],"yoast_head":"<!-- This site is optimized with the Yoast SEO plugin v27.2 - https:\/\/yoast.com\/product\/yoast-seo-wordpress\/ -->\n<title>H\u00e9l\u00e8ne Bergerhoff - Studio Legale Pedrazzini Zanazza &amp; Associati SA<\/title>\n<meta name=\"robots\" content=\"index, follow, max-snippet:-1, max-image-preview:large, max-video-preview:-1\" \/>\n<link rel=\"canonical\" href=\"https:\/\/pzlegal.ch\/de\/uber-uns\/helene-bergerhoff\/\" \/>\n<meta property=\"og:locale\" content=\"de_DE\" \/>\n<meta property=\"og:type\" content=\"article\" \/>\n<meta property=\"og:title\" content=\"H\u00e9l\u00e8ne Bergerhoff - Studio Legale Pedrazzini Zanazza &amp; Associati SA\" \/>\n<meta property=\"og:description\" content=\"H\u00e9l\u00e8ne Bergerhoff T\u00e4tigkeitsschwerpunkte:Beratung im Handels- und Gesellschaftsrecht, nationale und internationale Vertragsgestaltung, Prozessf\u00fchrung im Zivilrecht sowie Bankrecht, mit Erfahrung im regulatorischen Bereich der Finanzm\u00e4rkte. Sprachen:Italienisch, Englisch, Franz\u00f6sisch, Spanisch Kontakt:Tel. : +41 91 973 15 68 H\u00e9l\u00e8ne Bergerhoff ist als Anw\u00e4ltin in der Kanzlei t\u00e4tig und ber\u00e4t und vertritt Mandanten insbesondere im schweizerischen Recht, mit Schwerpunkt im [&hellip;]\" \/>\n<meta property=\"og:url\" content=\"https:\/\/pzlegal.ch\/de\/uber-uns\/helene-bergerhoff\/\" \/>\n<meta property=\"og:site_name\" content=\"Studio Legale Pedrazzini Zanazza &amp; Associati SA\" \/>\n<meta property=\"article:modified_time\" content=\"2025-09-25T14:01:18+00:00\" \/>\n<meta property=\"og:image\" content=\"https:\/\/pzlegal.ch\/wp-content\/uploads\/2025\/07\/helene_bergerhoff_profilo.jpg\" \/>\n\t<meta property=\"og:image:width\" content=\"625\" \/>\n\t<meta property=\"og:image:height\" content=\"846\" \/>\n\t<meta property=\"og:image:type\" content=\"image\/jpeg\" \/>\n<meta name=\"twitter:card\" content=\"summary_large_image\" \/>\n<meta name=\"twitter:label1\" content=\"Est. reading time\" \/>\n\t<meta name=\"twitter:data1\" content=\"2 minutes\" \/>\n<script type=\"application\/ld+json\" class=\"yoast-schema-graph\">{\"@context\":\"https:\/\/schema.org\",\"@graph\":[{\"@type\":\"WebPage\",\"@id\":\"https:\/\/pzlegal.ch\/de\/uber-uns\/helene-bergerhoff\/\",\"url\":\"https:\/\/pzlegal.ch\/de\/uber-uns\/helene-bergerhoff\/\",\"name\":\"H\u00e9l\u00e8ne Bergerhoff - Studio Legale Pedrazzini Zanazza &amp; Associati SA\",\"isPartOf\":{\"@id\":\"https:\/\/pzlegal.ch\/#website\"},\"primaryImageOfPage\":{\"@id\":\"https:\/\/pzlegal.ch\/de\/uber-uns\/helene-bergerhoff\/#primaryimage\"},\"image\":{\"@id\":\"https:\/\/pzlegal.ch\/de\/uber-uns\/helene-bergerhoff\/#primaryimage\"},\"thumbnailUrl\":\"https:\/\/pzlegal.ch\/wp-content\/uploads\/2025\/07\/helene_bergerhoff_profilo.jpg\",\"datePublished\":\"2025-07-23T14:08:40+00:00\",\"dateModified\":\"2025-09-25T14:01:18+00:00\",\"breadcrumb\":{\"@id\":\"https:\/\/pzlegal.ch\/de\/uber-uns\/helene-bergerhoff\/#breadcrumb\"},\"inLanguage\":\"de-DE\",\"potentialAction\":[{\"@type\":\"ReadAction\",\"target\":[\"https:\/\/pzlegal.ch\/de\/uber-uns\/helene-bergerhoff\/\"]}]},{\"@type\":\"ImageObject\",\"inLanguage\":\"de-DE\",\"@id\":\"https:\/\/pzlegal.ch\/de\/uber-uns\/helene-bergerhoff\/#primaryimage\",\"url\":\"https:\/\/pzlegal.ch\/wp-content\/uploads\/2025\/07\/helene_bergerhoff_profilo.jpg\",\"contentUrl\":\"https:\/\/pzlegal.ch\/wp-content\/uploads\/2025\/07\/helene_bergerhoff_profilo.jpg\"},{\"@type\":\"BreadcrumbList\",\"@id\":\"https:\/\/pzlegal.ch\/de\/uber-uns\/helene-bergerhoff\/#breadcrumb\",\"itemListElement\":[{\"@type\":\"ListItem\",\"position\":1,\"name\":\"Home\",\"item\":\"https:\/\/pzlegal.ch\/de\/\"},{\"@type\":\"ListItem\",\"position\":2,\"name\":\"\u00dcber uns\",\"item\":\"https:\/\/pzlegal.ch\/de\/uber-uns\/\"},{\"@type\":\"ListItem\",\"position\":3,\"name\":\"H\u00e9l\u00e8ne Bergerhoff\"}]},{\"@type\":\"WebSite\",\"@id\":\"https:\/\/pzlegal.ch\/#website\",\"url\":\"https:\/\/pzlegal.ch\/\",\"name\":\"Studio Legale Pedrazzini Zanazza &amp; Associati SA\",\"description\":\"\",\"publisher\":{\"@id\":\"https:\/\/pzlegal.ch\/#organization\"},\"potentialAction\":[{\"@type\":\"SearchAction\",\"target\":{\"@type\":\"EntryPoint\",\"urlTemplate\":\"https:\/\/pzlegal.ch\/?s={search_term_string}\"},\"query-input\":{\"@type\":\"PropertyValueSpecification\",\"valueRequired\":true,\"valueName\":\"search_term_string\"}}],\"inLanguage\":\"de-DE\"},{\"@type\":\"Organization\",\"@id\":\"https:\/\/pzlegal.ch\/#organization\",\"name\":\"Studio Legale Pedrazzini Zanazza &amp; Associati SA\",\"url\":\"https:\/\/pzlegal.ch\/\",\"logo\":{\"@type\":\"ImageObject\",\"inLanguage\":\"de-DE\",\"@id\":\"https:\/\/pzlegal.ch\/#\/schema\/logo\/image\/\",\"url\":\"https:\/\/pzlegal.ch\/wp-content\/uploads\/2025\/03\/studio_legale_pedranzini_zanazza.jpg\",\"contentUrl\":\"https:\/\/pzlegal.ch\/wp-content\/uploads\/2025\/03\/studio_legale_pedranzini_zanazza.jpg\",\"width\":398,\"height\":74,\"caption\":\"Studio Legale Pedrazzini Zanazza &amp; Associati SA\"},\"image\":{\"@id\":\"https:\/\/pzlegal.ch\/#\/schema\/logo\/image\/\"}}]}<\/script>\n<!-- \/ Yoast SEO plugin. -->","yoast_head_json":{"title":"H\u00e9l\u00e8ne Bergerhoff - Studio Legale Pedrazzini Zanazza &amp; Associati SA","robots":{"index":"index","follow":"follow","max-snippet":"max-snippet:-1","max-image-preview":"max-image-preview:large","max-video-preview":"max-video-preview:-1"},"canonical":"https:\/\/pzlegal.ch\/de\/uber-uns\/helene-bergerhoff\/","og_locale":"de_DE","og_type":"article","og_title":"H\u00e9l\u00e8ne Bergerhoff - Studio Legale Pedrazzini Zanazza &amp; Associati SA","og_description":"H\u00e9l\u00e8ne Bergerhoff T\u00e4tigkeitsschwerpunkte:Beratung im Handels- und Gesellschaftsrecht, nationale und internationale Vertragsgestaltung, Prozessf\u00fchrung im Zivilrecht sowie Bankrecht, mit Erfahrung im regulatorischen Bereich der Finanzm\u00e4rkte. Sprachen:Italienisch, Englisch, Franz\u00f6sisch, Spanisch Kontakt:Tel. : +41 91 973 15 68 H\u00e9l\u00e8ne Bergerhoff ist als Anw\u00e4ltin in der Kanzlei t\u00e4tig und ber\u00e4t und vertritt Mandanten insbesondere im schweizerischen Recht, mit Schwerpunkt im [&hellip;]","og_url":"https:\/\/pzlegal.ch\/de\/uber-uns\/helene-bergerhoff\/","og_site_name":"Studio Legale Pedrazzini Zanazza &amp; Associati SA","article_modified_time":"2025-09-25T14:01:18+00:00","og_image":[{"width":625,"height":846,"url":"https:\/\/pzlegal.ch\/wp-content\/uploads\/2025\/07\/helene_bergerhoff_profilo.jpg","type":"image\/jpeg"}],"twitter_card":"summary_large_image","twitter_misc":{"Est. reading time":"2 minutes"},"schema":{"@context":"https:\/\/schema.org","@graph":[{"@type":"WebPage","@id":"https:\/\/pzlegal.ch\/de\/uber-uns\/helene-bergerhoff\/","url":"https:\/\/pzlegal.ch\/de\/uber-uns\/helene-bergerhoff\/","name":"H\u00e9l\u00e8ne Bergerhoff - Studio Legale Pedrazzini Zanazza &amp; Associati SA","isPartOf":{"@id":"https:\/\/pzlegal.ch\/#website"},"primaryImageOfPage":{"@id":"https:\/\/pzlegal.ch\/de\/uber-uns\/helene-bergerhoff\/#primaryimage"},"image":{"@id":"https:\/\/pzlegal.ch\/de\/uber-uns\/helene-bergerhoff\/#primaryimage"},"thumbnailUrl":"https:\/\/pzlegal.ch\/wp-content\/uploads\/2025\/07\/helene_bergerhoff_profilo.jpg","datePublished":"2025-07-23T14:08:40+00:00","dateModified":"2025-09-25T14:01:18+00:00","breadcrumb":{"@id":"https:\/\/pzlegal.ch\/de\/uber-uns\/helene-bergerhoff\/#breadcrumb"},"inLanguage":"de-DE","potentialAction":[{"@type":"ReadAction","target":["https:\/\/pzlegal.ch\/de\/uber-uns\/helene-bergerhoff\/"]}]},{"@type":"ImageObject","inLanguage":"de-DE","@id":"https:\/\/pzlegal.ch\/de\/uber-uns\/helene-bergerhoff\/#primaryimage","url":"https:\/\/pzlegal.ch\/wp-content\/uploads\/2025\/07\/helene_bergerhoff_profilo.jpg","contentUrl":"https:\/\/pzlegal.ch\/wp-content\/uploads\/2025\/07\/helene_bergerhoff_profilo.jpg"},{"@type":"BreadcrumbList","@id":"https:\/\/pzlegal.ch\/de\/uber-uns\/helene-bergerhoff\/#breadcrumb","itemListElement":[{"@type":"ListItem","position":1,"name":"Home","item":"https:\/\/pzlegal.ch\/de\/"},{"@type":"ListItem","position":2,"name":"\u00dcber uns","item":"https:\/\/pzlegal.ch\/de\/uber-uns\/"},{"@type":"ListItem","position":3,"name":"H\u00e9l\u00e8ne Bergerhoff"}]},{"@type":"WebSite","@id":"https:\/\/pzlegal.ch\/#website","url":"https:\/\/pzlegal.ch\/","name":"Studio Legale Pedrazzini Zanazza &amp; Associati SA","description":"","publisher":{"@id":"https:\/\/pzlegal.ch\/#organization"},"potentialAction":[{"@type":"SearchAction","target":{"@type":"EntryPoint","urlTemplate":"https:\/\/pzlegal.ch\/?s={search_term_string}"},"query-input":{"@type":"PropertyValueSpecification","valueRequired":true,"valueName":"search_term_string"}}],"inLanguage":"de-DE"},{"@type":"Organization","@id":"https:\/\/pzlegal.ch\/#organization","name":"Studio Legale Pedrazzini Zanazza &amp; Associati SA","url":"https:\/\/pzlegal.ch\/","logo":{"@type":"ImageObject","inLanguage":"de-DE","@id":"https:\/\/pzlegal.ch\/#\/schema\/logo\/image\/","url":"https:\/\/pzlegal.ch\/wp-content\/uploads\/2025\/03\/studio_legale_pedranzini_zanazza.jpg","contentUrl":"https:\/\/pzlegal.ch\/wp-content\/uploads\/2025\/03\/studio_legale_pedranzini_zanazza.jpg","width":398,"height":74,"caption":"Studio Legale Pedrazzini Zanazza &amp; Associati SA"},"image":{"@id":"https:\/\/pzlegal.ch\/#\/schema\/logo\/image\/"}}]}},"_links":{"self":[{"href":"https:\/\/pzlegal.ch\/de\/wp-json\/wp\/v2\/pages\/4140","targetHints":{"allow":["GET"]}}],"collection":[{"href":"https:\/\/pzlegal.ch\/de\/wp-json\/wp\/v2\/pages"}],"about":[{"href":"https:\/\/pzlegal.ch\/de\/wp-json\/wp\/v2\/types\/page"}],"author":[{"embeddable":true,"href":"https:\/\/pzlegal.ch\/de\/wp-json\/wp\/v2\/users\/1"}],"replies":[{"embeddable":true,"href":"https:\/\/pzlegal.ch\/de\/wp-json\/wp\/v2\/comments?post=4140"}],"version-history":[{"count":10,"href":"https:\/\/pzlegal.ch\/de\/wp-json\/wp\/v2\/pages\/4140\/revisions"}],"predecessor-version":[{"id":4222,"href":"https:\/\/pzlegal.ch\/de\/wp-json\/wp\/v2\/pages\/4140\/revisions\/4222"}],"up":[{"embeddable":true,"href":"https:\/\/pzlegal.ch\/de\/wp-json\/wp\/v2\/pages\/4132"}],"wp:attachment":[{"href":"https:\/\/pzlegal.ch\/de\/wp-json\/wp\/v2\/media?parent=4140"}],"curies":[{"name":"wp","href":"https:\/\/api.w.org\/{rel}","templated":true}]}}