{"id":4142,"date":"2025-05-06T15:12:48","date_gmt":"2025-05-06T15:12:48","guid":{"rendered":"https:\/\/pzlegal.ch\/?page_id=4142"},"modified":"2025-09-25T13:49:22","modified_gmt":"2025-09-25T13:49:22","slug":"claudio-serratore","status":"publish","type":"page","link":"https:\/\/pzlegal.ch\/de\/uber-uns\/claudio-serratore\/","title":{"rendered":"Claudio Serratore"},"content":{"rendered":"\t\t<div data-elementor-type=\"wp-page\" data-elementor-id=\"4142\" class=\"elementor elementor-4142 elementor-2751\" data-elementor-post-type=\"page\">\n\t\t\t\t<div class=\"elementor-element elementor-element-1d362b3 e-grid e-con-boxed e-con e-parent\" data-id=\"1d362b3\" data-element_type=\"container\" data-e-type=\"container\">\n\t\t\t\t\t<div class=\"e-con-inner\">\n\t\t<div class=\"elementor-element elementor-element-decc982 e-con-full e-flex e-con e-child\" data-id=\"decc982\" data-element_type=\"container\" data-e-type=\"container\">\n\t\t\t\t<div class=\"elementor-element elementor-element-eb5f42e elementor-widget elementor-widget-image\" data-id=\"eb5f42e\" data-element_type=\"widget\" data-e-type=\"widget\" data-widget_type=\"image.default\">\n\t\t\t\t<div class=\"elementor-widget-container\">\n\t\t\t\t\t\t\t\t\t\t\t\t\t\t\t<img fetchpriority=\"high\" decoding=\"async\" width=\"625\" height=\"846\" src=\"https:\/\/pzlegal.ch\/wp-content\/uploads\/2025\/07\/claudio_serratore_profilo.jpg\" class=\"attachment-large size-large wp-image-3305\" alt=\"\" srcset=\"https:\/\/pzlegal.ch\/wp-content\/uploads\/2025\/07\/claudio_serratore_profilo.jpg 625w, https:\/\/pzlegal.ch\/wp-content\/uploads\/2025\/07\/claudio_serratore_profilo-222x300.jpg 222w\" sizes=\"(max-width: 625px) 100vw, 625px\" \/>\t\t\t\t\t\t\t\t\t\t\t\t\t\t\t<\/div>\n\t\t\t\t<\/div>\n\t\t\t\t<\/div>\n\t\t<div class=\"elementor-element elementor-element-9eb5bf2 e-con-full e-flex e-con e-child\" data-id=\"9eb5bf2\" data-element_type=\"container\" data-e-type=\"container\">\n\t\t\t\t<div class=\"elementor-element elementor-element-3d0dae6 elementor-widget elementor-widget-heading\" data-id=\"3d0dae6\" data-element_type=\"widget\" data-e-type=\"widget\" data-widget_type=\"heading.default\">\n\t\t\t\t<div class=\"elementor-widget-container\">\n\t\t\t\t\t<h2 class=\"elementor-heading-title elementor-size-default\">Claudio Serratore<\/h2>\t\t\t\t<\/div>\n\t\t\t\t<\/div>\n\t\t\t\t<div class=\"elementor-element elementor-element-1037424 elementor-widget elementor-widget-text-editor\" data-id=\"1037424\" data-element_type=\"widget\" data-e-type=\"widget\" data-widget_type=\"text-editor.default\">\n\t\t\t\t<div class=\"elementor-widget-container\">\n\t\t\t\t\t\t\t\t\t<p><strong><span style=\"color: #2c78c3;\">T\u00e4tigkeitsschwerpunkte:<br \/><\/span><\/strong>Beratung im schweizerischen Gesellschafts-, Vertrags- und Steuerrecht, mit Erfahrung im Verwaltungs- und Strafrecht.<\/p>\t\t\t\t\t\t\t\t<\/div>\n\t\t\t\t<\/div>\n\t\t\t\t<div class=\"elementor-element elementor-element-77d713c elementor-widget elementor-widget-text-editor\" data-id=\"77d713c\" data-element_type=\"widget\" data-e-type=\"widget\" data-widget_type=\"text-editor.default\">\n\t\t\t\t<div class=\"elementor-widget-container\">\n\t\t\t\t\t\t\t\t\t<p><strong><span style=\"color: #2c78c3;\">Sprachen:<br \/><\/span><\/strong>Italienisch, Deutsch, Englisch, Franz\u00f6sisch<\/p>\t\t\t\t\t\t\t\t<\/div>\n\t\t\t\t<\/div>\n\t\t\t\t<div class=\"elementor-element elementor-element-4e5c5d8 elementor-widget elementor-widget-text-editor\" data-id=\"4e5c5d8\" data-element_type=\"widget\" data-e-type=\"widget\" data-widget_type=\"text-editor.default\">\n\t\t\t\t<div class=\"elementor-widget-container\">\n\t\t\t\t\t\t\t\t\t<p><strong><span style=\"color: #2c78c3;\">Kontakt:<\/span><br \/><\/strong>Tel. : +41 91 973 15 74<\/p>\t\t\t\t\t\t\t\t<\/div>\n\t\t\t\t<\/div>\n\t\t\t\t<div class=\"elementor-element elementor-element-f1ce390 elementor-widget elementor-widget-image\" data-id=\"f1ce390\" data-element_type=\"widget\" data-e-type=\"widget\" data-widget_type=\"image.default\">\n\t\t\t\t<div class=\"elementor-widget-container\">\n\t\t\t\t\t\t\t\t\t\t\t\t\t\t\t\t<a href=\"https:\/\/ch.linkedin.com\/in\/serratore?original_referer=https%3A%2F%2Fwww.google.com%2F\" target=\"_blank\">\n\t\t\t\t\t\t\t<img decoding=\"async\" width=\"53\" height=\"53\" src=\"https:\/\/pzlegal.ch\/wp-content\/uploads\/2025\/04\/linkedin.jpg\" class=\"attachment-full size-full wp-image-3106\" alt=\"\" \/>\t\t\t\t\t\t\t\t<\/a>\n\t\t\t\t\t\t\t\t\t\t\t\t\t\t\t<\/div>\n\t\t\t\t<\/div>\n\t\t\t\t<div class=\"elementor-element elementor-element-6217df4 elementor-widget elementor-widget-text-editor\" data-id=\"6217df4\" data-element_type=\"widget\" data-e-type=\"widget\" data-widget_type=\"text-editor.default\">\n\t\t\t\t<div class=\"elementor-widget-container\">\n\t\t\t\t\t\t\t\t\t<p>Claudio Serratore ist als Rechtsanwalt in der Kanzlei t\u00e4tig. Seine Hauptaufgabe liegt in der rechtlichen Beratung und Betreuung im Bereich des schweizerischen Rechts.<\/p><p>Claudio verf\u00fcgt \u00fcber fundierte theoretische Kenntnisse des schweizerischen Rechts, die er an der Universit\u00e4t Z\u00fcrich erworben hat, wo er den Bachelor- sowie den Masterabschluss in Rechtswissenschaften mit dem Pr\u00e4dikat <em>magna cum laude<\/em> erlangte. W\u00e4hrend seines Masterstudiums vertiefte Claudio insbesondere seine Kenntnisse im Handels- und Vertragsrecht und besch\u00e4ftigte sich eingehend mit Themen wie Unternehmenssteuerrecht, Privatversicherungsrecht sowie Kapitalmarktrecht.<\/p>\t\t\t\t\t\t\t\t<\/div>\n\t\t\t\t<\/div>\n\t\t\t\t<\/div>\n\t\t\t\t\t<\/div>\n\t\t\t\t<\/div>\n\t\t<div class=\"elementor-element elementor-element-b80e6b7 e-flex e-con-boxed e-con e-parent\" data-id=\"b80e6b7\" data-element_type=\"container\" data-e-type=\"container\">\n\t\t\t\t\t<div class=\"e-con-inner\">\n\t\t\t\t<div class=\"elementor-element elementor-element-537cbff elementor-widget elementor-widget-text-editor\" data-id=\"537cbff\" data-element_type=\"widget\" data-e-type=\"widget\" data-widget_type=\"text-editor.default\">\n\t\t\t\t<div class=\"elementor-widget-container\">\n\t\t\t\t\t\t\t\t\t<p>Im Anschluss sammelte Claudio bedeutende Erfahrungen in der Prozessf\u00fchrung im Zivilrecht w\u00e4hrend seines Praktikums bei einer renommierten Kanzlei im Raum Lugano. Zudem absolvierte er ein Gerichtspraktikum bei der Steuerrechtlichen Abteilung des Appellationsgerichts in Lugano. Claudio erwarb das Anwaltspatent im Juni 2025 und trat im selben Jahr in die Kanzlei Pedrazzini Zanazza &amp; Associati SA ein.<\/p>\t\t\t\t\t\t\t\t<\/div>\n\t\t\t\t<\/div>\n\t\t\t\t\t<\/div>\n\t\t\t\t<\/div>\n\t\t\t\t<\/div>\n\t\t","protected":false},"excerpt":{"rendered":"<p>Claudio Serratore T\u00e4tigkeitsschwerpunkte:Beratung im schweizerischen Gesellschafts-, Vertrags- und Steuerrecht, mit Erfahrung im Verwaltungs- und Strafrecht. Sprachen:Italienisch, Deutsch, Englisch, Franz\u00f6sisch Kontakt:Tel. : +41 91 973 15 74 Claudio Serratore ist als Rechtsanwalt in der Kanzlei t\u00e4tig. Seine Hauptaufgabe liegt in der rechtlichen Beratung und Betreuung im Bereich des schweizerischen Rechts. Claudio verf\u00fcgt \u00fcber fundierte theoretische Kenntnisse [&hellip;]<\/p>\n","protected":false},"author":1,"featured_media":0,"parent":4132,"menu_order":4,"comment_status":"closed","ping_status":"closed","template":"","meta":{"footnotes":""},"class_list":["post-4142","page","type-page","status-publish","hentry"],"yoast_head":"<!-- This site is optimized with the Yoast SEO plugin v27.2 - https:\/\/yoast.com\/product\/yoast-seo-wordpress\/ -->\n<title>Claudio Serratore - Studio Legale Pedrazzini Zanazza &amp; Associati SA<\/title>\n<meta name=\"robots\" content=\"index, follow, max-snippet:-1, max-image-preview:large, max-video-preview:-1\" \/>\n<link rel=\"canonical\" href=\"https:\/\/pzlegal.ch\/de\/uber-uns\/claudio-serratore\/\" \/>\n<meta property=\"og:locale\" content=\"de_DE\" \/>\n<meta property=\"og:type\" content=\"article\" \/>\n<meta property=\"og:title\" content=\"Claudio Serratore - Studio Legale Pedrazzini Zanazza &amp; Associati SA\" \/>\n<meta property=\"og:description\" content=\"Claudio Serratore T\u00e4tigkeitsschwerpunkte:Beratung im schweizerischen Gesellschafts-, Vertrags- und Steuerrecht, mit Erfahrung im Verwaltungs- und Strafrecht. Sprachen:Italienisch, Deutsch, Englisch, Franz\u00f6sisch Kontakt:Tel. : +41 91 973 15 74 Claudio Serratore ist als Rechtsanwalt in der Kanzlei t\u00e4tig. Seine Hauptaufgabe liegt in der rechtlichen Beratung und Betreuung im Bereich des schweizerischen Rechts. Claudio verf\u00fcgt \u00fcber fundierte theoretische Kenntnisse [&hellip;]\" \/>\n<meta property=\"og:url\" content=\"https:\/\/pzlegal.ch\/de\/uber-uns\/claudio-serratore\/\" \/>\n<meta property=\"og:site_name\" content=\"Studio Legale Pedrazzini Zanazza &amp; Associati SA\" \/>\n<meta property=\"article:modified_time\" content=\"2025-09-25T13:49:22+00:00\" \/>\n<meta property=\"og:image\" content=\"https:\/\/pzlegal.ch\/wp-content\/uploads\/2025\/07\/claudio_serratore_profilo.jpg\" \/>\n\t<meta property=\"og:image:width\" content=\"625\" \/>\n\t<meta property=\"og:image:height\" content=\"846\" \/>\n\t<meta property=\"og:image:type\" content=\"image\/jpeg\" \/>\n<meta name=\"twitter:card\" content=\"summary_large_image\" \/>\n<meta name=\"twitter:label1\" content=\"Est. reading time\" \/>\n\t<meta name=\"twitter:data1\" content=\"2 minutes\" \/>\n<script type=\"application\/ld+json\" class=\"yoast-schema-graph\">{\"@context\":\"https:\/\/schema.org\",\"@graph\":[{\"@type\":\"WebPage\",\"@id\":\"https:\/\/pzlegal.ch\/de\/uber-uns\/claudio-serratore\/\",\"url\":\"https:\/\/pzlegal.ch\/de\/uber-uns\/claudio-serratore\/\",\"name\":\"Claudio Serratore - Studio Legale Pedrazzini Zanazza &amp; Associati SA\",\"isPartOf\":{\"@id\":\"https:\/\/pzlegal.ch\/#website\"},\"primaryImageOfPage\":{\"@id\":\"https:\/\/pzlegal.ch\/de\/uber-uns\/claudio-serratore\/#primaryimage\"},\"image\":{\"@id\":\"https:\/\/pzlegal.ch\/de\/uber-uns\/claudio-serratore\/#primaryimage\"},\"thumbnailUrl\":\"https:\/\/pzlegal.ch\/wp-content\/uploads\/2025\/07\/claudio_serratore_profilo.jpg\",\"datePublished\":\"2025-05-06T15:12:48+00:00\",\"dateModified\":\"2025-09-25T13:49:22+00:00\",\"breadcrumb\":{\"@id\":\"https:\/\/pzlegal.ch\/de\/uber-uns\/claudio-serratore\/#breadcrumb\"},\"inLanguage\":\"de-DE\",\"potentialAction\":[{\"@type\":\"ReadAction\",\"target\":[\"https:\/\/pzlegal.ch\/de\/uber-uns\/claudio-serratore\/\"]}]},{\"@type\":\"ImageObject\",\"inLanguage\":\"de-DE\",\"@id\":\"https:\/\/pzlegal.ch\/de\/uber-uns\/claudio-serratore\/#primaryimage\",\"url\":\"https:\/\/pzlegal.ch\/wp-content\/uploads\/2025\/07\/claudio_serratore_profilo.jpg\",\"contentUrl\":\"https:\/\/pzlegal.ch\/wp-content\/uploads\/2025\/07\/claudio_serratore_profilo.jpg\"},{\"@type\":\"BreadcrumbList\",\"@id\":\"https:\/\/pzlegal.ch\/de\/uber-uns\/claudio-serratore\/#breadcrumb\",\"itemListElement\":[{\"@type\":\"ListItem\",\"position\":1,\"name\":\"Home\",\"item\":\"https:\/\/pzlegal.ch\/de\/\"},{\"@type\":\"ListItem\",\"position\":2,\"name\":\"\u00dcber uns\",\"item\":\"https:\/\/pzlegal.ch\/de\/uber-uns\/\"},{\"@type\":\"ListItem\",\"position\":3,\"name\":\"Claudio Serratore\"}]},{\"@type\":\"WebSite\",\"@id\":\"https:\/\/pzlegal.ch\/#website\",\"url\":\"https:\/\/pzlegal.ch\/\",\"name\":\"Studio Legale Pedrazzini Zanazza &amp; Associati SA\",\"description\":\"\",\"publisher\":{\"@id\":\"https:\/\/pzlegal.ch\/#organization\"},\"potentialAction\":[{\"@type\":\"SearchAction\",\"target\":{\"@type\":\"EntryPoint\",\"urlTemplate\":\"https:\/\/pzlegal.ch\/?s={search_term_string}\"},\"query-input\":{\"@type\":\"PropertyValueSpecification\",\"valueRequired\":true,\"valueName\":\"search_term_string\"}}],\"inLanguage\":\"de-DE\"},{\"@type\":\"Organization\",\"@id\":\"https:\/\/pzlegal.ch\/#organization\",\"name\":\"Studio Legale Pedrazzini Zanazza &amp; Associati SA\",\"url\":\"https:\/\/pzlegal.ch\/\",\"logo\":{\"@type\":\"ImageObject\",\"inLanguage\":\"de-DE\",\"@id\":\"https:\/\/pzlegal.ch\/#\/schema\/logo\/image\/\",\"url\":\"https:\/\/pzlegal.ch\/wp-content\/uploads\/2025\/03\/studio_legale_pedranzini_zanazza.jpg\",\"contentUrl\":\"https:\/\/pzlegal.ch\/wp-content\/uploads\/2025\/03\/studio_legale_pedranzini_zanazza.jpg\",\"width\":398,\"height\":74,\"caption\":\"Studio Legale Pedrazzini Zanazza &amp; Associati SA\"},\"image\":{\"@id\":\"https:\/\/pzlegal.ch\/#\/schema\/logo\/image\/\"}}]}<\/script>\n<!-- \/ Yoast SEO plugin. -->","yoast_head_json":{"title":"Claudio Serratore - Studio Legale Pedrazzini Zanazza &amp; Associati SA","robots":{"index":"index","follow":"follow","max-snippet":"max-snippet:-1","max-image-preview":"max-image-preview:large","max-video-preview":"max-video-preview:-1"},"canonical":"https:\/\/pzlegal.ch\/de\/uber-uns\/claudio-serratore\/","og_locale":"de_DE","og_type":"article","og_title":"Claudio Serratore - Studio Legale Pedrazzini Zanazza &amp; Associati SA","og_description":"Claudio Serratore T\u00e4tigkeitsschwerpunkte:Beratung im schweizerischen Gesellschafts-, Vertrags- und Steuerrecht, mit Erfahrung im Verwaltungs- und Strafrecht. Sprachen:Italienisch, Deutsch, Englisch, Franz\u00f6sisch Kontakt:Tel. : +41 91 973 15 74 Claudio Serratore ist als Rechtsanwalt in der Kanzlei t\u00e4tig. Seine Hauptaufgabe liegt in der rechtlichen Beratung und Betreuung im Bereich des schweizerischen Rechts. Claudio verf\u00fcgt \u00fcber fundierte theoretische Kenntnisse [&hellip;]","og_url":"https:\/\/pzlegal.ch\/de\/uber-uns\/claudio-serratore\/","og_site_name":"Studio Legale Pedrazzini Zanazza &amp; Associati SA","article_modified_time":"2025-09-25T13:49:22+00:00","og_image":[{"width":625,"height":846,"url":"https:\/\/pzlegal.ch\/wp-content\/uploads\/2025\/07\/claudio_serratore_profilo.jpg","type":"image\/jpeg"}],"twitter_card":"summary_large_image","twitter_misc":{"Est. reading time":"2 minutes"},"schema":{"@context":"https:\/\/schema.org","@graph":[{"@type":"WebPage","@id":"https:\/\/pzlegal.ch\/de\/uber-uns\/claudio-serratore\/","url":"https:\/\/pzlegal.ch\/de\/uber-uns\/claudio-serratore\/","name":"Claudio Serratore - Studio Legale Pedrazzini Zanazza &amp; Associati SA","isPartOf":{"@id":"https:\/\/pzlegal.ch\/#website"},"primaryImageOfPage":{"@id":"https:\/\/pzlegal.ch\/de\/uber-uns\/claudio-serratore\/#primaryimage"},"image":{"@id":"https:\/\/pzlegal.ch\/de\/uber-uns\/claudio-serratore\/#primaryimage"},"thumbnailUrl":"https:\/\/pzlegal.ch\/wp-content\/uploads\/2025\/07\/claudio_serratore_profilo.jpg","datePublished":"2025-05-06T15:12:48+00:00","dateModified":"2025-09-25T13:49:22+00:00","breadcrumb":{"@id":"https:\/\/pzlegal.ch\/de\/uber-uns\/claudio-serratore\/#breadcrumb"},"inLanguage":"de-DE","potentialAction":[{"@type":"ReadAction","target":["https:\/\/pzlegal.ch\/de\/uber-uns\/claudio-serratore\/"]}]},{"@type":"ImageObject","inLanguage":"de-DE","@id":"https:\/\/pzlegal.ch\/de\/uber-uns\/claudio-serratore\/#primaryimage","url":"https:\/\/pzlegal.ch\/wp-content\/uploads\/2025\/07\/claudio_serratore_profilo.jpg","contentUrl":"https:\/\/pzlegal.ch\/wp-content\/uploads\/2025\/07\/claudio_serratore_profilo.jpg"},{"@type":"BreadcrumbList","@id":"https:\/\/pzlegal.ch\/de\/uber-uns\/claudio-serratore\/#breadcrumb","itemListElement":[{"@type":"ListItem","position":1,"name":"Home","item":"https:\/\/pzlegal.ch\/de\/"},{"@type":"ListItem","position":2,"name":"\u00dcber uns","item":"https:\/\/pzlegal.ch\/de\/uber-uns\/"},{"@type":"ListItem","position":3,"name":"Claudio Serratore"}]},{"@type":"WebSite","@id":"https:\/\/pzlegal.ch\/#website","url":"https:\/\/pzlegal.ch\/","name":"Studio Legale Pedrazzini Zanazza &amp; Associati SA","description":"","publisher":{"@id":"https:\/\/pzlegal.ch\/#organization"},"potentialAction":[{"@type":"SearchAction","target":{"@type":"EntryPoint","urlTemplate":"https:\/\/pzlegal.ch\/?s={search_term_string}"},"query-input":{"@type":"PropertyValueSpecification","valueRequired":true,"valueName":"search_term_string"}}],"inLanguage":"de-DE"},{"@type":"Organization","@id":"https:\/\/pzlegal.ch\/#organization","name":"Studio Legale Pedrazzini Zanazza &amp; Associati SA","url":"https:\/\/pzlegal.ch\/","logo":{"@type":"ImageObject","inLanguage":"de-DE","@id":"https:\/\/pzlegal.ch\/#\/schema\/logo\/image\/","url":"https:\/\/pzlegal.ch\/wp-content\/uploads\/2025\/03\/studio_legale_pedranzini_zanazza.jpg","contentUrl":"https:\/\/pzlegal.ch\/wp-content\/uploads\/2025\/03\/studio_legale_pedranzini_zanazza.jpg","width":398,"height":74,"caption":"Studio Legale Pedrazzini Zanazza &amp; Associati SA"},"image":{"@id":"https:\/\/pzlegal.ch\/#\/schema\/logo\/image\/"}}]}},"_links":{"self":[{"href":"https:\/\/pzlegal.ch\/de\/wp-json\/wp\/v2\/pages\/4142","targetHints":{"allow":["GET"]}}],"collection":[{"href":"https:\/\/pzlegal.ch\/de\/wp-json\/wp\/v2\/pages"}],"about":[{"href":"https:\/\/pzlegal.ch\/de\/wp-json\/wp\/v2\/types\/page"}],"author":[{"embeddable":true,"href":"https:\/\/pzlegal.ch\/de\/wp-json\/wp\/v2\/users\/1"}],"replies":[{"embeddable":true,"href":"https:\/\/pzlegal.ch\/de\/wp-json\/wp\/v2\/comments?post=4142"}],"version-history":[{"count":10,"href":"https:\/\/pzlegal.ch\/de\/wp-json\/wp\/v2\/pages\/4142\/revisions"}],"predecessor-version":[{"id":4219,"href":"https:\/\/pzlegal.ch\/de\/wp-json\/wp\/v2\/pages\/4142\/revisions\/4219"}],"up":[{"embeddable":true,"href":"https:\/\/pzlegal.ch\/de\/wp-json\/wp\/v2\/pages\/4132"}],"wp:attachment":[{"href":"https:\/\/pzlegal.ch\/de\/wp-json\/wp\/v2\/media?parent=4142"}],"curies":[{"name":"wp","href":"https:\/\/api.w.org\/{rel}","templated":true}]}}