{"id":4144,"date":"2025-09-18T14:57:37","date_gmt":"2025-09-18T14:57:37","guid":{"rendered":"https:\/\/pzlegal.ch\/?page_id=4144"},"modified":"2025-10-02T14:37:02","modified_gmt":"2025-10-02T14:37:02","slug":"tito-tettamanti","status":"publish","type":"page","link":"https:\/\/pzlegal.ch\/de\/uber-uns\/tito-tettamanti\/","title":{"rendered":"Tito Tettamanti"},"content":{"rendered":"\t\t<div data-elementor-type=\"wp-page\" data-elementor-id=\"4144\" class=\"elementor elementor-4144 elementor-3970\" data-elementor-post-type=\"page\">\n\t\t\t\t<div class=\"elementor-element elementor-element-55b44c1 e-grid e-con-boxed e-con e-parent\" data-id=\"55b44c1\" data-element_type=\"container\" data-e-type=\"container\">\n\t\t\t\t\t<div class=\"e-con-inner\">\n\t\t<div class=\"elementor-element elementor-element-25bccbc e-con-full e-flex e-con e-child\" data-id=\"25bccbc\" data-element_type=\"container\" data-e-type=\"container\">\n\t\t\t\t<div class=\"elementor-element elementor-element-5e85df1 elementor-widget elementor-widget-image\" data-id=\"5e85df1\" data-element_type=\"widget\" data-e-type=\"widget\" data-widget_type=\"image.default\">\n\t\t\t\t<div class=\"elementor-widget-container\">\n\t\t\t\t\t\t\t\t\t\t\t\t\t\t\t<img fetchpriority=\"high\" decoding=\"async\" width=\"625\" height=\"846\" src=\"https:\/\/pzlegal.ch\/wp-content\/uploads\/2025\/10\/tito_tettamanti_profilo_02.jpg\" class=\"attachment-large size-large wp-image-4317\" alt=\"\" srcset=\"https:\/\/pzlegal.ch\/wp-content\/uploads\/2025\/10\/tito_tettamanti_profilo_02.jpg 625w, https:\/\/pzlegal.ch\/wp-content\/uploads\/2025\/10\/tito_tettamanti_profilo_02-222x300.jpg 222w\" sizes=\"(max-width: 625px) 100vw, 625px\" \/>\t\t\t\t\t\t\t\t\t\t\t\t\t\t\t<\/div>\n\t\t\t\t<\/div>\n\t\t\t\t<\/div>\n\t\t<div class=\"elementor-element elementor-element-3d9168f e-con-full e-flex e-con e-child\" data-id=\"3d9168f\" data-element_type=\"container\" data-e-type=\"container\">\n\t\t\t\t<div class=\"elementor-element elementor-element-b0015dd elementor-widget elementor-widget-heading\" data-id=\"b0015dd\" data-element_type=\"widget\" data-e-type=\"widget\" data-widget_type=\"heading.default\">\n\t\t\t\t<div class=\"elementor-widget-container\">\n\t\t\t\t\t<h2 class=\"elementor-heading-title elementor-size-default\">Tito Tettamanti<\/h2>\t\t\t\t<\/div>\n\t\t\t\t<\/div>\n\t\t\t\t<div class=\"elementor-element elementor-element-2bb2d40 elementor-widget elementor-widget-text-editor\" data-id=\"2bb2d40\" data-element_type=\"widget\" data-e-type=\"widget\" data-widget_type=\"text-editor.default\">\n\t\t\t\t<div class=\"elementor-widget-container\">\n\t\t\t\t\t\t\t\t\t<p><strong><span style=\"color: #2c78c3;\">Sprachen:<br \/><\/span><\/strong>Italienisch, Deutsch, Franz\u00f6sisch, Englisch<\/p>\t\t\t\t\t\t\t\t<\/div>\n\t\t\t\t<\/div>\n\t\t\t\t<div class=\"elementor-element elementor-element-30c8f39 elementor-widget elementor-widget-text-editor\" data-id=\"30c8f39\" data-element_type=\"widget\" data-e-type=\"widget\" data-widget_type=\"text-editor.default\">\n\t\t\t\t<div class=\"elementor-widget-container\">\n\t\t\t\t\t\t\t\t\t<p><strong><span style=\"color: #2c78c3;\">Kontakt:<br \/><\/span><\/strong>E-mail: <a href=\"mailto:info@pzlegal.ch\">info@pzlegal.ch<\/a><\/p>\t\t\t\t\t\t\t\t<\/div>\n\t\t\t\t<\/div>\n\t\t\t\t<div class=\"elementor-element elementor-element-0d5c3a1 elementor-widget elementor-widget-text-editor\" data-id=\"0d5c3a1\" data-element_type=\"widget\" data-e-type=\"widget\" data-widget_type=\"text-editor.default\">\n\t\t\t\t<div class=\"elementor-widget-container\">\n\t\t\t\t\t\t\t\t\t<p>Nach dem Jurastudium an der Universit\u00e4t Bern, das er 1953 im Alter von nur 23 Jahren abschloss, begann Tito Tettamanti seine juristische Laufbahn und erhielt 1955 das Anwaltspatent. Heute ist er als <em>Of Counsel<\/em> in unserer Kanzlei t\u00e4tig.<\/p><p>\u00a0<\/p><p>Er spricht fliessend Italienisch, Deutsch, Franz\u00f6sisch und Englisch.<\/p><p>\u00a0<\/p><p>1959 gr\u00fcndete er die Anwalts- und Notariatskanzlei Tettamanti-Spiess-Dotta und im darauffolgenden Jahr die Treuhandgesellschaft Fidinam SA, die urspr\u00fcnglich zur Unterst\u00fctzung der Kanzlei ins Leben gerufen wurde und sich sp\u00e4ter zu einer der bedeutendsten Treuhandgesellschaften der Schweiz entwickelte. Er war 25 Jahre lang deren Gesch\u00e4ftsf\u00fchrer und ist heute Ehrenpr\u00e4sident.<\/p>\t\t\t\t\t\t\t\t<\/div>\n\t\t\t\t<\/div>\n\t\t\t\t<\/div>\n\t\t\t\t\t<\/div>\n\t\t\t\t<\/div>\n\t\t<div class=\"elementor-element elementor-element-5349b6c e-flex e-con-boxed e-con e-parent\" data-id=\"5349b6c\" data-element_type=\"container\" data-e-type=\"container\">\n\t\t\t\t\t<div class=\"e-con-inner\">\n\t\t\t\t<div class=\"elementor-element elementor-element-0abfc1f elementor-widget elementor-widget-text-editor\" data-id=\"0abfc1f\" data-element_type=\"widget\" data-e-type=\"widget\" data-widget_type=\"text-editor.default\">\n\t\t\t\t<div class=\"elementor-widget-container\">\n\t\t\t\t\t\t\t\t\t<p>Dar\u00fcber hinaus bekleidete er das Amt des Pr\u00e4sidenten \u2014 und sp\u00e4ter Ehrenpr\u00e4sidenten \u2014 von Sterling Strategic Value Limited, die 2017 in Sterling Strategic Value Fund S.A. umgewandelt wurde, einem luxemburgischen Fonds, bei dem er bis heute das Amt des Ehrenpr\u00e4sidenten innehat.<\/p><p>\u00a0<\/p><p>Er tritt h\u00e4ufig bei Konferenzen sowie in \u00f6ffentlichen, Fernseh- und Radiosendungen auf. Als leidenschaftlicher und gr\u00fcndlicher Beobachter der internationalen politischen, kulturellen und wirtschaftlichen Entwicklungen ist er Autor zahlreicher Publikationen und schreibt regelm\u00e4ssig als Kolumnist f\u00fcr Corriere del Ticino und Die Zeit, wobei er sich insbesondere mit wirtschafts- und gesellschaftspolitischen Themen auseinandersetzt.<\/p>\t\t\t\t\t\t\t\t<\/div>\n\t\t\t\t<\/div>\n\t\t\t\t\t<\/div>\n\t\t\t\t<\/div>\n\t\t\t\t<\/div>\n\t\t","protected":false},"excerpt":{"rendered":"<p>Tito Tettamanti Sprachen:Italienisch, Deutsch, Franz\u00f6sisch, Englisch Kontakt:E-mail: info@pzlegal.ch Nach dem Jurastudium an der Universit\u00e4t Bern, das er 1953 im Alter von nur 23 Jahren abschloss, begann Tito Tettamanti seine juristische Laufbahn und erhielt 1955 das Anwaltspatent. Heute ist er als Of Counsel in unserer Kanzlei t\u00e4tig. \u00a0 Er spricht fliessend Italienisch, Deutsch, Franz\u00f6sisch und Englisch. [&hellip;]<\/p>\n","protected":false},"author":1,"featured_media":0,"parent":4132,"menu_order":6,"comment_status":"closed","ping_status":"closed","template":"","meta":{"footnotes":""},"class_list":["post-4144","page","type-page","status-publish","hentry"],"yoast_head":"<!-- This site is optimized with the Yoast SEO plugin v27.2 - https:\/\/yoast.com\/product\/yoast-seo-wordpress\/ -->\n<title>Tito Tettamanti - Studio Legale Pedrazzini Zanazza &amp; Associati SA<\/title>\n<meta name=\"robots\" content=\"index, follow, max-snippet:-1, max-image-preview:large, max-video-preview:-1\" \/>\n<link rel=\"canonical\" href=\"https:\/\/pzlegal.ch\/de\/uber-uns\/tito-tettamanti\/\" \/>\n<meta property=\"og:locale\" content=\"de_DE\" \/>\n<meta property=\"og:type\" content=\"article\" \/>\n<meta property=\"og:title\" content=\"Tito Tettamanti - Studio Legale Pedrazzini Zanazza &amp; Associati SA\" \/>\n<meta property=\"og:description\" content=\"Tito Tettamanti Sprachen:Italienisch, Deutsch, Franz\u00f6sisch, Englisch Kontakt:E-mail: info@pzlegal.ch Nach dem Jurastudium an der Universit\u00e4t Bern, das er 1953 im Alter von nur 23 Jahren abschloss, begann Tito Tettamanti seine juristische Laufbahn und erhielt 1955 das Anwaltspatent. Heute ist er als Of Counsel in unserer Kanzlei t\u00e4tig. \u00a0 Er spricht fliessend Italienisch, Deutsch, Franz\u00f6sisch und Englisch. [&hellip;]\" \/>\n<meta property=\"og:url\" content=\"https:\/\/pzlegal.ch\/de\/uber-uns\/tito-tettamanti\/\" \/>\n<meta property=\"og:site_name\" content=\"Studio Legale Pedrazzini Zanazza &amp; Associati SA\" \/>\n<meta property=\"article:modified_time\" content=\"2025-10-02T14:37:02+00:00\" \/>\n<meta property=\"og:image\" content=\"https:\/\/pzlegal.ch\/wp-content\/uploads\/2025\/10\/tito_tettamanti_profilo_02.jpg\" \/>\n\t<meta property=\"og:image:width\" content=\"625\" \/>\n\t<meta property=\"og:image:height\" content=\"846\" \/>\n\t<meta property=\"og:image:type\" content=\"image\/jpeg\" \/>\n<meta name=\"twitter:card\" content=\"summary_large_image\" \/>\n<meta name=\"twitter:label1\" content=\"Est. reading time\" \/>\n\t<meta name=\"twitter:data1\" content=\"2 minutes\" \/>\n<script type=\"application\/ld+json\" class=\"yoast-schema-graph\">{\"@context\":\"https:\/\/schema.org\",\"@graph\":[{\"@type\":\"WebPage\",\"@id\":\"https:\/\/pzlegal.ch\/de\/uber-uns\/tito-tettamanti\/\",\"url\":\"https:\/\/pzlegal.ch\/de\/uber-uns\/tito-tettamanti\/\",\"name\":\"Tito Tettamanti - Studio Legale Pedrazzini Zanazza &amp; Associati SA\",\"isPartOf\":{\"@id\":\"https:\/\/pzlegal.ch\/#website\"},\"primaryImageOfPage\":{\"@id\":\"https:\/\/pzlegal.ch\/de\/uber-uns\/tito-tettamanti\/#primaryimage\"},\"image\":{\"@id\":\"https:\/\/pzlegal.ch\/de\/uber-uns\/tito-tettamanti\/#primaryimage\"},\"thumbnailUrl\":\"https:\/\/pzlegal.ch\/wp-content\/uploads\/2025\/10\/tito_tettamanti_profilo_02.jpg\",\"datePublished\":\"2025-09-18T14:57:37+00:00\",\"dateModified\":\"2025-10-02T14:37:02+00:00\",\"breadcrumb\":{\"@id\":\"https:\/\/pzlegal.ch\/de\/uber-uns\/tito-tettamanti\/#breadcrumb\"},\"inLanguage\":\"de-DE\",\"potentialAction\":[{\"@type\":\"ReadAction\",\"target\":[\"https:\/\/pzlegal.ch\/de\/uber-uns\/tito-tettamanti\/\"]}]},{\"@type\":\"ImageObject\",\"inLanguage\":\"de-DE\",\"@id\":\"https:\/\/pzlegal.ch\/de\/uber-uns\/tito-tettamanti\/#primaryimage\",\"url\":\"https:\/\/pzlegal.ch\/wp-content\/uploads\/2025\/10\/tito_tettamanti_profilo_02.jpg\",\"contentUrl\":\"https:\/\/pzlegal.ch\/wp-content\/uploads\/2025\/10\/tito_tettamanti_profilo_02.jpg\"},{\"@type\":\"BreadcrumbList\",\"@id\":\"https:\/\/pzlegal.ch\/de\/uber-uns\/tito-tettamanti\/#breadcrumb\",\"itemListElement\":[{\"@type\":\"ListItem\",\"position\":1,\"name\":\"Home\",\"item\":\"https:\/\/pzlegal.ch\/de\/\"},{\"@type\":\"ListItem\",\"position\":2,\"name\":\"\u00dcber uns\",\"item\":\"https:\/\/pzlegal.ch\/de\/uber-uns\/\"},{\"@type\":\"ListItem\",\"position\":3,\"name\":\"Tito Tettamanti\"}]},{\"@type\":\"WebSite\",\"@id\":\"https:\/\/pzlegal.ch\/#website\",\"url\":\"https:\/\/pzlegal.ch\/\",\"name\":\"Studio Legale Pedrazzini Zanazza &amp; Associati SA\",\"description\":\"\",\"publisher\":{\"@id\":\"https:\/\/pzlegal.ch\/#organization\"},\"potentialAction\":[{\"@type\":\"SearchAction\",\"target\":{\"@type\":\"EntryPoint\",\"urlTemplate\":\"https:\/\/pzlegal.ch\/?s={search_term_string}\"},\"query-input\":{\"@type\":\"PropertyValueSpecification\",\"valueRequired\":true,\"valueName\":\"search_term_string\"}}],\"inLanguage\":\"de-DE\"},{\"@type\":\"Organization\",\"@id\":\"https:\/\/pzlegal.ch\/#organization\",\"name\":\"Studio Legale Pedrazzini Zanazza &amp; Associati SA\",\"url\":\"https:\/\/pzlegal.ch\/\",\"logo\":{\"@type\":\"ImageObject\",\"inLanguage\":\"de-DE\",\"@id\":\"https:\/\/pzlegal.ch\/#\/schema\/logo\/image\/\",\"url\":\"https:\/\/pzlegal.ch\/wp-content\/uploads\/2025\/03\/studio_legale_pedranzini_zanazza.jpg\",\"contentUrl\":\"https:\/\/pzlegal.ch\/wp-content\/uploads\/2025\/03\/studio_legale_pedranzini_zanazza.jpg\",\"width\":398,\"height\":74,\"caption\":\"Studio Legale Pedrazzini Zanazza &amp; Associati SA\"},\"image\":{\"@id\":\"https:\/\/pzlegal.ch\/#\/schema\/logo\/image\/\"}}]}<\/script>\n<!-- \/ Yoast SEO plugin. -->","yoast_head_json":{"title":"Tito Tettamanti - Studio Legale Pedrazzini Zanazza &amp; Associati SA","robots":{"index":"index","follow":"follow","max-snippet":"max-snippet:-1","max-image-preview":"max-image-preview:large","max-video-preview":"max-video-preview:-1"},"canonical":"https:\/\/pzlegal.ch\/de\/uber-uns\/tito-tettamanti\/","og_locale":"de_DE","og_type":"article","og_title":"Tito Tettamanti - Studio Legale Pedrazzini Zanazza &amp; Associati SA","og_description":"Tito Tettamanti Sprachen:Italienisch, Deutsch, Franz\u00f6sisch, Englisch Kontakt:E-mail: info@pzlegal.ch Nach dem Jurastudium an der Universit\u00e4t Bern, das er 1953 im Alter von nur 23 Jahren abschloss, begann Tito Tettamanti seine juristische Laufbahn und erhielt 1955 das Anwaltspatent. Heute ist er als Of Counsel in unserer Kanzlei t\u00e4tig. \u00a0 Er spricht fliessend Italienisch, Deutsch, Franz\u00f6sisch und Englisch. [&hellip;]","og_url":"https:\/\/pzlegal.ch\/de\/uber-uns\/tito-tettamanti\/","og_site_name":"Studio Legale Pedrazzini Zanazza &amp; Associati SA","article_modified_time":"2025-10-02T14:37:02+00:00","og_image":[{"width":625,"height":846,"url":"https:\/\/pzlegal.ch\/wp-content\/uploads\/2025\/10\/tito_tettamanti_profilo_02.jpg","type":"image\/jpeg"}],"twitter_card":"summary_large_image","twitter_misc":{"Est. reading time":"2 minutes"},"schema":{"@context":"https:\/\/schema.org","@graph":[{"@type":"WebPage","@id":"https:\/\/pzlegal.ch\/de\/uber-uns\/tito-tettamanti\/","url":"https:\/\/pzlegal.ch\/de\/uber-uns\/tito-tettamanti\/","name":"Tito Tettamanti - Studio Legale Pedrazzini Zanazza &amp; Associati SA","isPartOf":{"@id":"https:\/\/pzlegal.ch\/#website"},"primaryImageOfPage":{"@id":"https:\/\/pzlegal.ch\/de\/uber-uns\/tito-tettamanti\/#primaryimage"},"image":{"@id":"https:\/\/pzlegal.ch\/de\/uber-uns\/tito-tettamanti\/#primaryimage"},"thumbnailUrl":"https:\/\/pzlegal.ch\/wp-content\/uploads\/2025\/10\/tito_tettamanti_profilo_02.jpg","datePublished":"2025-09-18T14:57:37+00:00","dateModified":"2025-10-02T14:37:02+00:00","breadcrumb":{"@id":"https:\/\/pzlegal.ch\/de\/uber-uns\/tito-tettamanti\/#breadcrumb"},"inLanguage":"de-DE","potentialAction":[{"@type":"ReadAction","target":["https:\/\/pzlegal.ch\/de\/uber-uns\/tito-tettamanti\/"]}]},{"@type":"ImageObject","inLanguage":"de-DE","@id":"https:\/\/pzlegal.ch\/de\/uber-uns\/tito-tettamanti\/#primaryimage","url":"https:\/\/pzlegal.ch\/wp-content\/uploads\/2025\/10\/tito_tettamanti_profilo_02.jpg","contentUrl":"https:\/\/pzlegal.ch\/wp-content\/uploads\/2025\/10\/tito_tettamanti_profilo_02.jpg"},{"@type":"BreadcrumbList","@id":"https:\/\/pzlegal.ch\/de\/uber-uns\/tito-tettamanti\/#breadcrumb","itemListElement":[{"@type":"ListItem","position":1,"name":"Home","item":"https:\/\/pzlegal.ch\/de\/"},{"@type":"ListItem","position":2,"name":"\u00dcber uns","item":"https:\/\/pzlegal.ch\/de\/uber-uns\/"},{"@type":"ListItem","position":3,"name":"Tito Tettamanti"}]},{"@type":"WebSite","@id":"https:\/\/pzlegal.ch\/#website","url":"https:\/\/pzlegal.ch\/","name":"Studio Legale Pedrazzini Zanazza &amp; Associati SA","description":"","publisher":{"@id":"https:\/\/pzlegal.ch\/#organization"},"potentialAction":[{"@type":"SearchAction","target":{"@type":"EntryPoint","urlTemplate":"https:\/\/pzlegal.ch\/?s={search_term_string}"},"query-input":{"@type":"PropertyValueSpecification","valueRequired":true,"valueName":"search_term_string"}}],"inLanguage":"de-DE"},{"@type":"Organization","@id":"https:\/\/pzlegal.ch\/#organization","name":"Studio Legale Pedrazzini Zanazza &amp; Associati SA","url":"https:\/\/pzlegal.ch\/","logo":{"@type":"ImageObject","inLanguage":"de-DE","@id":"https:\/\/pzlegal.ch\/#\/schema\/logo\/image\/","url":"https:\/\/pzlegal.ch\/wp-content\/uploads\/2025\/03\/studio_legale_pedranzini_zanazza.jpg","contentUrl":"https:\/\/pzlegal.ch\/wp-content\/uploads\/2025\/03\/studio_legale_pedranzini_zanazza.jpg","width":398,"height":74,"caption":"Studio Legale Pedrazzini Zanazza &amp; Associati SA"},"image":{"@id":"https:\/\/pzlegal.ch\/#\/schema\/logo\/image\/"}}]}},"_links":{"self":[{"href":"https:\/\/pzlegal.ch\/de\/wp-json\/wp\/v2\/pages\/4144","targetHints":{"allow":["GET"]}}],"collection":[{"href":"https:\/\/pzlegal.ch\/de\/wp-json\/wp\/v2\/pages"}],"about":[{"href":"https:\/\/pzlegal.ch\/de\/wp-json\/wp\/v2\/types\/page"}],"author":[{"embeddable":true,"href":"https:\/\/pzlegal.ch\/de\/wp-json\/wp\/v2\/users\/1"}],"replies":[{"embeddable":true,"href":"https:\/\/pzlegal.ch\/de\/wp-json\/wp\/v2\/comments?post=4144"}],"version-history":[{"count":13,"href":"https:\/\/pzlegal.ch\/de\/wp-json\/wp\/v2\/pages\/4144\/revisions"}],"predecessor-version":[{"id":4332,"href":"https:\/\/pzlegal.ch\/de\/wp-json\/wp\/v2\/pages\/4144\/revisions\/4332"}],"up":[{"embeddable":true,"href":"https:\/\/pzlegal.ch\/de\/wp-json\/wp\/v2\/pages\/4132"}],"wp:attachment":[{"href":"https:\/\/pzlegal.ch\/de\/wp-json\/wp\/v2\/media?parent=4144"}],"curies":[{"name":"wp","href":"https:\/\/api.w.org\/{rel}","templated":true}]}}