{"id":4146,"date":"2025-09-18T15:01:29","date_gmt":"2025-09-18T15:01:29","guid":{"rendered":"https:\/\/pzlegal.ch\/?page_id=4146"},"modified":"2026-03-02T15:11:41","modified_gmt":"2026-03-02T15:11:41","slug":"giangiorgio-spiess","status":"publish","type":"page","link":"https:\/\/pzlegal.ch\/de\/uber-uns\/giangiorgio-spiess\/","title":{"rendered":"Giangiorgio Spiess"},"content":{"rendered":"\t\t<div data-elementor-type=\"wp-page\" data-elementor-id=\"4146\" class=\"elementor elementor-4146 elementor-3972\" data-elementor-post-type=\"page\">\n\t\t\t\t<div class=\"elementor-element elementor-element-34c9419 e-grid e-con-boxed e-con e-parent\" data-id=\"34c9419\" data-element_type=\"container\" data-e-type=\"container\">\n\t\t\t\t\t<div class=\"e-con-inner\">\n\t\t<div class=\"elementor-element elementor-element-72115d0 e-con-full e-flex e-con e-child\" data-id=\"72115d0\" data-element_type=\"container\" data-e-type=\"container\">\n\t\t\t\t<div class=\"elementor-element elementor-element-fe08ac8 elementor-widget elementor-widget-image\" data-id=\"fe08ac8\" data-element_type=\"widget\" data-e-type=\"widget\" data-widget_type=\"image.default\">\n\t\t\t\t<div class=\"elementor-widget-container\">\n\t\t\t\t\t\t\t\t\t\t\t\t\t\t\t<img fetchpriority=\"high\" decoding=\"async\" width=\"625\" height=\"846\" src=\"https:\/\/pzlegal.ch\/wp-content\/uploads\/2025\/09\/giangiorgio_spiess_profilo.jpg\" class=\"attachment-large size-large wp-image-4021\" alt=\"\" srcset=\"https:\/\/pzlegal.ch\/wp-content\/uploads\/2025\/09\/giangiorgio_spiess_profilo.jpg 625w, https:\/\/pzlegal.ch\/wp-content\/uploads\/2025\/09\/giangiorgio_spiess_profilo-222x300.jpg 222w\" sizes=\"(max-width: 625px) 100vw, 625px\" \/>\t\t\t\t\t\t\t\t\t\t\t\t\t\t\t<\/div>\n\t\t\t\t<\/div>\n\t\t\t\t<\/div>\n\t\t<div class=\"elementor-element elementor-element-baae9dd e-con-full e-flex e-con e-child\" data-id=\"baae9dd\" data-element_type=\"container\" data-e-type=\"container\">\n\t\t\t\t<div class=\"elementor-element elementor-element-06a2f9e elementor-widget elementor-widget-heading\" data-id=\"06a2f9e\" data-element_type=\"widget\" data-e-type=\"widget\" data-widget_type=\"heading.default\">\n\t\t\t\t<div class=\"elementor-widget-container\">\n\t\t\t\t\t<h2 class=\"elementor-heading-title elementor-size-default\">Giangiorgio Spiess<\/h2>\t\t\t\t<\/div>\n\t\t\t\t<\/div>\n\t\t\t\t<div class=\"elementor-element elementor-element-40926dd elementor-widget elementor-widget-text-editor\" data-id=\"40926dd\" data-element_type=\"widget\" data-e-type=\"widget\" data-widget_type=\"text-editor.default\">\n\t\t\t\t<div class=\"elementor-widget-container\">\n\t\t\t\t\t\t\t\t\t<p><strong><span style=\"color: #2c78c3;\">T\u00e4tigkeitsschwerpunkte:<br \/><\/span><\/strong>Beratung im Zivilrecht, Erbrecht und Nachlassrecht, Handelsrecht sowie Sportrecht<\/p>\t\t\t\t\t\t\t\t<\/div>\n\t\t\t\t<\/div>\n\t\t\t\t<div class=\"elementor-element elementor-element-4303ffb elementor-widget elementor-widget-text-editor\" data-id=\"4303ffb\" data-element_type=\"widget\" data-e-type=\"widget\" data-widget_type=\"text-editor.default\">\n\t\t\t\t<div class=\"elementor-widget-container\">\n\t\t\t\t\t\t\t\t\t<p><strong><span style=\"color: #2c78c3;\">Sprachen:<br \/><\/span><\/strong>Italienisch, Deutsch, Franz\u00f6sisch, Englisch<\/p>\t\t\t\t\t\t\t\t<\/div>\n\t\t\t\t<\/div>\n\t\t\t\t<div class=\"elementor-element elementor-element-98c42a2 elementor-widget elementor-widget-text-editor\" data-id=\"98c42a2\" data-element_type=\"widget\" data-e-type=\"widget\" data-widget_type=\"text-editor.default\">\n\t\t\t\t<div class=\"elementor-widget-container\">\n\t\t\t\t\t\t\t\t\t<p><strong><span style=\"color: #2c78c3;\">Kontakt:<br \/><\/span><\/strong>E-mail: <a href=\"mailto:info@pzlegal.ch\">info@pzlegal.ch<\/a><\/p>\t\t\t\t\t\t\t\t<\/div>\n\t\t\t\t<\/div>\n\t\t\t\t<div class=\"elementor-element elementor-element-86bfc34 elementor-widget elementor-widget-text-editor\" data-id=\"86bfc34\" data-element_type=\"widget\" data-e-type=\"widget\" data-widget_type=\"text-editor.default\">\n\t\t\t\t<div class=\"elementor-widget-container\">\n\t\t\t\t\t\t\t\t\t<p>Rechtsanwalt Giangiorgio Spiess schloss 1959 sein Jurastudium an der Universit\u00e4t Bern ab und ist seit demselben Jahr Mitglied des Anwaltsverbands des Kantons Tessin.<br \/>Er ist Inhaber einer eigenen Kanzlei und als Of Counsel f\u00fcr unsere Kanzlei t\u00e4tig.<\/p><p>\u00a0<\/p><p>Seine Hauptt\u00e4tigkeitsbereiche umfassen das Zivilrecht, das Erbrecht und Nachlassrecht, das Handelsrecht sowie das Sportrecht.<\/p><p>\u00a0<\/p><p>Er spricht fliessend Italienisch, Deutsch, Franz\u00f6sisch und Englisch.<\/p>\t\t\t\t\t\t\t\t<\/div>\n\t\t\t\t<\/div>\n\t\t\t\t<\/div>\n\t\t\t\t\t<\/div>\n\t\t\t\t<\/div>\n\t\t<div class=\"elementor-element elementor-element-9a136d1 e-flex e-con-boxed e-con e-parent\" data-id=\"9a136d1\" data-element_type=\"container\" data-e-type=\"container\">\n\t\t\t\t\t<div class=\"e-con-inner\">\n\t\t\t\t<div class=\"elementor-element elementor-element-8b982ac elementor-widget elementor-widget-text-editor\" data-id=\"8b982ac\" data-element_type=\"widget\" data-e-type=\"widget\" data-widget_type=\"text-editor.default\">\n\t\t\t\t<div class=\"elementor-widget-container\">\n\t\t\t\t\t\t\t\t\t<p>Er war Pr\u00e4sident und Verwaltungsrat von Banken, Finanz- und Treuhandgesellschaften, eines Bauunternehmens sowie \u00f6ffentlicher Unternehmen. Zudem war er Mitglied des Stadtrates und Gemeinderates der Stadt Lugano.<\/p><p>\u00a0<\/p><p>Im sportlichen Bereich war er unter anderem Pr\u00e4sident des Football Club Lugano, Mitglied des Leitenden Ausschusses des Schweizerischen Fussballverbands und der Nationalliga sowie Delegierter f\u00fcr die Nationalmannschaften. Auf internationaler Ebene war er Mitglied des Exekutivkomitees der Union der Europ\u00e4ischen Fussballverb\u00e4nde (UEFA) und ist heute deren Ehrenmitglied.<\/p>\t\t\t\t\t\t\t\t<\/div>\n\t\t\t\t<\/div>\n\t\t\t\t\t<\/div>\n\t\t\t\t<\/div>\n\t\t\t\t<\/div>\n\t\t","protected":false},"excerpt":{"rendered":"<p>Giangiorgio Spiess T\u00e4tigkeitsschwerpunkte:Beratung im Zivilrecht, Erbrecht und Nachlassrecht, Handelsrecht sowie Sportrecht Sprachen:Italienisch, Deutsch, Franz\u00f6sisch, Englisch Kontakt:E-mail: info@pzlegal.ch Rechtsanwalt Giangiorgio Spiess schloss 1959 sein Jurastudium an der Universit\u00e4t Bern ab und ist seit demselben Jahr Mitglied des Anwaltsverbands des Kantons Tessin.Er ist Inhaber einer eigenen Kanzlei und als Of Counsel f\u00fcr unsere Kanzlei t\u00e4tig. \u00a0 Seine [&hellip;]<\/p>\n","protected":false},"author":1,"featured_media":0,"parent":4132,"menu_order":7,"comment_status":"closed","ping_status":"closed","template":"","meta":{"footnotes":""},"class_list":["post-4146","page","type-page","status-publish","hentry"],"yoast_head":"<!-- This site is optimized with the Yoast SEO plugin v27.2 - https:\/\/yoast.com\/product\/yoast-seo-wordpress\/ -->\n<title>Giangiorgio Spiess - Studio Legale Pedrazzini Zanazza &amp; Associati SA<\/title>\n<meta name=\"robots\" content=\"index, follow, max-snippet:-1, max-image-preview:large, max-video-preview:-1\" \/>\n<link rel=\"canonical\" href=\"https:\/\/pzlegal.ch\/de\/uber-uns\/giangiorgio-spiess\/\" \/>\n<meta property=\"og:locale\" content=\"de_DE\" \/>\n<meta property=\"og:type\" content=\"article\" \/>\n<meta property=\"og:title\" content=\"Giangiorgio Spiess - Studio Legale Pedrazzini Zanazza &amp; Associati SA\" \/>\n<meta property=\"og:description\" content=\"Giangiorgio Spiess T\u00e4tigkeitsschwerpunkte:Beratung im Zivilrecht, Erbrecht und Nachlassrecht, Handelsrecht sowie Sportrecht Sprachen:Italienisch, Deutsch, Franz\u00f6sisch, Englisch Kontakt:E-mail: info@pzlegal.ch Rechtsanwalt Giangiorgio Spiess schloss 1959 sein Jurastudium an der Universit\u00e4t Bern ab und ist seit demselben Jahr Mitglied des Anwaltsverbands des Kantons Tessin.Er ist Inhaber einer eigenen Kanzlei und als Of Counsel f\u00fcr unsere Kanzlei t\u00e4tig. \u00a0 Seine [&hellip;]\" \/>\n<meta property=\"og:url\" content=\"https:\/\/pzlegal.ch\/de\/uber-uns\/giangiorgio-spiess\/\" \/>\n<meta property=\"og:site_name\" content=\"Studio Legale Pedrazzini Zanazza &amp; Associati SA\" \/>\n<meta property=\"article:modified_time\" content=\"2026-03-02T15:11:41+00:00\" \/>\n<meta property=\"og:image\" content=\"https:\/\/pzlegal.ch\/wp-content\/uploads\/2025\/09\/giangiorgio_spiess_profilo.jpg\" \/>\n\t<meta property=\"og:image:width\" content=\"625\" \/>\n\t<meta property=\"og:image:height\" content=\"846\" \/>\n\t<meta property=\"og:image:type\" content=\"image\/jpeg\" \/>\n<meta name=\"twitter:card\" content=\"summary_large_image\" \/>\n<meta name=\"twitter:label1\" content=\"Est. reading time\" \/>\n\t<meta name=\"twitter:data1\" content=\"2 minutes\" \/>\n<script type=\"application\/ld+json\" class=\"yoast-schema-graph\">{\"@context\":\"https:\/\/schema.org\",\"@graph\":[{\"@type\":\"WebPage\",\"@id\":\"https:\/\/pzlegal.ch\/de\/uber-uns\/giangiorgio-spiess\/\",\"url\":\"https:\/\/pzlegal.ch\/de\/uber-uns\/giangiorgio-spiess\/\",\"name\":\"Giangiorgio Spiess - Studio Legale Pedrazzini Zanazza &amp; Associati SA\",\"isPartOf\":{\"@id\":\"https:\/\/pzlegal.ch\/#website\"},\"primaryImageOfPage\":{\"@id\":\"https:\/\/pzlegal.ch\/de\/uber-uns\/giangiorgio-spiess\/#primaryimage\"},\"image\":{\"@id\":\"https:\/\/pzlegal.ch\/de\/uber-uns\/giangiorgio-spiess\/#primaryimage\"},\"thumbnailUrl\":\"https:\/\/pzlegal.ch\/wp-content\/uploads\/2025\/09\/giangiorgio_spiess_profilo.jpg\",\"datePublished\":\"2025-09-18T15:01:29+00:00\",\"dateModified\":\"2026-03-02T15:11:41+00:00\",\"breadcrumb\":{\"@id\":\"https:\/\/pzlegal.ch\/de\/uber-uns\/giangiorgio-spiess\/#breadcrumb\"},\"inLanguage\":\"de-DE\",\"potentialAction\":[{\"@type\":\"ReadAction\",\"target\":[\"https:\/\/pzlegal.ch\/de\/uber-uns\/giangiorgio-spiess\/\"]}]},{\"@type\":\"ImageObject\",\"inLanguage\":\"de-DE\",\"@id\":\"https:\/\/pzlegal.ch\/de\/uber-uns\/giangiorgio-spiess\/#primaryimage\",\"url\":\"https:\/\/pzlegal.ch\/wp-content\/uploads\/2025\/09\/giangiorgio_spiess_profilo.jpg\",\"contentUrl\":\"https:\/\/pzlegal.ch\/wp-content\/uploads\/2025\/09\/giangiorgio_spiess_profilo.jpg\"},{\"@type\":\"BreadcrumbList\",\"@id\":\"https:\/\/pzlegal.ch\/de\/uber-uns\/giangiorgio-spiess\/#breadcrumb\",\"itemListElement\":[{\"@type\":\"ListItem\",\"position\":1,\"name\":\"Home\",\"item\":\"https:\/\/pzlegal.ch\/de\/\"},{\"@type\":\"ListItem\",\"position\":2,\"name\":\"\u00dcber uns\",\"item\":\"https:\/\/pzlegal.ch\/de\/uber-uns\/\"},{\"@type\":\"ListItem\",\"position\":3,\"name\":\"Giangiorgio Spiess\"}]},{\"@type\":\"WebSite\",\"@id\":\"https:\/\/pzlegal.ch\/#website\",\"url\":\"https:\/\/pzlegal.ch\/\",\"name\":\"Studio Legale Pedrazzini Zanazza &amp; Associati SA\",\"description\":\"\",\"publisher\":{\"@id\":\"https:\/\/pzlegal.ch\/#organization\"},\"potentialAction\":[{\"@type\":\"SearchAction\",\"target\":{\"@type\":\"EntryPoint\",\"urlTemplate\":\"https:\/\/pzlegal.ch\/?s={search_term_string}\"},\"query-input\":{\"@type\":\"PropertyValueSpecification\",\"valueRequired\":true,\"valueName\":\"search_term_string\"}}],\"inLanguage\":\"de-DE\"},{\"@type\":\"Organization\",\"@id\":\"https:\/\/pzlegal.ch\/#organization\",\"name\":\"Studio Legale Pedrazzini Zanazza &amp; Associati SA\",\"url\":\"https:\/\/pzlegal.ch\/\",\"logo\":{\"@type\":\"ImageObject\",\"inLanguage\":\"de-DE\",\"@id\":\"https:\/\/pzlegal.ch\/#\/schema\/logo\/image\/\",\"url\":\"https:\/\/pzlegal.ch\/wp-content\/uploads\/2025\/03\/studio_legale_pedranzini_zanazza.jpg\",\"contentUrl\":\"https:\/\/pzlegal.ch\/wp-content\/uploads\/2025\/03\/studio_legale_pedranzini_zanazza.jpg\",\"width\":398,\"height\":74,\"caption\":\"Studio Legale Pedrazzini Zanazza &amp; Associati SA\"},\"image\":{\"@id\":\"https:\/\/pzlegal.ch\/#\/schema\/logo\/image\/\"}}]}<\/script>\n<!-- \/ Yoast SEO plugin. -->","yoast_head_json":{"title":"Giangiorgio Spiess - Studio Legale Pedrazzini Zanazza &amp; Associati SA","robots":{"index":"index","follow":"follow","max-snippet":"max-snippet:-1","max-image-preview":"max-image-preview:large","max-video-preview":"max-video-preview:-1"},"canonical":"https:\/\/pzlegal.ch\/de\/uber-uns\/giangiorgio-spiess\/","og_locale":"de_DE","og_type":"article","og_title":"Giangiorgio Spiess - Studio Legale Pedrazzini Zanazza &amp; Associati SA","og_description":"Giangiorgio Spiess T\u00e4tigkeitsschwerpunkte:Beratung im Zivilrecht, Erbrecht und Nachlassrecht, Handelsrecht sowie Sportrecht Sprachen:Italienisch, Deutsch, Franz\u00f6sisch, Englisch Kontakt:E-mail: info@pzlegal.ch Rechtsanwalt Giangiorgio Spiess schloss 1959 sein Jurastudium an der Universit\u00e4t Bern ab und ist seit demselben Jahr Mitglied des Anwaltsverbands des Kantons Tessin.Er ist Inhaber einer eigenen Kanzlei und als Of Counsel f\u00fcr unsere Kanzlei t\u00e4tig. \u00a0 Seine [&hellip;]","og_url":"https:\/\/pzlegal.ch\/de\/uber-uns\/giangiorgio-spiess\/","og_site_name":"Studio Legale Pedrazzini Zanazza &amp; Associati SA","article_modified_time":"2026-03-02T15:11:41+00:00","og_image":[{"width":625,"height":846,"url":"https:\/\/pzlegal.ch\/wp-content\/uploads\/2025\/09\/giangiorgio_spiess_profilo.jpg","type":"image\/jpeg"}],"twitter_card":"summary_large_image","twitter_misc":{"Est. reading time":"2 minutes"},"schema":{"@context":"https:\/\/schema.org","@graph":[{"@type":"WebPage","@id":"https:\/\/pzlegal.ch\/de\/uber-uns\/giangiorgio-spiess\/","url":"https:\/\/pzlegal.ch\/de\/uber-uns\/giangiorgio-spiess\/","name":"Giangiorgio Spiess - Studio Legale Pedrazzini Zanazza &amp; Associati SA","isPartOf":{"@id":"https:\/\/pzlegal.ch\/#website"},"primaryImageOfPage":{"@id":"https:\/\/pzlegal.ch\/de\/uber-uns\/giangiorgio-spiess\/#primaryimage"},"image":{"@id":"https:\/\/pzlegal.ch\/de\/uber-uns\/giangiorgio-spiess\/#primaryimage"},"thumbnailUrl":"https:\/\/pzlegal.ch\/wp-content\/uploads\/2025\/09\/giangiorgio_spiess_profilo.jpg","datePublished":"2025-09-18T15:01:29+00:00","dateModified":"2026-03-02T15:11:41+00:00","breadcrumb":{"@id":"https:\/\/pzlegal.ch\/de\/uber-uns\/giangiorgio-spiess\/#breadcrumb"},"inLanguage":"de-DE","potentialAction":[{"@type":"ReadAction","target":["https:\/\/pzlegal.ch\/de\/uber-uns\/giangiorgio-spiess\/"]}]},{"@type":"ImageObject","inLanguage":"de-DE","@id":"https:\/\/pzlegal.ch\/de\/uber-uns\/giangiorgio-spiess\/#primaryimage","url":"https:\/\/pzlegal.ch\/wp-content\/uploads\/2025\/09\/giangiorgio_spiess_profilo.jpg","contentUrl":"https:\/\/pzlegal.ch\/wp-content\/uploads\/2025\/09\/giangiorgio_spiess_profilo.jpg"},{"@type":"BreadcrumbList","@id":"https:\/\/pzlegal.ch\/de\/uber-uns\/giangiorgio-spiess\/#breadcrumb","itemListElement":[{"@type":"ListItem","position":1,"name":"Home","item":"https:\/\/pzlegal.ch\/de\/"},{"@type":"ListItem","position":2,"name":"\u00dcber uns","item":"https:\/\/pzlegal.ch\/de\/uber-uns\/"},{"@type":"ListItem","position":3,"name":"Giangiorgio Spiess"}]},{"@type":"WebSite","@id":"https:\/\/pzlegal.ch\/#website","url":"https:\/\/pzlegal.ch\/","name":"Studio Legale Pedrazzini Zanazza &amp; Associati SA","description":"","publisher":{"@id":"https:\/\/pzlegal.ch\/#organization"},"potentialAction":[{"@type":"SearchAction","target":{"@type":"EntryPoint","urlTemplate":"https:\/\/pzlegal.ch\/?s={search_term_string}"},"query-input":{"@type":"PropertyValueSpecification","valueRequired":true,"valueName":"search_term_string"}}],"inLanguage":"de-DE"},{"@type":"Organization","@id":"https:\/\/pzlegal.ch\/#organization","name":"Studio Legale Pedrazzini Zanazza &amp; Associati SA","url":"https:\/\/pzlegal.ch\/","logo":{"@type":"ImageObject","inLanguage":"de-DE","@id":"https:\/\/pzlegal.ch\/#\/schema\/logo\/image\/","url":"https:\/\/pzlegal.ch\/wp-content\/uploads\/2025\/03\/studio_legale_pedranzini_zanazza.jpg","contentUrl":"https:\/\/pzlegal.ch\/wp-content\/uploads\/2025\/03\/studio_legale_pedranzini_zanazza.jpg","width":398,"height":74,"caption":"Studio Legale Pedrazzini Zanazza &amp; Associati SA"},"image":{"@id":"https:\/\/pzlegal.ch\/#\/schema\/logo\/image\/"}}]}},"_links":{"self":[{"href":"https:\/\/pzlegal.ch\/de\/wp-json\/wp\/v2\/pages\/4146","targetHints":{"allow":["GET"]}}],"collection":[{"href":"https:\/\/pzlegal.ch\/de\/wp-json\/wp\/v2\/pages"}],"about":[{"href":"https:\/\/pzlegal.ch\/de\/wp-json\/wp\/v2\/types\/page"}],"author":[{"embeddable":true,"href":"https:\/\/pzlegal.ch\/de\/wp-json\/wp\/v2\/users\/1"}],"replies":[{"embeddable":true,"href":"https:\/\/pzlegal.ch\/de\/wp-json\/wp\/v2\/comments?post=4146"}],"version-history":[{"count":13,"href":"https:\/\/pzlegal.ch\/de\/wp-json\/wp\/v2\/pages\/4146\/revisions"}],"predecessor-version":[{"id":4337,"href":"https:\/\/pzlegal.ch\/de\/wp-json\/wp\/v2\/pages\/4146\/revisions\/4337"}],"up":[{"embeddable":true,"href":"https:\/\/pzlegal.ch\/de\/wp-json\/wp\/v2\/pages\/4132"}],"wp:attachment":[{"href":"https:\/\/pzlegal.ch\/de\/wp-json\/wp\/v2\/media?parent=4146"}],"curies":[{"name":"wp","href":"https:\/\/api.w.org\/{rel}","templated":true}]}}