{"id":4383,"date":"2026-03-02T15:28:12","date_gmt":"2026-03-02T15:28:12","guid":{"rendered":"https:\/\/pzlegal.ch\/?page_id=4383"},"modified":"2026-03-02T15:39:16","modified_gmt":"2026-03-02T15:39:16","slug":"petra-lavorato","status":"publish","type":"page","link":"https:\/\/pzlegal.ch\/de\/uber-uns\/petra-lavorato\/","title":{"rendered":"Petra Lavorato"},"content":{"rendered":"\t\t<div data-elementor-type=\"wp-page\" data-elementor-id=\"4383\" class=\"elementor elementor-4383 elementor-4360\" data-elementor-post-type=\"page\">\n\t\t\t\t<div class=\"elementor-element elementor-element-d0b4ba6 e-grid e-con-boxed e-con e-parent\" data-id=\"d0b4ba6\" data-element_type=\"container\" data-e-type=\"container\">\n\t\t\t\t\t<div class=\"e-con-inner\">\n\t\t<div class=\"elementor-element elementor-element-1829d1c e-con-full e-flex e-con e-child\" data-id=\"1829d1c\" data-element_type=\"container\" data-e-type=\"container\">\n\t\t\t\t<div class=\"elementor-element elementor-element-5727035 elementor-widget elementor-widget-image\" data-id=\"5727035\" data-element_type=\"widget\" data-e-type=\"widget\" data-widget_type=\"image.default\">\n\t\t\t\t<div class=\"elementor-widget-container\">\n\t\t\t\t\t\t\t\t\t\t\t\t\t\t\t<img fetchpriority=\"high\" decoding=\"async\" width=\"625\" height=\"846\" src=\"https:\/\/pzlegal.ch\/wp-content\/uploads\/2026\/03\/petra-lavorato-profilo.jpg\" class=\"attachment-large size-large wp-image-4352\" alt=\"\" srcset=\"https:\/\/pzlegal.ch\/wp-content\/uploads\/2026\/03\/petra-lavorato-profilo.jpg 625w, https:\/\/pzlegal.ch\/wp-content\/uploads\/2026\/03\/petra-lavorato-profilo-222x300.jpg 222w\" sizes=\"(max-width: 625px) 100vw, 625px\" \/>\t\t\t\t\t\t\t\t\t\t\t\t\t\t\t<\/div>\n\t\t\t\t<\/div>\n\t\t\t\t<\/div>\n\t\t<div class=\"elementor-element elementor-element-0add453 e-con-full e-flex e-con e-child\" data-id=\"0add453\" data-element_type=\"container\" data-e-type=\"container\">\n\t\t\t\t<div class=\"elementor-element elementor-element-5f8a9ac elementor-widget elementor-widget-heading\" data-id=\"5f8a9ac\" data-element_type=\"widget\" data-e-type=\"widget\" data-widget_type=\"heading.default\">\n\t\t\t\t<div class=\"elementor-widget-container\">\n\t\t\t\t\t<h2 class=\"elementor-heading-title elementor-size-default\">Petra Lavorato<\/h2>\t\t\t\t<\/div>\n\t\t\t\t<\/div>\n\t\t\t\t<div class=\"elementor-element elementor-element-f571a35 elementor-widget elementor-widget-text-editor\" data-id=\"f571a35\" data-element_type=\"widget\" data-e-type=\"widget\" data-widget_type=\"text-editor.default\">\n\t\t\t\t<div class=\"elementor-widget-container\">\n\t\t\t\t\t\t\t\t\t<p><strong><span style=\"color: #2c78c3;\">T\u00e4tigkeitsschwerpunkte:<br \/><\/span><\/strong>Beratung im Gesellschaftsrecht, Versicherungsrecht sowie im zivil- und strafrechtlichen Prozesswesen.<\/p>\t\t\t\t\t\t\t\t<\/div>\n\t\t\t\t<\/div>\n\t\t\t\t<div class=\"elementor-element elementor-element-0110b52 elementor-widget elementor-widget-text-editor\" data-id=\"0110b52\" data-element_type=\"widget\" data-e-type=\"widget\" data-widget_type=\"text-editor.default\">\n\t\t\t\t<div class=\"elementor-widget-container\">\n\t\t\t\t\t\t\t\t\t<p><strong><span style=\"color: #2c78c3;\">Sprachen:<\/span><br \/><\/strong>Italienisch, Franz\u00f6sisch, Englisch, Spanisch<\/p>\t\t\t\t\t\t\t\t<\/div>\n\t\t\t\t<\/div>\n\t\t\t\t<div class=\"elementor-element elementor-element-60e9945 elementor-widget elementor-widget-text-editor\" data-id=\"60e9945\" data-element_type=\"widget\" data-e-type=\"widget\" data-widget_type=\"text-editor.default\">\n\t\t\t\t<div class=\"elementor-widget-container\">\n\t\t\t\t\t\t\t\t\t<p><strong><span style=\"color: #2c78c3;\">Kontakt:<\/span><br \/><\/strong>Tel. : +41 91 973 15 66<\/p>\t\t\t\t\t\t\t\t<\/div>\n\t\t\t\t<\/div>\n\t\t\t\t<div class=\"elementor-element elementor-element-103165a elementor-widget elementor-widget-image\" data-id=\"103165a\" data-element_type=\"widget\" data-e-type=\"widget\" data-widget_type=\"image.default\">\n\t\t\t\t<div class=\"elementor-widget-container\">\n\t\t\t\t\t\t\t\t\t\t\t\t\t\t\t\t<a href=\"https:\/\/www.linkedin.com\/in\/petra-l-19ab083b2\/\" target=\"_blank\">\n\t\t\t\t\t\t\t<img decoding=\"async\" width=\"53\" height=\"53\" src=\"https:\/\/pzlegal.ch\/wp-content\/uploads\/2025\/04\/linkedin.jpg\" class=\"attachment-full size-full wp-image-3106\" alt=\"\" \/>\t\t\t\t\t\t\t\t<\/a>\n\t\t\t\t\t\t\t\t\t\t\t\t\t\t\t<\/div>\n\t\t\t\t<\/div>\n\t\t\t\t<div class=\"elementor-element elementor-element-86c76cd elementor-widget elementor-widget-text-editor\" data-id=\"86c76cd\" data-element_type=\"widget\" data-e-type=\"widget\" data-widget_type=\"text-editor.default\">\n\t\t\t\t<div class=\"elementor-widget-container\">\n\t\t\t\t\t\t\t\t\t<p>Petra Lavorato ist in der Anwaltskanzlei als Praktikantin t\u00e4tig, wo sie die Rechtsanw\u00e4lte im Bereich des schweizerischen Rechts unterst\u00fctzt, insbesondere im Gesellschaftsrecht, im Versicherungsrecht sowie in zivil- und strafrechtlichen Streitigkeiten.<\/p><p>\u00a0<\/p><p>Nach einer bedeutenden Berufserfahrung bei einem Versicherungsbroker, wo sie die Funktion der Leiterin des Bereichs f\u00fcr komplexe Schadenf\u00e4lle sowie der juristisch\u2011versicherungsrechtlichen Fachreferentin innehatte, begann sie das obligatorische Anwaltspraktikum mit dem Ziel, das Anwaltspatent zu erlangen. Seit Januar 2026 ist sie im Register der Praktikanten des Kantons Tessin eingetragen.<\/p>\t\t\t\t\t\t\t\t<\/div>\n\t\t\t\t<\/div>\n\t\t\t\t<\/div>\n\t\t\t\t\t<\/div>\n\t\t\t\t<\/div>\n\t\t<div class=\"elementor-element elementor-element-e118d3e e-flex e-con-boxed e-con e-parent\" data-id=\"e118d3e\" data-element_type=\"container\" data-e-type=\"container\">\n\t\t\t\t\t<div class=\"e-con-inner\">\n\t\t\t\t<div class=\"elementor-element elementor-element-e79525d elementor-widget elementor-widget-text-editor\" data-id=\"e79525d\" data-element_type=\"widget\" data-e-type=\"widget\" data-widget_type=\"text-editor.default\">\n\t\t\t\t<div class=\"elementor-widget-container\">\n\t\t\t\t\t\t\t\t\t<p>Petra erwarb 2021 den Bachelor of Arts in Wirtschaftswissenschaften mit Schwerpunkt Management und 2025 den Bachelor of Law, beide an Schweizer Universit\u00e4ten. Derzeit befindet sie sich in der Ausbildung zum Master of Law mit Spezialisierung im Innovationsrecht, neuen Technologien, Datenschutz sowie der Regulierung generativer k\u00fcnstlicher Intelligenz.<\/p>\t\t\t\t\t\t\t\t<\/div>\n\t\t\t\t<\/div>\n\t\t\t\t\t<\/div>\n\t\t\t\t<\/div>\n\t\t\t\t<\/div>\n\t\t","protected":false},"excerpt":{"rendered":"<p>Petra Lavorato T\u00e4tigkeitsschwerpunkte:Beratung im Gesellschaftsrecht, Versicherungsrecht sowie im zivil- und strafrechtlichen Prozesswesen. Sprachen:Italienisch, Franz\u00f6sisch, Englisch, Spanisch Kontakt:Tel. : +41 91 973 15 66 Petra Lavorato ist in der Anwaltskanzlei als Praktikantin t\u00e4tig, wo sie die Rechtsanw\u00e4lte im Bereich des schweizerischen Rechts unterst\u00fctzt, insbesondere im Gesellschaftsrecht, im Versicherungsrecht sowie in zivil- und strafrechtlichen Streitigkeiten. \u00a0 Nach [&hellip;]<\/p>\n","protected":false},"author":1,"featured_media":0,"parent":4132,"menu_order":5,"comment_status":"closed","ping_status":"closed","template":"","meta":{"footnotes":""},"class_list":["post-4383","page","type-page","status-publish","hentry"],"yoast_head":"<!-- This site is optimized with the Yoast SEO plugin v27.2 - https:\/\/yoast.com\/product\/yoast-seo-wordpress\/ -->\n<title>Petra Lavorato - Studio Legale Pedrazzini Zanazza &amp; Associati SA<\/title>\n<meta name=\"robots\" content=\"index, follow, max-snippet:-1, max-image-preview:large, max-video-preview:-1\" \/>\n<link rel=\"canonical\" href=\"https:\/\/pzlegal.ch\/de\/uber-uns\/petra-lavorato\/\" \/>\n<meta property=\"og:locale\" content=\"de_DE\" \/>\n<meta property=\"og:type\" content=\"article\" \/>\n<meta property=\"og:title\" content=\"Petra Lavorato - Studio Legale Pedrazzini Zanazza &amp; Associati SA\" \/>\n<meta property=\"og:description\" content=\"Petra Lavorato T\u00e4tigkeitsschwerpunkte:Beratung im Gesellschaftsrecht, Versicherungsrecht sowie im zivil- und strafrechtlichen Prozesswesen. Sprachen:Italienisch, Franz\u00f6sisch, Englisch, Spanisch Kontakt:Tel. : +41 91 973 15 66 Petra Lavorato ist in der Anwaltskanzlei als Praktikantin t\u00e4tig, wo sie die Rechtsanw\u00e4lte im Bereich des schweizerischen Rechts unterst\u00fctzt, insbesondere im Gesellschaftsrecht, im Versicherungsrecht sowie in zivil- und strafrechtlichen Streitigkeiten. \u00a0 Nach [&hellip;]\" \/>\n<meta property=\"og:url\" content=\"https:\/\/pzlegal.ch\/de\/uber-uns\/petra-lavorato\/\" \/>\n<meta property=\"og:site_name\" content=\"Studio Legale Pedrazzini Zanazza &amp; Associati SA\" \/>\n<meta property=\"article:modified_time\" content=\"2026-03-02T15:39:16+00:00\" \/>\n<meta property=\"og:image\" content=\"https:\/\/pzlegal.ch\/wp-content\/uploads\/2026\/03\/petra-lavorato-profilo.jpg\" \/>\n\t<meta property=\"og:image:width\" content=\"625\" \/>\n\t<meta property=\"og:image:height\" content=\"846\" \/>\n\t<meta property=\"og:image:type\" content=\"image\/jpeg\" \/>\n<meta name=\"twitter:card\" content=\"summary_large_image\" \/>\n<meta name=\"twitter:label1\" content=\"Est. reading time\" \/>\n\t<meta name=\"twitter:data1\" content=\"2 minutes\" \/>\n<script type=\"application\/ld+json\" class=\"yoast-schema-graph\">{\"@context\":\"https:\/\/schema.org\",\"@graph\":[{\"@type\":\"WebPage\",\"@id\":\"https:\/\/pzlegal.ch\/de\/uber-uns\/petra-lavorato\/\",\"url\":\"https:\/\/pzlegal.ch\/de\/uber-uns\/petra-lavorato\/\",\"name\":\"Petra Lavorato - Studio Legale Pedrazzini Zanazza &amp; Associati SA\",\"isPartOf\":{\"@id\":\"https:\/\/pzlegal.ch\/#website\"},\"primaryImageOfPage\":{\"@id\":\"https:\/\/pzlegal.ch\/de\/uber-uns\/petra-lavorato\/#primaryimage\"},\"image\":{\"@id\":\"https:\/\/pzlegal.ch\/de\/uber-uns\/petra-lavorato\/#primaryimage\"},\"thumbnailUrl\":\"https:\/\/pzlegal.ch\/wp-content\/uploads\/2026\/03\/petra-lavorato-profilo.jpg\",\"datePublished\":\"2026-03-02T15:28:12+00:00\",\"dateModified\":\"2026-03-02T15:39:16+00:00\",\"breadcrumb\":{\"@id\":\"https:\/\/pzlegal.ch\/de\/uber-uns\/petra-lavorato\/#breadcrumb\"},\"inLanguage\":\"de-DE\",\"potentialAction\":[{\"@type\":\"ReadAction\",\"target\":[\"https:\/\/pzlegal.ch\/de\/uber-uns\/petra-lavorato\/\"]}]},{\"@type\":\"ImageObject\",\"inLanguage\":\"de-DE\",\"@id\":\"https:\/\/pzlegal.ch\/de\/uber-uns\/petra-lavorato\/#primaryimage\",\"url\":\"https:\/\/pzlegal.ch\/wp-content\/uploads\/2026\/03\/petra-lavorato-profilo.jpg\",\"contentUrl\":\"https:\/\/pzlegal.ch\/wp-content\/uploads\/2026\/03\/petra-lavorato-profilo.jpg\"},{\"@type\":\"BreadcrumbList\",\"@id\":\"https:\/\/pzlegal.ch\/de\/uber-uns\/petra-lavorato\/#breadcrumb\",\"itemListElement\":[{\"@type\":\"ListItem\",\"position\":1,\"name\":\"Home\",\"item\":\"https:\/\/pzlegal.ch\/de\/\"},{\"@type\":\"ListItem\",\"position\":2,\"name\":\"\u00dcber uns\",\"item\":\"https:\/\/pzlegal.ch\/de\/uber-uns\/\"},{\"@type\":\"ListItem\",\"position\":3,\"name\":\"Petra Lavorato\"}]},{\"@type\":\"WebSite\",\"@id\":\"https:\/\/pzlegal.ch\/#website\",\"url\":\"https:\/\/pzlegal.ch\/\",\"name\":\"Studio Legale Pedrazzini Zanazza &amp; Associati SA\",\"description\":\"\",\"publisher\":{\"@id\":\"https:\/\/pzlegal.ch\/#organization\"},\"potentialAction\":[{\"@type\":\"SearchAction\",\"target\":{\"@type\":\"EntryPoint\",\"urlTemplate\":\"https:\/\/pzlegal.ch\/?s={search_term_string}\"},\"query-input\":{\"@type\":\"PropertyValueSpecification\",\"valueRequired\":true,\"valueName\":\"search_term_string\"}}],\"inLanguage\":\"de-DE\"},{\"@type\":\"Organization\",\"@id\":\"https:\/\/pzlegal.ch\/#organization\",\"name\":\"Studio Legale Pedrazzini Zanazza &amp; Associati SA\",\"url\":\"https:\/\/pzlegal.ch\/\",\"logo\":{\"@type\":\"ImageObject\",\"inLanguage\":\"de-DE\",\"@id\":\"https:\/\/pzlegal.ch\/#\/schema\/logo\/image\/\",\"url\":\"https:\/\/pzlegal.ch\/wp-content\/uploads\/2025\/03\/studio_legale_pedranzini_zanazza.jpg\",\"contentUrl\":\"https:\/\/pzlegal.ch\/wp-content\/uploads\/2025\/03\/studio_legale_pedranzini_zanazza.jpg\",\"width\":398,\"height\":74,\"caption\":\"Studio Legale Pedrazzini Zanazza &amp; Associati SA\"},\"image\":{\"@id\":\"https:\/\/pzlegal.ch\/#\/schema\/logo\/image\/\"}}]}<\/script>\n<!-- \/ Yoast SEO plugin. -->","yoast_head_json":{"title":"Petra Lavorato - Studio Legale Pedrazzini Zanazza &amp; Associati SA","robots":{"index":"index","follow":"follow","max-snippet":"max-snippet:-1","max-image-preview":"max-image-preview:large","max-video-preview":"max-video-preview:-1"},"canonical":"https:\/\/pzlegal.ch\/de\/uber-uns\/petra-lavorato\/","og_locale":"de_DE","og_type":"article","og_title":"Petra Lavorato - Studio Legale Pedrazzini Zanazza &amp; Associati SA","og_description":"Petra Lavorato T\u00e4tigkeitsschwerpunkte:Beratung im Gesellschaftsrecht, Versicherungsrecht sowie im zivil- und strafrechtlichen Prozesswesen. Sprachen:Italienisch, Franz\u00f6sisch, Englisch, Spanisch Kontakt:Tel. : +41 91 973 15 66 Petra Lavorato ist in der Anwaltskanzlei als Praktikantin t\u00e4tig, wo sie die Rechtsanw\u00e4lte im Bereich des schweizerischen Rechts unterst\u00fctzt, insbesondere im Gesellschaftsrecht, im Versicherungsrecht sowie in zivil- und strafrechtlichen Streitigkeiten. \u00a0 Nach [&hellip;]","og_url":"https:\/\/pzlegal.ch\/de\/uber-uns\/petra-lavorato\/","og_site_name":"Studio Legale Pedrazzini Zanazza &amp; Associati SA","article_modified_time":"2026-03-02T15:39:16+00:00","og_image":[{"width":625,"height":846,"url":"https:\/\/pzlegal.ch\/wp-content\/uploads\/2026\/03\/petra-lavorato-profilo.jpg","type":"image\/jpeg"}],"twitter_card":"summary_large_image","twitter_misc":{"Est. reading time":"2 minutes"},"schema":{"@context":"https:\/\/schema.org","@graph":[{"@type":"WebPage","@id":"https:\/\/pzlegal.ch\/de\/uber-uns\/petra-lavorato\/","url":"https:\/\/pzlegal.ch\/de\/uber-uns\/petra-lavorato\/","name":"Petra Lavorato - Studio Legale Pedrazzini Zanazza &amp; Associati SA","isPartOf":{"@id":"https:\/\/pzlegal.ch\/#website"},"primaryImageOfPage":{"@id":"https:\/\/pzlegal.ch\/de\/uber-uns\/petra-lavorato\/#primaryimage"},"image":{"@id":"https:\/\/pzlegal.ch\/de\/uber-uns\/petra-lavorato\/#primaryimage"},"thumbnailUrl":"https:\/\/pzlegal.ch\/wp-content\/uploads\/2026\/03\/petra-lavorato-profilo.jpg","datePublished":"2026-03-02T15:28:12+00:00","dateModified":"2026-03-02T15:39:16+00:00","breadcrumb":{"@id":"https:\/\/pzlegal.ch\/de\/uber-uns\/petra-lavorato\/#breadcrumb"},"inLanguage":"de-DE","potentialAction":[{"@type":"ReadAction","target":["https:\/\/pzlegal.ch\/de\/uber-uns\/petra-lavorato\/"]}]},{"@type":"ImageObject","inLanguage":"de-DE","@id":"https:\/\/pzlegal.ch\/de\/uber-uns\/petra-lavorato\/#primaryimage","url":"https:\/\/pzlegal.ch\/wp-content\/uploads\/2026\/03\/petra-lavorato-profilo.jpg","contentUrl":"https:\/\/pzlegal.ch\/wp-content\/uploads\/2026\/03\/petra-lavorato-profilo.jpg"},{"@type":"BreadcrumbList","@id":"https:\/\/pzlegal.ch\/de\/uber-uns\/petra-lavorato\/#breadcrumb","itemListElement":[{"@type":"ListItem","position":1,"name":"Home","item":"https:\/\/pzlegal.ch\/de\/"},{"@type":"ListItem","position":2,"name":"\u00dcber uns","item":"https:\/\/pzlegal.ch\/de\/uber-uns\/"},{"@type":"ListItem","position":3,"name":"Petra Lavorato"}]},{"@type":"WebSite","@id":"https:\/\/pzlegal.ch\/#website","url":"https:\/\/pzlegal.ch\/","name":"Studio Legale Pedrazzini Zanazza &amp; Associati SA","description":"","publisher":{"@id":"https:\/\/pzlegal.ch\/#organization"},"potentialAction":[{"@type":"SearchAction","target":{"@type":"EntryPoint","urlTemplate":"https:\/\/pzlegal.ch\/?s={search_term_string}"},"query-input":{"@type":"PropertyValueSpecification","valueRequired":true,"valueName":"search_term_string"}}],"inLanguage":"de-DE"},{"@type":"Organization","@id":"https:\/\/pzlegal.ch\/#organization","name":"Studio Legale Pedrazzini Zanazza &amp; Associati SA","url":"https:\/\/pzlegal.ch\/","logo":{"@type":"ImageObject","inLanguage":"de-DE","@id":"https:\/\/pzlegal.ch\/#\/schema\/logo\/image\/","url":"https:\/\/pzlegal.ch\/wp-content\/uploads\/2025\/03\/studio_legale_pedranzini_zanazza.jpg","contentUrl":"https:\/\/pzlegal.ch\/wp-content\/uploads\/2025\/03\/studio_legale_pedranzini_zanazza.jpg","width":398,"height":74,"caption":"Studio Legale Pedrazzini Zanazza &amp; Associati SA"},"image":{"@id":"https:\/\/pzlegal.ch\/#\/schema\/logo\/image\/"}}]}},"_links":{"self":[{"href":"https:\/\/pzlegal.ch\/de\/wp-json\/wp\/v2\/pages\/4383","targetHints":{"allow":["GET"]}}],"collection":[{"href":"https:\/\/pzlegal.ch\/de\/wp-json\/wp\/v2\/pages"}],"about":[{"href":"https:\/\/pzlegal.ch\/de\/wp-json\/wp\/v2\/types\/page"}],"author":[{"embeddable":true,"href":"https:\/\/pzlegal.ch\/de\/wp-json\/wp\/v2\/users\/1"}],"replies":[{"embeddable":true,"href":"https:\/\/pzlegal.ch\/de\/wp-json\/wp\/v2\/comments?post=4383"}],"version-history":[{"count":4,"href":"https:\/\/pzlegal.ch\/de\/wp-json\/wp\/v2\/pages\/4383\/revisions"}],"predecessor-version":[{"id":4387,"href":"https:\/\/pzlegal.ch\/de\/wp-json\/wp\/v2\/pages\/4383\/revisions\/4387"}],"up":[{"embeddable":true,"href":"https:\/\/pzlegal.ch\/de\/wp-json\/wp\/v2\/pages\/4132"}],"wp:attachment":[{"href":"https:\/\/pzlegal.ch\/de\/wp-json\/wp\/v2\/media?parent=4383"}],"curies":[{"name":"wp","href":"https:\/\/api.w.org\/{rel}","templated":true}]}}