{"id":3734,"date":"2025-04-08T09:46:24","date_gmt":"2025-04-08T09:46:24","guid":{"rendered":"https:\/\/pzlegal.ch\/?page_id=3734"},"modified":"2026-04-03T09:10:19","modified_gmt":"2026-04-03T09:10:19","slug":"massimo-pedrazzini","status":"publish","type":"page","link":"https:\/\/pzlegal.ch\/fr\/qui-sommes-nous\/massimo-pedrazzini\/","title":{"rendered":"Massimo Pedrazzini"},"content":{"rendered":"\t\t<div data-elementor-type=\"wp-page\" data-elementor-id=\"3734\" class=\"elementor elementor-3734 elementor-926\" data-elementor-post-type=\"page\">\n\t\t\t\t<div class=\"elementor-element elementor-element-469bcacb e-grid e-con-boxed e-con e-parent\" data-id=\"469bcacb\" data-element_type=\"container\" data-e-type=\"container\">\n\t\t\t\t\t<div class=\"e-con-inner\">\n\t\t<div class=\"elementor-element elementor-element-3532b351 e-con-full e-flex e-con e-child\" data-id=\"3532b351\" data-element_type=\"container\" data-e-type=\"container\">\n\t\t\t\t<div class=\"elementor-element elementor-element-13891e3a elementor-widget elementor-widget-image\" data-id=\"13891e3a\" data-element_type=\"widget\" data-e-type=\"widget\" data-widget_type=\"image.default\">\n\t\t\t\t<div class=\"elementor-widget-container\">\n\t\t\t\t\t\t\t\t\t\t\t\t\t\t\t<img fetchpriority=\"high\" decoding=\"async\" width=\"625\" height=\"846\" src=\"https:\/\/pzlegal.ch\/wp-content\/uploads\/2025\/07\/massimo_pedrazzini_profilo2025.jpg\" class=\"attachment-large size-large wp-image-3294\" alt=\"\" srcset=\"https:\/\/pzlegal.ch\/wp-content\/uploads\/2025\/07\/massimo_pedrazzini_profilo2025.jpg 625w, https:\/\/pzlegal.ch\/wp-content\/uploads\/2025\/07\/massimo_pedrazzini_profilo2025-222x300.jpg 222w\" sizes=\"(max-width: 625px) 100vw, 625px\" \/>\t\t\t\t\t\t\t\t\t\t\t\t\t\t\t<\/div>\n\t\t\t\t<\/div>\n\t\t\t\t<\/div>\n\t\t<div class=\"elementor-element elementor-element-329abb87 e-con-full e-flex e-con e-child\" data-id=\"329abb87\" data-element_type=\"container\" data-e-type=\"container\">\n\t\t\t\t<div class=\"elementor-element elementor-element-28f43cee elementor-widget elementor-widget-heading\" data-id=\"28f43cee\" data-element_type=\"widget\" data-e-type=\"widget\" data-widget_type=\"heading.default\">\n\t\t\t\t<div class=\"elementor-widget-container\">\n\t\t\t\t\t<h2 class=\"elementor-heading-title elementor-size-default\">Massimo Pedrazzini<\/h2>\t\t\t\t<\/div>\n\t\t\t\t<\/div>\n\t\t\t\t<div class=\"elementor-element elementor-element-26799318 elementor-widget elementor-widget-text-editor\" data-id=\"26799318\" data-element_type=\"widget\" data-e-type=\"widget\" data-widget_type=\"text-editor.default\">\n\t\t\t\t<div class=\"elementor-widget-container\">\n\t\t\t\t\t\t\t\t\t<p><strong><span style=\"color: #2c78c3;\">Domaines d&#8217;activit\u00e9:<\/span><br \/><\/strong>Droit des soci\u00e9t\u00e9s, M&amp;A, fiscalit\u00e9 internationale, droit des contrats, droit fiscal suisse et international. Expert en transactions transfrontali\u00e8res et en corporate governance, si\u00e9geant au sein de conseils d&#8217;administration de soci\u00e9t\u00e9s internationales et d\u2019organisations \u00e0 but non lucratif.<\/p>\t\t\t\t\t\t\t\t<\/div>\n\t\t\t\t<\/div>\n\t\t\t\t<div class=\"elementor-element elementor-element-45994483 elementor-widget elementor-widget-text-editor\" data-id=\"45994483\" data-element_type=\"widget\" data-e-type=\"widget\" data-widget_type=\"text-editor.default\">\n\t\t\t\t<div class=\"elementor-widget-container\">\n\t\t\t\t\t\t\t\t\t<p><strong><span style=\"color: #2c78c3;\">Langues:<\/span><br \/><\/strong>Italien, anglais, allemand, fran\u00e7ais<\/p>\t\t\t\t\t\t\t\t<\/div>\n\t\t\t\t<\/div>\n\t\t\t\t<div class=\"elementor-element elementor-element-2ef19666 elementor-widget elementor-widget-text-editor\" data-id=\"2ef19666\" data-element_type=\"widget\" data-e-type=\"widget\" data-widget_type=\"text-editor.default\">\n\t\t\t\t<div class=\"elementor-widget-container\">\n\t\t\t\t\t\t\t\t\t<p><strong><span style=\"color: #2c78c3;\">Contact:<\/span><br \/><\/strong>Tel. +41 91 973 17 31<\/p>\t\t\t\t\t\t\t\t<\/div>\n\t\t\t\t<\/div>\n\t\t\t\t<div class=\"elementor-element elementor-element-2675dae elementor-widget elementor-widget-image\" data-id=\"2675dae\" data-element_type=\"widget\" data-e-type=\"widget\" data-widget_type=\"image.default\">\n\t\t\t\t<div class=\"elementor-widget-container\">\n\t\t\t\t\t\t\t\t\t\t\t\t\t\t\t\t<a href=\"https:\/\/www.linkedin.com\/in\/massimo-pedrazzini-44461512\/?trk=people-guest_people_search-card&#038;original_referer=&#038;originalSubdomain=mc\" target=\"_blank\">\n\t\t\t\t\t\t\t<img decoding=\"async\" width=\"53\" height=\"53\" src=\"https:\/\/pzlegal.ch\/wp-content\/uploads\/2025\/04\/linkedin.jpg\" class=\"attachment-full size-full wp-image-3105\" alt=\"\" \/>\t\t\t\t\t\t\t\t<\/a>\n\t\t\t\t\t\t\t\t\t\t\t\t\t\t\t<\/div>\n\t\t\t\t<\/div>\n\t\t\t\t<div class=\"elementor-element elementor-element-6a68de94 elementor-widget elementor-widget-text-editor\" data-id=\"6a68de94\" data-element_type=\"widget\" data-e-type=\"widget\" data-widget_type=\"text-editor.default\">\n\t\t\t\t<div class=\"elementor-widget-container\">\n\t\t\t\t\t\t\t\t\t<p>Me Massimo Guglielmo Pedrazzini est associ\u00e9 fondateur de l\u2019\u00c9tude et poss\u00e8de plus de quarante ans d&#8217;exp\u00e9rience dans le domaine du droit des soci\u00e9t\u00e9s, M&amp;A et de la fiscalit\u00e9 internationale. Sa carri\u00e8re a d\u00e9but\u00e9 en 1985 aupr\u00e8s de l\u2019\u00e9tude Tettamanti Spiess &amp; Associati, o\u00f9 il a \u00e9t\u00e9 associ\u00e9 de 1993 \u00e0 2005, s&#8217;occupant de transactions transfrontali\u00e8res pour des clients en Europe, en Asie et en Am\u00e9rique. Il a acquis une exp\u00e9rience de plusieurs d\u00e9cennies en droit des soci\u00e9t\u00e9s, en droit fiscal suisse et international, ainsi qu\u2019en droit des contrats.<\/p>\t\t\t\t\t\t\t\t<\/div>\n\t\t\t\t<\/div>\n\t\t\t\t<\/div>\n\t\t\t\t\t<\/div>\n\t\t\t\t<\/div>\n\t\t<div class=\"elementor-element elementor-element-ef5c05b e-flex e-con-boxed e-con e-parent\" data-id=\"ef5c05b\" data-element_type=\"container\" data-e-type=\"container\">\n\t\t\t\t\t<div class=\"e-con-inner\">\n\t\t\t\t<div class=\"elementor-element elementor-element-612cbc0 elementor-widget elementor-widget-text-editor\" data-id=\"612cbc0\" data-element_type=\"widget\" data-e-type=\"widget\" data-widget_type=\"text-editor.default\">\n\t\t\t\t<div class=\"elementor-widget-container\">\n\t\t\t\t\t\t\t\t\t<p>Actuellement, Me Massimo Guglielmo Pedrazzini est pr\u00e9sident et membre du conseil d&#8217;administration de plusieurs soci\u00e9t\u00e9s, dont le groupe Fidinam, ST Group Holding, ST Real Estate Holding, Sterling Active Fund, Caimato SA, Marmant SA et G.emme SA, et est associ\u00e9 fondateur du Studio Legale Pedrazzini Zanazza &amp; Associati SA. En outre, il occupe des postes au sein de plusieurs organisations \u00e0 but non lucratif et de soci\u00e9t\u00e9s internationales, telles que la Fondation Fidinam, en plus d\u2019\u00eatre actif aupr\u00e8s de diverses fondations internationales.<\/p><p>Me Massimo Guglielmo Pedrazzini a obtenu sa licence en droit \u00e0 l&#8217;Universit\u00e9 de Gen\u00e8ve en 1985 et a acquis son brevet d&#8217;avocat \u00e0 Lugano en 1989. Au cours de sa carri\u00e8re professionnelle, il a travaill\u00e9 \u00e0 Munich, New York et Zurich, en construisant ainsi un r\u00e9seau de contacts internationaux et une expertise transfrontali\u00e8re.<\/p>\t\t\t\t\t\t\t\t<\/div>\n\t\t\t\t<\/div>\n\t\t\t\t\t<\/div>\n\t\t\t\t<\/div>\n\t\t\t\t<\/div>\n\t\t","protected":false},"excerpt":{"rendered":"<p>Massimo Pedrazzini Domaines d&#8217;activit\u00e9:Droit des soci\u00e9t\u00e9s, M&amp;A, fiscalit\u00e9 internationale, droit des contrats, droit fiscal suisse et international. Expert en transactions transfrontali\u00e8res et en corporate governance, si\u00e9geant au sein de conseils d&#8217;administration de soci\u00e9t\u00e9s internationales et d\u2019organisations \u00e0 but non lucratif. Langues:Italien, anglais, allemand, fran\u00e7ais Contact:Tel. +41 91 973 17 31 Me Massimo Guglielmo Pedrazzini est [&hellip;]<\/p>\n","protected":false},"author":1,"featured_media":0,"parent":3728,"menu_order":0,"comment_status":"closed","ping_status":"closed","template":"","meta":{"footnotes":""},"class_list":["post-3734","page","type-page","status-publish","hentry"],"yoast_head":"<!-- This site is optimized with the Yoast SEO plugin v27.2 - https:\/\/yoast.com\/product\/yoast-seo-wordpress\/ -->\n<title>Massimo Pedrazzini - Studio Legale Pedrazzini Zanazza &amp; Associati SA<\/title>\n<meta name=\"robots\" content=\"index, follow, max-snippet:-1, max-image-preview:large, max-video-preview:-1\" \/>\n<link rel=\"canonical\" href=\"https:\/\/pzlegal.ch\/chi-siamo\/massimo-pedrazzini\/\" \/>\n<meta property=\"og:locale\" content=\"fr_FR\" \/>\n<meta property=\"og:type\" content=\"article\" \/>\n<meta property=\"og:title\" content=\"Massimo Pedrazzini - Studio Legale Pedrazzini Zanazza &amp; Associati SA\" \/>\n<meta property=\"og:description\" content=\"Massimo Pedrazzini Domaines d&#8217;activit\u00e9:Droit des soci\u00e9t\u00e9s, M&amp;A, fiscalit\u00e9 internationale, droit des contrats, droit fiscal suisse et international. Expert en transactions transfrontali\u00e8res et en corporate governance, si\u00e9geant au sein de conseils d&#8217;administration de soci\u00e9t\u00e9s internationales et d\u2019organisations \u00e0 but non lucratif. Langues:Italien, anglais, allemand, fran\u00e7ais Contact:Tel. +41 91 973 17 31 Me Massimo Guglielmo Pedrazzini est [&hellip;]\" \/>\n<meta property=\"og:url\" content=\"https:\/\/pzlegal.ch\/chi-siamo\/massimo-pedrazzini\/\" \/>\n<meta property=\"og:site_name\" content=\"Studio Legale Pedrazzini Zanazza &amp; Associati SA\" \/>\n<meta property=\"article:modified_time\" content=\"2026-04-03T09:10:19+00:00\" \/>\n<meta property=\"og:image\" content=\"https:\/\/pzlegal.ch\/wp-content\/uploads\/2025\/07\/massimo_pedrazzini_profilo2025.jpg\" \/>\n\t<meta property=\"og:image:width\" content=\"625\" \/>\n\t<meta property=\"og:image:height\" content=\"846\" \/>\n\t<meta property=\"og:image:type\" content=\"image\/jpeg\" \/>\n<meta name=\"twitter:card\" content=\"summary_large_image\" \/>\n<meta name=\"twitter:label1\" content=\"Est. reading time\" \/>\n\t<meta name=\"twitter:data1\" content=\"2 minutes\" \/>\n<script type=\"application\/ld+json\" class=\"yoast-schema-graph\">{\"@context\":\"https:\/\/schema.org\",\"@graph\":[{\"@type\":\"WebPage\",\"@id\":\"https:\/\/pzlegal.ch\/chi-siamo\/massimo-pedrazzini\/\",\"url\":\"https:\/\/pzlegal.ch\/chi-siamo\/massimo-pedrazzini\/\",\"name\":\"Massimo Pedrazzini - Studio Legale Pedrazzini Zanazza &amp; Associati SA\",\"isPartOf\":{\"@id\":\"https:\/\/pzlegal.ch\/#website\"},\"primaryImageOfPage\":{\"@id\":\"https:\/\/pzlegal.ch\/chi-siamo\/massimo-pedrazzini\/#primaryimage\"},\"image\":{\"@id\":\"https:\/\/pzlegal.ch\/chi-siamo\/massimo-pedrazzini\/#primaryimage\"},\"thumbnailUrl\":\"https:\/\/pzlegal.ch\/wp-content\/uploads\/2025\/07\/massimo_pedrazzini_profilo2025.jpg\",\"datePublished\":\"2025-04-08T09:46:24+00:00\",\"dateModified\":\"2026-04-03T09:10:19+00:00\",\"breadcrumb\":{\"@id\":\"https:\/\/pzlegal.ch\/chi-siamo\/massimo-pedrazzini\/#breadcrumb\"},\"inLanguage\":\"fr-FR\",\"potentialAction\":[{\"@type\":\"ReadAction\",\"target\":[\"https:\/\/pzlegal.ch\/chi-siamo\/massimo-pedrazzini\/\"]}]},{\"@type\":\"ImageObject\",\"inLanguage\":\"fr-FR\",\"@id\":\"https:\/\/pzlegal.ch\/chi-siamo\/massimo-pedrazzini\/#primaryimage\",\"url\":\"https:\/\/pzlegal.ch\/wp-content\/uploads\/2025\/07\/massimo_pedrazzini_profilo2025.jpg\",\"contentUrl\":\"https:\/\/pzlegal.ch\/wp-content\/uploads\/2025\/07\/massimo_pedrazzini_profilo2025.jpg\"},{\"@type\":\"BreadcrumbList\",\"@id\":\"https:\/\/pzlegal.ch\/chi-siamo\/massimo-pedrazzini\/#breadcrumb\",\"itemListElement\":[{\"@type\":\"ListItem\",\"position\":1,\"name\":\"Home\",\"item\":\"https:\/\/pzlegal.ch\/fr\/\"},{\"@type\":\"ListItem\",\"position\":2,\"name\":\"Qui sommes-nous \/ L&#8217;\u00e9tude\",\"item\":\"https:\/\/pzlegal.ch\/fr\/qui-sommes-nous\/\"},{\"@type\":\"ListItem\",\"position\":3,\"name\":\"Massimo Pedrazzini\"}]},{\"@type\":\"WebSite\",\"@id\":\"https:\/\/pzlegal.ch\/#website\",\"url\":\"https:\/\/pzlegal.ch\/\",\"name\":\"Studio Legale Pedrazzini Zanazza &amp; Associati SA\",\"description\":\"\",\"publisher\":{\"@id\":\"https:\/\/pzlegal.ch\/#organization\"},\"potentialAction\":[{\"@type\":\"SearchAction\",\"target\":{\"@type\":\"EntryPoint\",\"urlTemplate\":\"https:\/\/pzlegal.ch\/?s={search_term_string}\"},\"query-input\":{\"@type\":\"PropertyValueSpecification\",\"valueRequired\":true,\"valueName\":\"search_term_string\"}}],\"inLanguage\":\"fr-FR\"},{\"@type\":\"Organization\",\"@id\":\"https:\/\/pzlegal.ch\/#organization\",\"name\":\"Studio Legale Pedrazzini Zanazza &amp; Associati SA\",\"url\":\"https:\/\/pzlegal.ch\/\",\"logo\":{\"@type\":\"ImageObject\",\"inLanguage\":\"fr-FR\",\"@id\":\"https:\/\/pzlegal.ch\/#\/schema\/logo\/image\/\",\"url\":\"https:\/\/pzlegal.ch\/wp-content\/uploads\/2025\/03\/studio_legale_pedranzini_zanazza.jpg\",\"contentUrl\":\"https:\/\/pzlegal.ch\/wp-content\/uploads\/2025\/03\/studio_legale_pedranzini_zanazza.jpg\",\"width\":398,\"height\":74,\"caption\":\"Studio Legale Pedrazzini Zanazza &amp; Associati SA\"},\"image\":{\"@id\":\"https:\/\/pzlegal.ch\/#\/schema\/logo\/image\/\"}}]}<\/script>\n<!-- \/ Yoast SEO plugin. -->","yoast_head_json":{"title":"Massimo Pedrazzini - Studio Legale Pedrazzini Zanazza &amp; Associati SA","robots":{"index":"index","follow":"follow","max-snippet":"max-snippet:-1","max-image-preview":"max-image-preview:large","max-video-preview":"max-video-preview:-1"},"canonical":"https:\/\/pzlegal.ch\/chi-siamo\/massimo-pedrazzini\/","og_locale":"fr_FR","og_type":"article","og_title":"Massimo Pedrazzini - Studio Legale Pedrazzini Zanazza &amp; Associati SA","og_description":"Massimo Pedrazzini Domaines d&#8217;activit\u00e9:Droit des soci\u00e9t\u00e9s, M&amp;A, fiscalit\u00e9 internationale, droit des contrats, droit fiscal suisse et international. Expert en transactions transfrontali\u00e8res et en corporate governance, si\u00e9geant au sein de conseils d&#8217;administration de soci\u00e9t\u00e9s internationales et d\u2019organisations \u00e0 but non lucratif. Langues:Italien, anglais, allemand, fran\u00e7ais Contact:Tel. +41 91 973 17 31 Me Massimo Guglielmo Pedrazzini est [&hellip;]","og_url":"https:\/\/pzlegal.ch\/chi-siamo\/massimo-pedrazzini\/","og_site_name":"Studio Legale Pedrazzini Zanazza &amp; Associati SA","article_modified_time":"2026-04-03T09:10:19+00:00","og_image":[{"width":625,"height":846,"url":"https:\/\/pzlegal.ch\/wp-content\/uploads\/2025\/07\/massimo_pedrazzini_profilo2025.jpg","type":"image\/jpeg"}],"twitter_card":"summary_large_image","twitter_misc":{"Est. reading time":"2 minutes"},"schema":{"@context":"https:\/\/schema.org","@graph":[{"@type":"WebPage","@id":"https:\/\/pzlegal.ch\/chi-siamo\/massimo-pedrazzini\/","url":"https:\/\/pzlegal.ch\/chi-siamo\/massimo-pedrazzini\/","name":"Massimo Pedrazzini - Studio Legale Pedrazzini Zanazza &amp; Associati SA","isPartOf":{"@id":"https:\/\/pzlegal.ch\/#website"},"primaryImageOfPage":{"@id":"https:\/\/pzlegal.ch\/chi-siamo\/massimo-pedrazzini\/#primaryimage"},"image":{"@id":"https:\/\/pzlegal.ch\/chi-siamo\/massimo-pedrazzini\/#primaryimage"},"thumbnailUrl":"https:\/\/pzlegal.ch\/wp-content\/uploads\/2025\/07\/massimo_pedrazzini_profilo2025.jpg","datePublished":"2025-04-08T09:46:24+00:00","dateModified":"2026-04-03T09:10:19+00:00","breadcrumb":{"@id":"https:\/\/pzlegal.ch\/chi-siamo\/massimo-pedrazzini\/#breadcrumb"},"inLanguage":"fr-FR","potentialAction":[{"@type":"ReadAction","target":["https:\/\/pzlegal.ch\/chi-siamo\/massimo-pedrazzini\/"]}]},{"@type":"ImageObject","inLanguage":"fr-FR","@id":"https:\/\/pzlegal.ch\/chi-siamo\/massimo-pedrazzini\/#primaryimage","url":"https:\/\/pzlegal.ch\/wp-content\/uploads\/2025\/07\/massimo_pedrazzini_profilo2025.jpg","contentUrl":"https:\/\/pzlegal.ch\/wp-content\/uploads\/2025\/07\/massimo_pedrazzini_profilo2025.jpg"},{"@type":"BreadcrumbList","@id":"https:\/\/pzlegal.ch\/chi-siamo\/massimo-pedrazzini\/#breadcrumb","itemListElement":[{"@type":"ListItem","position":1,"name":"Home","item":"https:\/\/pzlegal.ch\/fr\/"},{"@type":"ListItem","position":2,"name":"Qui sommes-nous \/ L&#8217;\u00e9tude","item":"https:\/\/pzlegal.ch\/fr\/qui-sommes-nous\/"},{"@type":"ListItem","position":3,"name":"Massimo Pedrazzini"}]},{"@type":"WebSite","@id":"https:\/\/pzlegal.ch\/#website","url":"https:\/\/pzlegal.ch\/","name":"Studio Legale Pedrazzini Zanazza &amp; Associati SA","description":"","publisher":{"@id":"https:\/\/pzlegal.ch\/#organization"},"potentialAction":[{"@type":"SearchAction","target":{"@type":"EntryPoint","urlTemplate":"https:\/\/pzlegal.ch\/?s={search_term_string}"},"query-input":{"@type":"PropertyValueSpecification","valueRequired":true,"valueName":"search_term_string"}}],"inLanguage":"fr-FR"},{"@type":"Organization","@id":"https:\/\/pzlegal.ch\/#organization","name":"Studio Legale Pedrazzini Zanazza &amp; Associati SA","url":"https:\/\/pzlegal.ch\/","logo":{"@type":"ImageObject","inLanguage":"fr-FR","@id":"https:\/\/pzlegal.ch\/#\/schema\/logo\/image\/","url":"https:\/\/pzlegal.ch\/wp-content\/uploads\/2025\/03\/studio_legale_pedranzini_zanazza.jpg","contentUrl":"https:\/\/pzlegal.ch\/wp-content\/uploads\/2025\/03\/studio_legale_pedranzini_zanazza.jpg","width":398,"height":74,"caption":"Studio Legale Pedrazzini Zanazza &amp; Associati SA"},"image":{"@id":"https:\/\/pzlegal.ch\/#\/schema\/logo\/image\/"}}]}},"_links":{"self":[{"href":"https:\/\/pzlegal.ch\/fr\/wp-json\/wp\/v2\/pages\/3734","targetHints":{"allow":["GET"]}}],"collection":[{"href":"https:\/\/pzlegal.ch\/fr\/wp-json\/wp\/v2\/pages"}],"about":[{"href":"https:\/\/pzlegal.ch\/fr\/wp-json\/wp\/v2\/types\/page"}],"author":[{"embeddable":true,"href":"https:\/\/pzlegal.ch\/fr\/wp-json\/wp\/v2\/users\/1"}],"replies":[{"embeddable":true,"href":"https:\/\/pzlegal.ch\/fr\/wp-json\/wp\/v2\/comments?post=3734"}],"version-history":[{"count":7,"href":"https:\/\/pzlegal.ch\/fr\/wp-json\/wp\/v2\/pages\/3734\/revisions"}],"predecessor-version":[{"id":4442,"href":"https:\/\/pzlegal.ch\/fr\/wp-json\/wp\/v2\/pages\/3734\/revisions\/4442"}],"up":[{"embeddable":true,"href":"https:\/\/pzlegal.ch\/fr\/wp-json\/wp\/v2\/pages\/3728"}],"wp:attachment":[{"href":"https:\/\/pzlegal.ch\/fr\/wp-json\/wp\/v2\/media?parent=3734"}],"curies":[{"name":"wp","href":"https:\/\/api.w.org\/{rel}","templated":true}]}}