{"id":3751,"date":"2025-04-07T14:50:13","date_gmt":"2025-04-07T14:50:13","guid":{"rendered":"https:\/\/pzlegal.ch\/?page_id=3751"},"modified":"2026-04-09T07:25:53","modified_gmt":"2026-04-09T07:25:53","slug":"paolo-zanazza","status":"publish","type":"page","link":"https:\/\/pzlegal.ch\/fr\/qui-sommes-nous\/paolo-zanazza\/","title":{"rendered":"Paolo Zanazza"},"content":{"rendered":"\t\t<div data-elementor-type=\"wp-page\" data-elementor-id=\"3751\" class=\"elementor elementor-3751 elementor-774\" data-elementor-post-type=\"page\">\n\t\t\t\t<div class=\"elementor-element elementor-element-b1cadf6 e-grid e-con-boxed e-con e-parent\" data-id=\"b1cadf6\" data-element_type=\"container\" data-e-type=\"container\">\n\t\t\t\t\t<div class=\"e-con-inner\">\n\t\t<div class=\"elementor-element elementor-element-4016ddb e-con-full e-flex e-con e-child\" data-id=\"4016ddb\" data-element_type=\"container\" data-e-type=\"container\">\n\t\t\t\t<div class=\"elementor-element elementor-element-87a3116 elementor-widget elementor-widget-image\" data-id=\"87a3116\" data-element_type=\"widget\" data-e-type=\"widget\" data-widget_type=\"image.default\">\n\t\t\t\t<div class=\"elementor-widget-container\">\n\t\t\t\t\t\t\t\t\t\t\t\t\t\t\t<img fetchpriority=\"high\" decoding=\"async\" width=\"625\" height=\"846\" src=\"https:\/\/pzlegal.ch\/wp-content\/uploads\/2025\/04\/paolo_zanazza_profilo.jpg\" class=\"attachment-full size-full wp-image-3111\" alt=\"\" srcset=\"https:\/\/pzlegal.ch\/wp-content\/uploads\/2025\/04\/paolo_zanazza_profilo.jpg 625w, https:\/\/pzlegal.ch\/wp-content\/uploads\/2025\/04\/paolo_zanazza_profilo-222x300.jpg 222w\" sizes=\"(max-width: 625px) 100vw, 625px\" \/>\t\t\t\t\t\t\t\t\t\t\t\t\t\t\t<\/div>\n\t\t\t\t<\/div>\n\t\t\t\t<\/div>\n\t\t<div class=\"elementor-element elementor-element-1adfcda e-con-full e-flex e-con e-child\" data-id=\"1adfcda\" data-element_type=\"container\" data-e-type=\"container\">\n\t\t\t\t<div class=\"elementor-element elementor-element-19fb3aa elementor-widget elementor-widget-heading\" data-id=\"19fb3aa\" data-element_type=\"widget\" data-e-type=\"widget\" data-widget_type=\"heading.default\">\n\t\t\t\t<div class=\"elementor-widget-container\">\n\t\t\t\t\t<h2 class=\"elementor-heading-title elementor-size-default\">Paolo Zanazza<\/h2>\t\t\t\t<\/div>\n\t\t\t\t<\/div>\n\t\t\t\t<div class=\"elementor-element elementor-element-f15c513 elementor-widget elementor-widget-text-editor\" data-id=\"f15c513\" data-element_type=\"widget\" data-e-type=\"widget\" data-widget_type=\"text-editor.default\">\n\t\t\t\t<div class=\"elementor-widget-container\">\n\t\t\t\t\t\t\t\t\t<p><strong><span style=\"color: #2c78c3;\">Domaines d&#8217;activit\u00e9:<\/span><br \/><\/strong>Conseils en mati\u00e8re de droit commercial et de droit des soci\u00e9t\u00e9s, d\u2019op\u00e9rations de fusions et acquisitions (M&amp;A), de droit des contrats au niveau international et de r\u00e9glementation des march\u00e9s financiers.<\/p>\t\t\t\t\t\t\t\t<\/div>\n\t\t\t\t<\/div>\n\t\t\t\t<div class=\"elementor-element elementor-element-14da152 elementor-widget elementor-widget-text-editor\" data-id=\"14da152\" data-element_type=\"widget\" data-e-type=\"widget\" data-widget_type=\"text-editor.default\">\n\t\t\t\t<div class=\"elementor-widget-container\">\n\t\t\t\t\t\t\t\t\t<p><strong><span style=\"color: #2c78c3;\">Langues:<\/span><br \/><\/strong>Italien, anglais et allemand<\/p>\t\t\t\t\t\t\t\t<\/div>\n\t\t\t\t<\/div>\n\t\t\t\t<div class=\"elementor-element elementor-element-d3c5e89 elementor-widget elementor-widget-text-editor\" data-id=\"d3c5e89\" data-element_type=\"widget\" data-e-type=\"widget\" data-widget_type=\"text-editor.default\">\n\t\t\t\t<div class=\"elementor-widget-container\">\n\t\t\t\t\t\t\t\t\t<p><strong><span style=\"color: #2c78c3;\">Contact:<\/span><br \/><\/strong>Tel. +41 91 973 15 76<\/p>\t\t\t\t\t\t\t\t<\/div>\n\t\t\t\t<\/div>\n\t\t\t\t<div class=\"elementor-element elementor-element-b9d7350 elementor-widget elementor-widget-image\" data-id=\"b9d7350\" data-element_type=\"widget\" data-e-type=\"widget\" data-widget_type=\"image.default\">\n\t\t\t\t<div class=\"elementor-widget-container\">\n\t\t\t\t\t\t\t\t\t\t\t\t\t\t\t\t<a href=\"https:\/\/ch.linkedin.com\/in\/pzanazza\" target=\"_blank\">\n\t\t\t\t\t\t\t<img decoding=\"async\" width=\"53\" height=\"53\" src=\"https:\/\/pzlegal.ch\/wp-content\/uploads\/2025\/04\/linkedin.jpg\" class=\"attachment-full size-full wp-image-3105\" alt=\"\" \/>\t\t\t\t\t\t\t\t<\/a>\n\t\t\t\t\t\t\t\t\t\t\t\t\t\t\t<\/div>\n\t\t\t\t<\/div>\n\t\t\t\t<div class=\"elementor-element elementor-element-7892d15 elementor-widget elementor-widget-text-editor\" data-id=\"7892d15\" data-element_type=\"widget\" data-e-type=\"widget\" data-widget_type=\"text-editor.default\">\n\t\t\t\t<div class=\"elementor-widget-container\">\n\t\t\t\t\t\t\t\t\t<p>Paolo Zanazza est associ\u00e9 fondateur de l\u2019\u00c9tude et exerce principalement dans le domaine du droit commercial et des contrats nationaux et internationaux.<br \/>Paolo a commenc\u00e9 sa carri\u00e8re aupr\u00e8s de R\u00f6dl &amp; Partner, un cabinet d&#8217;avocats allemand de premier plan, en faisant partie de l&#8217;\u00e9quipe M&amp;A German Desk. Apr\u00e8s avoir travaill\u00e9 avec l&#8217;\u00e9quipe juridique de KPMG, Paolo a rejoint en 2015 le Studio Legale Avv. Massimo G. Pedrazzini SA \u00e0 Lugano, o\u00f9 il assiste des clients suisses et internationaux.<\/p>\t\t\t\t\t\t\t\t<\/div>\n\t\t\t\t<\/div>\n\t\t\t\t<\/div>\n\t\t\t\t\t<\/div>\n\t\t\t\t<\/div>\n\t\t<div class=\"elementor-element elementor-element-10614b2 e-flex e-con-boxed e-con e-parent\" data-id=\"10614b2\" data-element_type=\"container\" data-e-type=\"container\">\n\t\t\t\t\t<div class=\"e-con-inner\">\n\t\t\t\t<div class=\"elementor-element elementor-element-9336051 elementor-widget elementor-widget-text-editor\" data-id=\"9336051\" data-element_type=\"widget\" data-e-type=\"widget\" data-widget_type=\"text-editor.default\">\n\t\t\t\t<div class=\"elementor-widget-container\">\n\t\t\t\t\t\t\t\t\t<p>Il poss\u00e8de une vaste exp\u00e9rience en mati\u00e8re de droit des soci\u00e9t\u00e9s, de fonds d&#8217;investissement, d\u2019op\u00e9rations de fusions et acquisitions (M&amp;A) tant sur le plan national qu\u2019international, d&#8217;accords commerciaux, de droit des march\u00e9s financiers, de droit immobilier, de corporate governance et de trust. Paolo est titulaire d&#8217;une licence en droit de l&#8217;Universit\u00e9 Bocconi de Milan.<\/p><p>Il est \u00e9galement titulaire d\u2019un Joint Degree in International and Business Law de la Freie Universit\u00e4t Berlin et de l&#8217;Universit\u00e9 de Paris XII, ainsi que d&#8217;une licence en \u00e9conomie et en droit des entreprises. Enfin, il a obtenu les titres de Certificate of Advanced Studies en Fondements juridiques de l\u2019entreprise et en Approfondissements juridiques sur l\u2019entreprise aupr\u00e8s de la Scuola universitaria professionale della Svizzera italiana.<\/p><p>C&#8217;est membre du conseil d\u2019administration de plusieurs soci\u00e9t\u00e9s, dont Caimato SA, Terzerina SA et Tifina Holdig SA.\u00a0<\/p>\t\t\t\t\t\t\t\t<\/div>\n\t\t\t\t<\/div>\n\t\t\t\t\t<\/div>\n\t\t\t\t<\/div>\n\t\t\t\t<\/div>\n\t\t","protected":false},"excerpt":{"rendered":"<p>Paolo Zanazza Domaines d&#8217;activit\u00e9:Conseils en mati\u00e8re de droit commercial et de droit des soci\u00e9t\u00e9s, d\u2019op\u00e9rations de fusions et acquisitions (M&amp;A), de droit des contrats au niveau international et de r\u00e9glementation des march\u00e9s financiers. Langues:Italien, anglais et allemand Contact:Tel. +41 91 973 15 76 Paolo Zanazza est associ\u00e9 fondateur de l\u2019\u00c9tude et exerce principalement dans le [&hellip;]<\/p>\n","protected":false},"author":1,"featured_media":0,"parent":3728,"menu_order":1,"comment_status":"closed","ping_status":"closed","template":"","meta":{"footnotes":""},"class_list":["post-3751","page","type-page","status-publish","hentry"],"yoast_head":"<!-- This site is optimized with the Yoast SEO plugin v27.2 - https:\/\/yoast.com\/product\/yoast-seo-wordpress\/ -->\n<title>Paolo Zanazza - Studio Legale Pedrazzini Zanazza &amp; Associati SA<\/title>\n<meta name=\"robots\" content=\"index, follow, max-snippet:-1, max-image-preview:large, max-video-preview:-1\" \/>\n<link rel=\"canonical\" href=\"https:\/\/pzlegal.ch\/chi-siamo\/paolo-zanazza\/\" \/>\n<meta property=\"og:locale\" content=\"fr_FR\" \/>\n<meta property=\"og:type\" content=\"article\" \/>\n<meta property=\"og:title\" content=\"Paolo Zanazza - Studio Legale Pedrazzini Zanazza &amp; Associati SA\" \/>\n<meta property=\"og:description\" content=\"Paolo Zanazza Domaines d&#8217;activit\u00e9:Conseils en mati\u00e8re de droit commercial et de droit des soci\u00e9t\u00e9s, d\u2019op\u00e9rations de fusions et acquisitions (M&amp;A), de droit des contrats au niveau international et de r\u00e9glementation des march\u00e9s financiers. Langues:Italien, anglais et allemand Contact:Tel. +41 91 973 15 76 Paolo Zanazza est associ\u00e9 fondateur de l\u2019\u00c9tude et exerce principalement dans le [&hellip;]\" \/>\n<meta property=\"og:url\" content=\"https:\/\/pzlegal.ch\/chi-siamo\/paolo-zanazza\/\" \/>\n<meta property=\"og:site_name\" content=\"Studio Legale Pedrazzini Zanazza &amp; Associati SA\" \/>\n<meta property=\"article:modified_time\" content=\"2026-04-09T07:25:53+00:00\" \/>\n<meta property=\"og:image\" content=\"https:\/\/pzlegal.ch\/wp-content\/uploads\/2025\/04\/paolo_zanazza_profilo.jpg\" \/>\n\t<meta property=\"og:image:width\" content=\"625\" \/>\n\t<meta property=\"og:image:height\" content=\"846\" \/>\n\t<meta property=\"og:image:type\" content=\"image\/jpeg\" \/>\n<meta name=\"twitter:card\" content=\"summary_large_image\" \/>\n<meta name=\"twitter:label1\" content=\"Est. reading time\" \/>\n\t<meta name=\"twitter:data1\" content=\"2 minutes\" \/>\n<script type=\"application\/ld+json\" class=\"yoast-schema-graph\">{\"@context\":\"https:\/\/schema.org\",\"@graph\":[{\"@type\":\"WebPage\",\"@id\":\"https:\/\/pzlegal.ch\/chi-siamo\/paolo-zanazza\/\",\"url\":\"https:\/\/pzlegal.ch\/chi-siamo\/paolo-zanazza\/\",\"name\":\"Paolo Zanazza - Studio Legale Pedrazzini Zanazza &amp; Associati SA\",\"isPartOf\":{\"@id\":\"https:\/\/pzlegal.ch\/#website\"},\"primaryImageOfPage\":{\"@id\":\"https:\/\/pzlegal.ch\/chi-siamo\/paolo-zanazza\/#primaryimage\"},\"image\":{\"@id\":\"https:\/\/pzlegal.ch\/chi-siamo\/paolo-zanazza\/#primaryimage\"},\"thumbnailUrl\":\"https:\/\/pzlegal.ch\/wp-content\/uploads\/2025\/04\/paolo_zanazza_profilo.jpg\",\"datePublished\":\"2025-04-07T14:50:13+00:00\",\"dateModified\":\"2026-04-09T07:25:53+00:00\",\"breadcrumb\":{\"@id\":\"https:\/\/pzlegal.ch\/chi-siamo\/paolo-zanazza\/#breadcrumb\"},\"inLanguage\":\"fr-FR\",\"potentialAction\":[{\"@type\":\"ReadAction\",\"target\":[\"https:\/\/pzlegal.ch\/chi-siamo\/paolo-zanazza\/\"]}]},{\"@type\":\"ImageObject\",\"inLanguage\":\"fr-FR\",\"@id\":\"https:\/\/pzlegal.ch\/chi-siamo\/paolo-zanazza\/#primaryimage\",\"url\":\"https:\/\/pzlegal.ch\/wp-content\/uploads\/2025\/04\/paolo_zanazza_profilo.jpg\",\"contentUrl\":\"https:\/\/pzlegal.ch\/wp-content\/uploads\/2025\/04\/paolo_zanazza_profilo.jpg\"},{\"@type\":\"BreadcrumbList\",\"@id\":\"https:\/\/pzlegal.ch\/chi-siamo\/paolo-zanazza\/#breadcrumb\",\"itemListElement\":[{\"@type\":\"ListItem\",\"position\":1,\"name\":\"Home\",\"item\":\"https:\/\/pzlegal.ch\/fr\/\"},{\"@type\":\"ListItem\",\"position\":2,\"name\":\"Qui sommes-nous \/ L&#8217;\u00e9tude\",\"item\":\"https:\/\/pzlegal.ch\/fr\/qui-sommes-nous\/\"},{\"@type\":\"ListItem\",\"position\":3,\"name\":\"Paolo Zanazza\"}]},{\"@type\":\"WebSite\",\"@id\":\"https:\/\/pzlegal.ch\/#website\",\"url\":\"https:\/\/pzlegal.ch\/\",\"name\":\"Studio Legale Pedrazzini Zanazza &amp; Associati SA\",\"description\":\"\",\"publisher\":{\"@id\":\"https:\/\/pzlegal.ch\/#organization\"},\"potentialAction\":[{\"@type\":\"SearchAction\",\"target\":{\"@type\":\"EntryPoint\",\"urlTemplate\":\"https:\/\/pzlegal.ch\/?s={search_term_string}\"},\"query-input\":{\"@type\":\"PropertyValueSpecification\",\"valueRequired\":true,\"valueName\":\"search_term_string\"}}],\"inLanguage\":\"fr-FR\"},{\"@type\":\"Organization\",\"@id\":\"https:\/\/pzlegal.ch\/#organization\",\"name\":\"Studio Legale Pedrazzini Zanazza &amp; Associati SA\",\"url\":\"https:\/\/pzlegal.ch\/\",\"logo\":{\"@type\":\"ImageObject\",\"inLanguage\":\"fr-FR\",\"@id\":\"https:\/\/pzlegal.ch\/#\/schema\/logo\/image\/\",\"url\":\"https:\/\/pzlegal.ch\/wp-content\/uploads\/2025\/03\/studio_legale_pedranzini_zanazza.jpg\",\"contentUrl\":\"https:\/\/pzlegal.ch\/wp-content\/uploads\/2025\/03\/studio_legale_pedranzini_zanazza.jpg\",\"width\":398,\"height\":74,\"caption\":\"Studio Legale Pedrazzini Zanazza &amp; Associati SA\"},\"image\":{\"@id\":\"https:\/\/pzlegal.ch\/#\/schema\/logo\/image\/\"}}]}<\/script>\n<!-- \/ Yoast SEO plugin. -->","yoast_head_json":{"title":"Paolo Zanazza - Studio Legale Pedrazzini Zanazza &amp; Associati SA","robots":{"index":"index","follow":"follow","max-snippet":"max-snippet:-1","max-image-preview":"max-image-preview:large","max-video-preview":"max-video-preview:-1"},"canonical":"https:\/\/pzlegal.ch\/chi-siamo\/paolo-zanazza\/","og_locale":"fr_FR","og_type":"article","og_title":"Paolo Zanazza - Studio Legale Pedrazzini Zanazza &amp; Associati SA","og_description":"Paolo Zanazza Domaines d&#8217;activit\u00e9:Conseils en mati\u00e8re de droit commercial et de droit des soci\u00e9t\u00e9s, d\u2019op\u00e9rations de fusions et acquisitions (M&amp;A), de droit des contrats au niveau international et de r\u00e9glementation des march\u00e9s financiers. Langues:Italien, anglais et allemand Contact:Tel. +41 91 973 15 76 Paolo Zanazza est associ\u00e9 fondateur de l\u2019\u00c9tude et exerce principalement dans le [&hellip;]","og_url":"https:\/\/pzlegal.ch\/chi-siamo\/paolo-zanazza\/","og_site_name":"Studio Legale Pedrazzini Zanazza &amp; Associati SA","article_modified_time":"2026-04-09T07:25:53+00:00","og_image":[{"width":625,"height":846,"url":"https:\/\/pzlegal.ch\/wp-content\/uploads\/2025\/04\/paolo_zanazza_profilo.jpg","type":"image\/jpeg"}],"twitter_card":"summary_large_image","twitter_misc":{"Est. reading time":"2 minutes"},"schema":{"@context":"https:\/\/schema.org","@graph":[{"@type":"WebPage","@id":"https:\/\/pzlegal.ch\/chi-siamo\/paolo-zanazza\/","url":"https:\/\/pzlegal.ch\/chi-siamo\/paolo-zanazza\/","name":"Paolo Zanazza - Studio Legale Pedrazzini Zanazza &amp; Associati SA","isPartOf":{"@id":"https:\/\/pzlegal.ch\/#website"},"primaryImageOfPage":{"@id":"https:\/\/pzlegal.ch\/chi-siamo\/paolo-zanazza\/#primaryimage"},"image":{"@id":"https:\/\/pzlegal.ch\/chi-siamo\/paolo-zanazza\/#primaryimage"},"thumbnailUrl":"https:\/\/pzlegal.ch\/wp-content\/uploads\/2025\/04\/paolo_zanazza_profilo.jpg","datePublished":"2025-04-07T14:50:13+00:00","dateModified":"2026-04-09T07:25:53+00:00","breadcrumb":{"@id":"https:\/\/pzlegal.ch\/chi-siamo\/paolo-zanazza\/#breadcrumb"},"inLanguage":"fr-FR","potentialAction":[{"@type":"ReadAction","target":["https:\/\/pzlegal.ch\/chi-siamo\/paolo-zanazza\/"]}]},{"@type":"ImageObject","inLanguage":"fr-FR","@id":"https:\/\/pzlegal.ch\/chi-siamo\/paolo-zanazza\/#primaryimage","url":"https:\/\/pzlegal.ch\/wp-content\/uploads\/2025\/04\/paolo_zanazza_profilo.jpg","contentUrl":"https:\/\/pzlegal.ch\/wp-content\/uploads\/2025\/04\/paolo_zanazza_profilo.jpg"},{"@type":"BreadcrumbList","@id":"https:\/\/pzlegal.ch\/chi-siamo\/paolo-zanazza\/#breadcrumb","itemListElement":[{"@type":"ListItem","position":1,"name":"Home","item":"https:\/\/pzlegal.ch\/fr\/"},{"@type":"ListItem","position":2,"name":"Qui sommes-nous \/ L&#8217;\u00e9tude","item":"https:\/\/pzlegal.ch\/fr\/qui-sommes-nous\/"},{"@type":"ListItem","position":3,"name":"Paolo Zanazza"}]},{"@type":"WebSite","@id":"https:\/\/pzlegal.ch\/#website","url":"https:\/\/pzlegal.ch\/","name":"Studio Legale Pedrazzini Zanazza &amp; Associati SA","description":"","publisher":{"@id":"https:\/\/pzlegal.ch\/#organization"},"potentialAction":[{"@type":"SearchAction","target":{"@type":"EntryPoint","urlTemplate":"https:\/\/pzlegal.ch\/?s={search_term_string}"},"query-input":{"@type":"PropertyValueSpecification","valueRequired":true,"valueName":"search_term_string"}}],"inLanguage":"fr-FR"},{"@type":"Organization","@id":"https:\/\/pzlegal.ch\/#organization","name":"Studio Legale Pedrazzini Zanazza &amp; Associati SA","url":"https:\/\/pzlegal.ch\/","logo":{"@type":"ImageObject","inLanguage":"fr-FR","@id":"https:\/\/pzlegal.ch\/#\/schema\/logo\/image\/","url":"https:\/\/pzlegal.ch\/wp-content\/uploads\/2025\/03\/studio_legale_pedranzini_zanazza.jpg","contentUrl":"https:\/\/pzlegal.ch\/wp-content\/uploads\/2025\/03\/studio_legale_pedranzini_zanazza.jpg","width":398,"height":74,"caption":"Studio Legale Pedrazzini Zanazza &amp; Associati SA"},"image":{"@id":"https:\/\/pzlegal.ch\/#\/schema\/logo\/image\/"}}]}},"_links":{"self":[{"href":"https:\/\/pzlegal.ch\/fr\/wp-json\/wp\/v2\/pages\/3751","targetHints":{"allow":["GET"]}}],"collection":[{"href":"https:\/\/pzlegal.ch\/fr\/wp-json\/wp\/v2\/pages"}],"about":[{"href":"https:\/\/pzlegal.ch\/fr\/wp-json\/wp\/v2\/types\/page"}],"author":[{"embeddable":true,"href":"https:\/\/pzlegal.ch\/fr\/wp-json\/wp\/v2\/users\/1"}],"replies":[{"embeddable":true,"href":"https:\/\/pzlegal.ch\/fr\/wp-json\/wp\/v2\/comments?post=3751"}],"version-history":[{"count":10,"href":"https:\/\/pzlegal.ch\/fr\/wp-json\/wp\/v2\/pages\/3751\/revisions"}],"predecessor-version":[{"id":4474,"href":"https:\/\/pzlegal.ch\/fr\/wp-json\/wp\/v2\/pages\/3751\/revisions\/4474"}],"up":[{"embeddable":true,"href":"https:\/\/pzlegal.ch\/fr\/wp-json\/wp\/v2\/pages\/3728"}],"wp:attachment":[{"href":"https:\/\/pzlegal.ch\/fr\/wp-json\/wp\/v2\/media?parent=3751"}],"curies":[{"name":"wp","href":"https:\/\/api.w.org\/{rel}","templated":true}]}}