{"id":3761,"date":"2025-04-08T10:08:56","date_gmt":"2025-04-08T10:08:56","guid":{"rendered":"https:\/\/pzlegal.ch\/?page_id=3761"},"modified":"2025-08-01T09:56:56","modified_gmt":"2025-08-01T09:56:56","slug":"giulia-buosi","status":"publish","type":"page","link":"https:\/\/pzlegal.ch\/fr\/qui-sommes-nous\/giulia-buosi\/","title":{"rendered":"Giulia Buosi"},"content":{"rendered":"\t\t<div data-elementor-type=\"wp-page\" data-elementor-id=\"3761\" class=\"elementor elementor-3761 elementor-942\" data-elementor-post-type=\"page\">\n\t\t\t\t<div class=\"elementor-element elementor-element-1761cfa8 e-grid e-con-boxed e-con e-parent\" data-id=\"1761cfa8\" data-element_type=\"container\" data-e-type=\"container\">\n\t\t\t\t\t<div class=\"e-con-inner\">\n\t\t<div class=\"elementor-element elementor-element-d355d07 e-con-full e-flex e-con e-child\" data-id=\"d355d07\" data-element_type=\"container\" data-e-type=\"container\">\n\t\t\t\t<div class=\"elementor-element elementor-element-6498fd72 elementor-widget elementor-widget-image\" data-id=\"6498fd72\" data-element_type=\"widget\" data-e-type=\"widget\" data-widget_type=\"image.default\">\n\t\t\t\t<div class=\"elementor-widget-container\">\n\t\t\t\t\t\t\t\t\t\t\t\t\t\t\t<img fetchpriority=\"high\" decoding=\"async\" width=\"625\" height=\"846\" src=\"https:\/\/pzlegal.ch\/wp-content\/uploads\/2025\/04\/giulia_buosi_profilo.jpg\" class=\"attachment-large size-large wp-image-3114\" alt=\"\" srcset=\"https:\/\/pzlegal.ch\/wp-content\/uploads\/2025\/04\/giulia_buosi_profilo.jpg 625w, https:\/\/pzlegal.ch\/wp-content\/uploads\/2025\/04\/giulia_buosi_profilo-222x300.jpg 222w\" sizes=\"(max-width: 625px) 100vw, 625px\" \/>\t\t\t\t\t\t\t\t\t\t\t\t\t\t\t<\/div>\n\t\t\t\t<\/div>\n\t\t\t\t<\/div>\n\t\t<div class=\"elementor-element elementor-element-3e47a95e e-con-full e-flex e-con e-child\" data-id=\"3e47a95e\" data-element_type=\"container\" data-e-type=\"container\">\n\t\t\t\t<div class=\"elementor-element elementor-element-448d439f elementor-widget elementor-widget-heading\" data-id=\"448d439f\" data-element_type=\"widget\" data-e-type=\"widget\" data-widget_type=\"heading.default\">\n\t\t\t\t<div class=\"elementor-widget-container\">\n\t\t\t\t\t<h2 class=\"elementor-heading-title elementor-size-default\">Giulia Buosi<\/h2>\t\t\t\t<\/div>\n\t\t\t\t<\/div>\n\t\t\t\t<div class=\"elementor-element elementor-element-7eac1793 elementor-widget elementor-widget-text-editor\" data-id=\"7eac1793\" data-element_type=\"widget\" data-e-type=\"widget\" data-widget_type=\"text-editor.default\">\n\t\t\t\t<div class=\"elementor-widget-container\">\n\t\t\t\t\t\t\t\t\t<p><strong><span style=\"color: #2c78c3;\">Domaines d&#8217;activit\u00e9:<\/span><br \/><\/strong>Conseils en mati\u00e8re de droit des soci\u00e9t\u00e9s, de droit du travail et de droit p\u00e9nal suisse, avec une exp\u00e9rience dans le domaine de la lutte contre le blanchiment d&#8217;argent et de la responsabilit\u00e9 p\u00e9nale des entreprises.<\/p>\t\t\t\t\t\t\t\t<\/div>\n\t\t\t\t<\/div>\n\t\t\t\t<div class=\"elementor-element elementor-element-32681325 elementor-widget elementor-widget-text-editor\" data-id=\"32681325\" data-element_type=\"widget\" data-e-type=\"widget\" data-widget_type=\"text-editor.default\">\n\t\t\t\t<div class=\"elementor-widget-container\">\n\t\t\t\t\t\t\t\t\t<p><strong><span style=\"color: #2c78c3;\">Langues:<\/span><br \/><\/strong>Italien, anglais, fran\u00e7ais<\/p>\t\t\t\t\t\t\t\t<\/div>\n\t\t\t\t<\/div>\n\t\t\t\t<div class=\"elementor-element elementor-element-31befb30 elementor-widget elementor-widget-text-editor\" data-id=\"31befb30\" data-element_type=\"widget\" data-e-type=\"widget\" data-widget_type=\"text-editor.default\">\n\t\t\t\t<div class=\"elementor-widget-container\">\n\t\t\t\t\t\t\t\t\t<p><strong><span style=\"color: #2c78c3;\">Contact:<\/span><br \/><\/strong>Tel. : +41 91 973 15 75<\/p>\t\t\t\t\t\t\t\t<\/div>\n\t\t\t\t<\/div>\n\t\t\t\t<div class=\"elementor-element elementor-element-47a1edc8 elementor-widget elementor-widget-image\" data-id=\"47a1edc8\" data-element_type=\"widget\" data-e-type=\"widget\" data-widget_type=\"image.default\">\n\t\t\t\t<div class=\"elementor-widget-container\">\n\t\t\t\t\t\t\t\t\t\t\t\t\t\t\t\t<a href=\"https:\/\/ch.linkedin.com\/in\/giulia-buosi-26402a150?trk=people-guest_people_search-card\" target=\"_blank\">\n\t\t\t\t\t\t\t<img decoding=\"async\" width=\"53\" height=\"53\" src=\"https:\/\/pzlegal.ch\/wp-content\/uploads\/2025\/04\/linkedin.jpg\" class=\"attachment-full size-full wp-image-3105\" alt=\"\" \/>\t\t\t\t\t\t\t\t<\/a>\n\t\t\t\t\t\t\t\t\t\t\t\t\t\t\t<\/div>\n\t\t\t\t<\/div>\n\t\t\t\t<div class=\"elementor-element elementor-element-5753a794 elementor-widget elementor-widget-text-editor\" data-id=\"5753a794\" data-element_type=\"widget\" data-e-type=\"widget\" data-widget_type=\"text-editor.default\">\n\t\t\t\t<div class=\"elementor-widget-container\">\n\t\t\t\t\t\t\t\t\t<p>Giulia Buosi exerce au sein de l\u2019\u00c9tude en tant qu&#8217;avocate et se consacre principalement \u00e0 fournir des conseils et de l&#8217;assistance juridiques dans le domaine du droit suisse, en particulier du droit des soci\u00e9t\u00e9s, du droit du travail et du droit p\u00e9nal.<br \/>Apr\u00e8s une exp\u00e9rience professionnelle dans une soci\u00e9t\u00e9 suisse active dans le domaine de la lutte contre le blanchiment d&#8217;argent, Giulia a effectu\u00e9 son stage obligatoire aupr\u00e8s d&#8217;une \u00e9tude d&#8217;avocats suisse. Elle a obtenu le brevet d&#8217;avocat le 16 d\u00e9cembre 2023 et est inscrite au registre cantonal des avocats depuis f\u00e9vrier 2024.<\/p>\t\t\t\t\t\t\t\t<\/div>\n\t\t\t\t<\/div>\n\t\t\t\t<\/div>\n\t\t\t\t\t<\/div>\n\t\t\t\t<\/div>\n\t\t<div class=\"elementor-element elementor-element-fd3a730 e-flex e-con-boxed e-con e-parent\" data-id=\"fd3a730\" data-element_type=\"container\" data-e-type=\"container\">\n\t\t\t\t\t<div class=\"e-con-inner\">\n\t\t\t\t<div class=\"elementor-element elementor-element-6b30173 elementor-widget elementor-widget-text-editor\" data-id=\"6b30173\" data-element_type=\"widget\" data-e-type=\"widget\" data-widget_type=\"text-editor.default\">\n\t\t\t\t<div class=\"elementor-widget-container\">\n\t\t\t\t\t\t\t\t\t<p>Elle est membre de l&#8217;Ordre des avocats du canton du Tessin (OATI) et de la F\u00e9d\u00e9ration suisse des avocats (FSA).<\/p><p>\u00a0<\/p><p>Giulia a obtenu sa licence en droit \u00e0 l&#8217;Universit\u00e9 de Milan en janvier 2020 et son Master of Advanced Studies in Business Law \u00e0 la Scuola universitaria professionale della Svizzera italiana (SUPSI) en 2023, en soutenant un m\u00e9moire sur le th\u00e8me de la responsabilit\u00e9 p\u00e9nale des entreprises en vertu du Code p\u00e9nal suisse.<\/p>\t\t\t\t\t\t\t\t<\/div>\n\t\t\t\t<\/div>\n\t\t\t\t\t<\/div>\n\t\t\t\t<\/div>\n\t\t\t\t<\/div>\n\t\t","protected":false},"excerpt":{"rendered":"<p>Giulia Buosi Domaines d&#8217;activit\u00e9:Conseils en mati\u00e8re de droit des soci\u00e9t\u00e9s, de droit du travail et de droit p\u00e9nal suisse, avec une exp\u00e9rience dans le domaine de la lutte contre le blanchiment d&#8217;argent et de la responsabilit\u00e9 p\u00e9nale des entreprises. Langues:Italien, anglais, fran\u00e7ais Contact:Tel. : +41 91 973 15 75 Giulia Buosi exerce au sein de [&hellip;]<\/p>\n","protected":false},"author":1,"featured_media":0,"parent":3728,"menu_order":2,"comment_status":"closed","ping_status":"closed","template":"","meta":{"footnotes":""},"class_list":["post-3761","page","type-page","status-publish","hentry"],"yoast_head":"<!-- This site is optimized with the Yoast SEO plugin v27.2 - https:\/\/yoast.com\/product\/yoast-seo-wordpress\/ -->\n<title>Giulia Buosi - Studio Legale Pedrazzini Zanazza &amp; Associati SA<\/title>\n<meta name=\"robots\" content=\"index, follow, max-snippet:-1, max-image-preview:large, max-video-preview:-1\" \/>\n<link rel=\"canonical\" href=\"https:\/\/pzlegal.ch\/fr\/qui-sommes-nous\/giulia-buosi\/\" \/>\n<meta property=\"og:locale\" content=\"fr_FR\" \/>\n<meta property=\"og:type\" content=\"article\" \/>\n<meta property=\"og:title\" content=\"Giulia Buosi - Studio Legale Pedrazzini Zanazza &amp; Associati SA\" \/>\n<meta property=\"og:description\" content=\"Giulia Buosi Domaines d&#8217;activit\u00e9:Conseils en mati\u00e8re de droit des soci\u00e9t\u00e9s, de droit du travail et de droit p\u00e9nal suisse, avec une exp\u00e9rience dans le domaine de la lutte contre le blanchiment d&#8217;argent et de la responsabilit\u00e9 p\u00e9nale des entreprises. Langues:Italien, anglais, fran\u00e7ais Contact:Tel. : +41 91 973 15 75 Giulia Buosi exerce au sein de [&hellip;]\" \/>\n<meta property=\"og:url\" content=\"https:\/\/pzlegal.ch\/fr\/qui-sommes-nous\/giulia-buosi\/\" \/>\n<meta property=\"og:site_name\" content=\"Studio Legale Pedrazzini Zanazza &amp; Associati SA\" \/>\n<meta property=\"article:modified_time\" content=\"2025-08-01T09:56:56+00:00\" \/>\n<meta property=\"og:image\" content=\"https:\/\/pzlegal.ch\/wp-content\/uploads\/2025\/04\/giulia_buosi_profilo.jpg\" \/>\n\t<meta property=\"og:image:width\" content=\"625\" \/>\n\t<meta property=\"og:image:height\" content=\"846\" \/>\n\t<meta property=\"og:image:type\" content=\"image\/jpeg\" \/>\n<meta name=\"twitter:card\" content=\"summary_large_image\" \/>\n<meta name=\"twitter:label1\" content=\"Est. reading time\" \/>\n\t<meta name=\"twitter:data1\" content=\"2 minutes\" \/>\n<script type=\"application\/ld+json\" class=\"yoast-schema-graph\">{\"@context\":\"https:\/\/schema.org\",\"@graph\":[{\"@type\":\"WebPage\",\"@id\":\"https:\/\/pzlegal.ch\/fr\/qui-sommes-nous\/giulia-buosi\/\",\"url\":\"https:\/\/pzlegal.ch\/fr\/qui-sommes-nous\/giulia-buosi\/\",\"name\":\"Giulia Buosi - Studio Legale Pedrazzini Zanazza &amp; Associati SA\",\"isPartOf\":{\"@id\":\"https:\/\/pzlegal.ch\/#website\"},\"primaryImageOfPage\":{\"@id\":\"https:\/\/pzlegal.ch\/fr\/qui-sommes-nous\/giulia-buosi\/#primaryimage\"},\"image\":{\"@id\":\"https:\/\/pzlegal.ch\/fr\/qui-sommes-nous\/giulia-buosi\/#primaryimage\"},\"thumbnailUrl\":\"https:\/\/pzlegal.ch\/wp-content\/uploads\/2025\/04\/giulia_buosi_profilo.jpg\",\"datePublished\":\"2025-04-08T10:08:56+00:00\",\"dateModified\":\"2025-08-01T09:56:56+00:00\",\"breadcrumb\":{\"@id\":\"https:\/\/pzlegal.ch\/fr\/qui-sommes-nous\/giulia-buosi\/#breadcrumb\"},\"inLanguage\":\"fr-FR\",\"potentialAction\":[{\"@type\":\"ReadAction\",\"target\":[\"https:\/\/pzlegal.ch\/fr\/qui-sommes-nous\/giulia-buosi\/\"]}]},{\"@type\":\"ImageObject\",\"inLanguage\":\"fr-FR\",\"@id\":\"https:\/\/pzlegal.ch\/fr\/qui-sommes-nous\/giulia-buosi\/#primaryimage\",\"url\":\"https:\/\/pzlegal.ch\/wp-content\/uploads\/2025\/04\/giulia_buosi_profilo.jpg\",\"contentUrl\":\"https:\/\/pzlegal.ch\/wp-content\/uploads\/2025\/04\/giulia_buosi_profilo.jpg\"},{\"@type\":\"BreadcrumbList\",\"@id\":\"https:\/\/pzlegal.ch\/fr\/qui-sommes-nous\/giulia-buosi\/#breadcrumb\",\"itemListElement\":[{\"@type\":\"ListItem\",\"position\":1,\"name\":\"Home\",\"item\":\"https:\/\/pzlegal.ch\/fr\/\"},{\"@type\":\"ListItem\",\"position\":2,\"name\":\"Qui sommes-nous \/ L&#8217;\u00e9tude\",\"item\":\"https:\/\/pzlegal.ch\/fr\/qui-sommes-nous\/\"},{\"@type\":\"ListItem\",\"position\":3,\"name\":\"Giulia Buosi\"}]},{\"@type\":\"WebSite\",\"@id\":\"https:\/\/pzlegal.ch\/#website\",\"url\":\"https:\/\/pzlegal.ch\/\",\"name\":\"Studio Legale Pedrazzini Zanazza &amp; Associati SA\",\"description\":\"\",\"publisher\":{\"@id\":\"https:\/\/pzlegal.ch\/#organization\"},\"potentialAction\":[{\"@type\":\"SearchAction\",\"target\":{\"@type\":\"EntryPoint\",\"urlTemplate\":\"https:\/\/pzlegal.ch\/?s={search_term_string}\"},\"query-input\":{\"@type\":\"PropertyValueSpecification\",\"valueRequired\":true,\"valueName\":\"search_term_string\"}}],\"inLanguage\":\"fr-FR\"},{\"@type\":\"Organization\",\"@id\":\"https:\/\/pzlegal.ch\/#organization\",\"name\":\"Studio Legale Pedrazzini Zanazza &amp; Associati SA\",\"url\":\"https:\/\/pzlegal.ch\/\",\"logo\":{\"@type\":\"ImageObject\",\"inLanguage\":\"fr-FR\",\"@id\":\"https:\/\/pzlegal.ch\/#\/schema\/logo\/image\/\",\"url\":\"https:\/\/pzlegal.ch\/wp-content\/uploads\/2025\/03\/studio_legale_pedranzini_zanazza.jpg\",\"contentUrl\":\"https:\/\/pzlegal.ch\/wp-content\/uploads\/2025\/03\/studio_legale_pedranzini_zanazza.jpg\",\"width\":398,\"height\":74,\"caption\":\"Studio Legale Pedrazzini Zanazza &amp; Associati SA\"},\"image\":{\"@id\":\"https:\/\/pzlegal.ch\/#\/schema\/logo\/image\/\"}}]}<\/script>\n<!-- \/ Yoast SEO plugin. -->","yoast_head_json":{"title":"Giulia Buosi - Studio Legale Pedrazzini Zanazza &amp; Associati SA","robots":{"index":"index","follow":"follow","max-snippet":"max-snippet:-1","max-image-preview":"max-image-preview:large","max-video-preview":"max-video-preview:-1"},"canonical":"https:\/\/pzlegal.ch\/fr\/qui-sommes-nous\/giulia-buosi\/","og_locale":"fr_FR","og_type":"article","og_title":"Giulia Buosi - Studio Legale Pedrazzini Zanazza &amp; Associati SA","og_description":"Giulia Buosi Domaines d&#8217;activit\u00e9:Conseils en mati\u00e8re de droit des soci\u00e9t\u00e9s, de droit du travail et de droit p\u00e9nal suisse, avec une exp\u00e9rience dans le domaine de la lutte contre le blanchiment d&#8217;argent et de la responsabilit\u00e9 p\u00e9nale des entreprises. Langues:Italien, anglais, fran\u00e7ais Contact:Tel. : +41 91 973 15 75 Giulia Buosi exerce au sein de [&hellip;]","og_url":"https:\/\/pzlegal.ch\/fr\/qui-sommes-nous\/giulia-buosi\/","og_site_name":"Studio Legale Pedrazzini Zanazza &amp; Associati SA","article_modified_time":"2025-08-01T09:56:56+00:00","og_image":[{"width":625,"height":846,"url":"https:\/\/pzlegal.ch\/wp-content\/uploads\/2025\/04\/giulia_buosi_profilo.jpg","type":"image\/jpeg"}],"twitter_card":"summary_large_image","twitter_misc":{"Est. reading time":"2 minutes"},"schema":{"@context":"https:\/\/schema.org","@graph":[{"@type":"WebPage","@id":"https:\/\/pzlegal.ch\/fr\/qui-sommes-nous\/giulia-buosi\/","url":"https:\/\/pzlegal.ch\/fr\/qui-sommes-nous\/giulia-buosi\/","name":"Giulia Buosi - Studio Legale Pedrazzini Zanazza &amp; Associati SA","isPartOf":{"@id":"https:\/\/pzlegal.ch\/#website"},"primaryImageOfPage":{"@id":"https:\/\/pzlegal.ch\/fr\/qui-sommes-nous\/giulia-buosi\/#primaryimage"},"image":{"@id":"https:\/\/pzlegal.ch\/fr\/qui-sommes-nous\/giulia-buosi\/#primaryimage"},"thumbnailUrl":"https:\/\/pzlegal.ch\/wp-content\/uploads\/2025\/04\/giulia_buosi_profilo.jpg","datePublished":"2025-04-08T10:08:56+00:00","dateModified":"2025-08-01T09:56:56+00:00","breadcrumb":{"@id":"https:\/\/pzlegal.ch\/fr\/qui-sommes-nous\/giulia-buosi\/#breadcrumb"},"inLanguage":"fr-FR","potentialAction":[{"@type":"ReadAction","target":["https:\/\/pzlegal.ch\/fr\/qui-sommes-nous\/giulia-buosi\/"]}]},{"@type":"ImageObject","inLanguage":"fr-FR","@id":"https:\/\/pzlegal.ch\/fr\/qui-sommes-nous\/giulia-buosi\/#primaryimage","url":"https:\/\/pzlegal.ch\/wp-content\/uploads\/2025\/04\/giulia_buosi_profilo.jpg","contentUrl":"https:\/\/pzlegal.ch\/wp-content\/uploads\/2025\/04\/giulia_buosi_profilo.jpg"},{"@type":"BreadcrumbList","@id":"https:\/\/pzlegal.ch\/fr\/qui-sommes-nous\/giulia-buosi\/#breadcrumb","itemListElement":[{"@type":"ListItem","position":1,"name":"Home","item":"https:\/\/pzlegal.ch\/fr\/"},{"@type":"ListItem","position":2,"name":"Qui sommes-nous \/ L&#8217;\u00e9tude","item":"https:\/\/pzlegal.ch\/fr\/qui-sommes-nous\/"},{"@type":"ListItem","position":3,"name":"Giulia Buosi"}]},{"@type":"WebSite","@id":"https:\/\/pzlegal.ch\/#website","url":"https:\/\/pzlegal.ch\/","name":"Studio Legale Pedrazzini Zanazza &amp; Associati SA","description":"","publisher":{"@id":"https:\/\/pzlegal.ch\/#organization"},"potentialAction":[{"@type":"SearchAction","target":{"@type":"EntryPoint","urlTemplate":"https:\/\/pzlegal.ch\/?s={search_term_string}"},"query-input":{"@type":"PropertyValueSpecification","valueRequired":true,"valueName":"search_term_string"}}],"inLanguage":"fr-FR"},{"@type":"Organization","@id":"https:\/\/pzlegal.ch\/#organization","name":"Studio Legale Pedrazzini Zanazza &amp; Associati SA","url":"https:\/\/pzlegal.ch\/","logo":{"@type":"ImageObject","inLanguage":"fr-FR","@id":"https:\/\/pzlegal.ch\/#\/schema\/logo\/image\/","url":"https:\/\/pzlegal.ch\/wp-content\/uploads\/2025\/03\/studio_legale_pedranzini_zanazza.jpg","contentUrl":"https:\/\/pzlegal.ch\/wp-content\/uploads\/2025\/03\/studio_legale_pedranzini_zanazza.jpg","width":398,"height":74,"caption":"Studio Legale Pedrazzini Zanazza &amp; Associati SA"},"image":{"@id":"https:\/\/pzlegal.ch\/#\/schema\/logo\/image\/"}}]}},"_links":{"self":[{"href":"https:\/\/pzlegal.ch\/fr\/wp-json\/wp\/v2\/pages\/3761","targetHints":{"allow":["GET"]}}],"collection":[{"href":"https:\/\/pzlegal.ch\/fr\/wp-json\/wp\/v2\/pages"}],"about":[{"href":"https:\/\/pzlegal.ch\/fr\/wp-json\/wp\/v2\/types\/page"}],"author":[{"embeddable":true,"href":"https:\/\/pzlegal.ch\/fr\/wp-json\/wp\/v2\/users\/1"}],"replies":[{"embeddable":true,"href":"https:\/\/pzlegal.ch\/fr\/wp-json\/wp\/v2\/comments?post=3761"}],"version-history":[{"count":4,"href":"https:\/\/pzlegal.ch\/fr\/wp-json\/wp\/v2\/pages\/3761\/revisions"}],"predecessor-version":[{"id":3765,"href":"https:\/\/pzlegal.ch\/fr\/wp-json\/wp\/v2\/pages\/3761\/revisions\/3765"}],"up":[{"embeddable":true,"href":"https:\/\/pzlegal.ch\/fr\/wp-json\/wp\/v2\/pages\/3728"}],"wp:attachment":[{"href":"https:\/\/pzlegal.ch\/fr\/wp-json\/wp\/v2\/media?parent=3761"}],"curies":[{"name":"wp","href":"https:\/\/api.w.org\/{rel}","templated":true}]}}