{"id":3771,"date":"2025-07-23T14:08:40","date_gmt":"2025-07-23T14:08:40","guid":{"rendered":"https:\/\/pzlegal.ch\/?page_id=3771"},"modified":"2025-08-01T10:05:24","modified_gmt":"2025-08-01T10:05:24","slug":"helene-bergerhoff","status":"publish","type":"page","link":"https:\/\/pzlegal.ch\/fr\/qui-sommes-nous\/helene-bergerhoff\/","title":{"rendered":"H\u00e9l\u00e8ne Bergerhoff"},"content":{"rendered":"\t\t<div data-elementor-type=\"wp-page\" data-elementor-id=\"3771\" class=\"elementor elementor-3771 elementor-2936\" data-elementor-post-type=\"page\">\n\t\t\t\t<div class=\"elementor-element elementor-element-b7bce53 e-grid e-con-boxed e-con e-parent\" data-id=\"b7bce53\" data-element_type=\"container\" data-e-type=\"container\">\n\t\t\t\t\t<div class=\"e-con-inner\">\n\t\t<div class=\"elementor-element elementor-element-dec69e7 e-con-full e-flex e-con e-child\" data-id=\"dec69e7\" data-element_type=\"container\" data-e-type=\"container\">\n\t\t\t\t<div class=\"elementor-element elementor-element-d2b7625 elementor-widget elementor-widget-image\" data-id=\"d2b7625\" data-element_type=\"widget\" data-e-type=\"widget\" data-widget_type=\"image.default\">\n\t\t\t\t<div class=\"elementor-widget-container\">\n\t\t\t\t\t\t\t\t\t\t\t\t\t\t\t<img fetchpriority=\"high\" decoding=\"async\" width=\"625\" height=\"846\" src=\"https:\/\/pzlegal.ch\/wp-content\/uploads\/2025\/07\/helene_bergerhoff_profilo.jpg\" class=\"attachment-large size-large wp-image-3308\" alt=\"\" srcset=\"https:\/\/pzlegal.ch\/wp-content\/uploads\/2025\/07\/helene_bergerhoff_profilo.jpg 625w, https:\/\/pzlegal.ch\/wp-content\/uploads\/2025\/07\/helene_bergerhoff_profilo-222x300.jpg 222w\" sizes=\"(max-width: 625px) 100vw, 625px\" \/>\t\t\t\t\t\t\t\t\t\t\t\t\t\t\t<\/div>\n\t\t\t\t<\/div>\n\t\t\t\t<\/div>\n\t\t<div class=\"elementor-element elementor-element-1705e65 e-con-full e-flex e-con e-child\" data-id=\"1705e65\" data-element_type=\"container\" data-e-type=\"container\">\n\t\t\t\t<div class=\"elementor-element elementor-element-f231d85 elementor-widget elementor-widget-heading\" data-id=\"f231d85\" data-element_type=\"widget\" data-e-type=\"widget\" data-widget_type=\"heading.default\">\n\t\t\t\t<div class=\"elementor-widget-container\">\n\t\t\t\t\t<h2 class=\"elementor-heading-title elementor-size-default\">H\u00e9l\u00e8ne Bergerhoff<\/h2>\t\t\t\t<\/div>\n\t\t\t\t<\/div>\n\t\t\t\t<div class=\"elementor-element elementor-element-b695a48 elementor-widget elementor-widget-text-editor\" data-id=\"b695a48\" data-element_type=\"widget\" data-e-type=\"widget\" data-widget_type=\"text-editor.default\">\n\t\t\t\t<div class=\"elementor-widget-container\">\n\t\t\t\t\t\t\t\t\t<p><strong><span style=\"color: #2c78c3;\">Domaines d&#8217;activit\u00e9:<\/span><br \/><\/strong>Conseils en droit commercial et des soci\u00e9t\u00e9s, droit contractuel national et international, contentieux civil, ainsi qu\u2019en droit bancaire, avec une exp\u00e9rience dans le cadre r\u00e9glementaire des march\u00e9s financiers.<\/p>\t\t\t\t\t\t\t\t<\/div>\n\t\t\t\t<\/div>\n\t\t\t\t<div class=\"elementor-element elementor-element-1c30a5d elementor-widget elementor-widget-text-editor\" data-id=\"1c30a5d\" data-element_type=\"widget\" data-e-type=\"widget\" data-widget_type=\"text-editor.default\">\n\t\t\t\t<div class=\"elementor-widget-container\">\n\t\t\t\t\t\t\t\t\t<p><strong><span style=\"color: #2c78c3;\">Langues:<\/span><br \/><\/strong>Italien, anglais, fran\u00e7ais, espagnol<\/p>\t\t\t\t\t\t\t\t<\/div>\n\t\t\t\t<\/div>\n\t\t\t\t<div class=\"elementor-element elementor-element-2fa6cba elementor-widget elementor-widget-text-editor\" data-id=\"2fa6cba\" data-element_type=\"widget\" data-e-type=\"widget\" data-widget_type=\"text-editor.default\">\n\t\t\t\t<div class=\"elementor-widget-container\">\n\t\t\t\t\t\t\t\t\t<p><strong><span style=\"color: #2c78c3;\">Contact:<\/span><br \/><\/strong>Tel. : +41 91 973 15 68<\/p>\t\t\t\t\t\t\t\t<\/div>\n\t\t\t\t<\/div>\n\t\t\t\t<div class=\"elementor-element elementor-element-0a07cce elementor-widget elementor-widget-image\" data-id=\"0a07cce\" data-element_type=\"widget\" data-e-type=\"widget\" data-widget_type=\"image.default\">\n\t\t\t\t<div class=\"elementor-widget-container\">\n\t\t\t\t\t\t\t\t\t\t\t\t\t\t\t\t<a href=\"https:\/\/ca.linkedin.com\/in\/h%C3%A9l%C3%A8ne-bergerhoff-10924383\" target=\"_blank\">\n\t\t\t\t\t\t\t<img decoding=\"async\" width=\"53\" height=\"53\" src=\"https:\/\/pzlegal.ch\/wp-content\/uploads\/2025\/04\/linkedin.jpg\" class=\"attachment-full size-full wp-image-3105\" alt=\"\" \/>\t\t\t\t\t\t\t\t<\/a>\n\t\t\t\t\t\t\t\t\t\t\t\t\t\t\t<\/div>\n\t\t\t\t<\/div>\n\t\t\t\t<div class=\"elementor-element elementor-element-f54c43c elementor-widget elementor-widget-text-editor\" data-id=\"f54c43c\" data-element_type=\"widget\" data-e-type=\"widget\" data-widget_type=\"text-editor.default\">\n\t\t\t\t<div class=\"elementor-widget-container\">\n\t\t\t\t\t\t\t\t\t<p>H\u00e9l\u00e8ne Bergerhoff exerce au sein de l\u2019\u00c9tude en tant qu\u2019avocate. Elle est principalement active dans le conseil juridique et la repr\u00e9sentation l\u00e9gale en droit suisse, en particulier en mati\u00e8re de droit bancaire, de droit des soci\u00e9t\u00e9s et commercial, de droit des contrats nationaux et internationaux, de droit de la faillite et de l&#8217;ex\u00e9cution forc\u00e9e, ainsi que de contentieux civil.<\/p>\t\t\t\t\t\t\t\t<\/div>\n\t\t\t\t<\/div>\n\t\t\t\t<\/div>\n\t\t\t\t\t<\/div>\n\t\t\t\t<\/div>\n\t\t<div class=\"elementor-element elementor-element-7984fa2 e-flex e-con-boxed e-con e-parent\" data-id=\"7984fa2\" data-element_type=\"container\" data-e-type=\"container\">\n\t\t\t\t\t<div class=\"e-con-inner\">\n\t\t\t\t<div class=\"elementor-element elementor-element-9ab4413 elementor-widget elementor-widget-text-editor\" data-id=\"9ab4413\" data-element_type=\"widget\" data-e-type=\"widget\" data-widget_type=\"text-editor.default\">\n\t\t\t\t<div class=\"elementor-widget-container\">\n\t\t\t\t\t\t\t\t\t<p>H\u00e9l\u00e8ne a commenc\u00e9 sa carri\u00e8re dans une banque priv\u00e9e situ\u00e9e au centre financier de Gen\u00e8ve, puis a poursuivi son parcours dans une \u00e9tude d\u2019avocats genevoise, se sp\u00e9cialisant en droit bancaire et en contentieux civil. Avant de rejoindre le Studio Legale Pedrazzini Zanazza &amp; Associati SA \u00e0 Lugano, H\u00e9l\u00e8ne a collabor\u00e9 avec l\u2019\u00e9quipe juridique d\u2019une banque d\u2019affaires internationale de renom bas\u00e9e \u00e0 Londres.<\/p><p>\u00a0<\/p><p>H\u00e9l\u00e8ne a acquis sa licence en droit \u00e0 l\u2019Universit\u00e9 de Gen\u00e8ve en 2011 et a obtenu son brevet d\u2019avocat en 2013 \u00e0 Gen\u00e8ve. En 2021, elle a \u00e9galement obtenu un Master of Laws en International Business Law \u00e0 la Queen Mary University of London avec un m\u00e9moire au sujet du r\u00f4le significatif des ports francs suisses dans le commerce international des biens culturels et aux questions juridiques li\u00e9es au blanchiment d\u2019argent et au trafic illicite qui en d\u00e9coulent.<\/p><p>\u00a0<\/p><p>H\u00e9l\u00e8ne est inscrite au Registre Cantonal des Avocats et est membre de l\u2019Ordre des Avocats du Canton du Tessin (OATI), ainsi que de la F\u00e9d\u00e9ration Suisse des Avocats (FSA).<\/p>\t\t\t\t\t\t\t\t<\/div>\n\t\t\t\t<\/div>\n\t\t\t\t\t<\/div>\n\t\t\t\t<\/div>\n\t\t\t\t<\/div>\n\t\t","protected":false},"excerpt":{"rendered":"<p>H\u00e9l\u00e8ne Bergerhoff Domaines d&#8217;activit\u00e9:Conseils en droit commercial et des soci\u00e9t\u00e9s, droit contractuel national et international, contentieux civil, ainsi qu\u2019en droit bancaire, avec une exp\u00e9rience dans le cadre r\u00e9glementaire des march\u00e9s financiers. Langues:Italien, anglais, fran\u00e7ais, espagnol Contact:Tel. : +41 91 973 15 68 H\u00e9l\u00e8ne Bergerhoff exerce au sein de l\u2019\u00c9tude en tant qu\u2019avocate. Elle est principalement [&hellip;]<\/p>\n","protected":false},"author":1,"featured_media":0,"parent":3728,"menu_order":3,"comment_status":"closed","ping_status":"closed","template":"","meta":{"footnotes":""},"class_list":["post-3771","page","type-page","status-publish","hentry"],"yoast_head":"<!-- This site is optimized with the Yoast SEO plugin v27.2 - https:\/\/yoast.com\/product\/yoast-seo-wordpress\/ -->\n<title>H\u00e9l\u00e8ne Bergerhoff - Studio Legale Pedrazzini Zanazza &amp; Associati SA<\/title>\n<meta name=\"robots\" content=\"index, follow, max-snippet:-1, max-image-preview:large, max-video-preview:-1\" \/>\n<link rel=\"canonical\" href=\"https:\/\/pzlegal.ch\/fr\/qui-sommes-nous\/helene-bergerhoff\/\" \/>\n<meta property=\"og:locale\" content=\"fr_FR\" \/>\n<meta property=\"og:type\" content=\"article\" \/>\n<meta property=\"og:title\" content=\"H\u00e9l\u00e8ne Bergerhoff - Studio Legale Pedrazzini Zanazza &amp; Associati SA\" \/>\n<meta property=\"og:description\" content=\"H\u00e9l\u00e8ne Bergerhoff Domaines d&#8217;activit\u00e9:Conseils en droit commercial et des soci\u00e9t\u00e9s, droit contractuel national et international, contentieux civil, ainsi qu\u2019en droit bancaire, avec une exp\u00e9rience dans le cadre r\u00e9glementaire des march\u00e9s financiers. Langues:Italien, anglais, fran\u00e7ais, espagnol Contact:Tel. : +41 91 973 15 68 H\u00e9l\u00e8ne Bergerhoff exerce au sein de l\u2019\u00c9tude en tant qu\u2019avocate. Elle est principalement [&hellip;]\" \/>\n<meta property=\"og:url\" content=\"https:\/\/pzlegal.ch\/fr\/qui-sommes-nous\/helene-bergerhoff\/\" \/>\n<meta property=\"og:site_name\" content=\"Studio Legale Pedrazzini Zanazza &amp; Associati SA\" \/>\n<meta property=\"article:modified_time\" content=\"2025-08-01T10:05:24+00:00\" \/>\n<meta property=\"og:image\" content=\"https:\/\/pzlegal.ch\/wp-content\/uploads\/2025\/07\/helene_bergerhoff_profilo.jpg\" \/>\n<meta name=\"twitter:card\" content=\"summary_large_image\" \/>\n<script type=\"application\/ld+json\" class=\"yoast-schema-graph\">{\"@context\":\"https:\/\/schema.org\",\"@graph\":[{\"@type\":\"WebPage\",\"@id\":\"https:\/\/pzlegal.ch\/fr\/qui-sommes-nous\/helene-bergerhoff\/\",\"url\":\"https:\/\/pzlegal.ch\/fr\/qui-sommes-nous\/helene-bergerhoff\/\",\"name\":\"H\u00e9l\u00e8ne Bergerhoff - Studio Legale Pedrazzini Zanazza &amp; Associati SA\",\"isPartOf\":{\"@id\":\"https:\/\/pzlegal.ch\/#website\"},\"primaryImageOfPage\":{\"@id\":\"https:\/\/pzlegal.ch\/fr\/qui-sommes-nous\/helene-bergerhoff\/#primaryimage\"},\"image\":{\"@id\":\"https:\/\/pzlegal.ch\/fr\/qui-sommes-nous\/helene-bergerhoff\/#primaryimage\"},\"thumbnailUrl\":\"https:\/\/pzlegal.ch\/wp-content\/uploads\/2025\/07\/helene_bergerhoff_profilo.jpg\",\"datePublished\":\"2025-07-23T14:08:40+00:00\",\"dateModified\":\"2025-08-01T10:05:24+00:00\",\"breadcrumb\":{\"@id\":\"https:\/\/pzlegal.ch\/fr\/qui-sommes-nous\/helene-bergerhoff\/#breadcrumb\"},\"inLanguage\":\"fr-FR\",\"potentialAction\":[{\"@type\":\"ReadAction\",\"target\":[\"https:\/\/pzlegal.ch\/fr\/qui-sommes-nous\/helene-bergerhoff\/\"]}]},{\"@type\":\"ImageObject\",\"inLanguage\":\"fr-FR\",\"@id\":\"https:\/\/pzlegal.ch\/fr\/qui-sommes-nous\/helene-bergerhoff\/#primaryimage\",\"url\":\"https:\/\/pzlegal.ch\/wp-content\/uploads\/2025\/07\/helene_bergerhoff_profilo.jpg\",\"contentUrl\":\"https:\/\/pzlegal.ch\/wp-content\/uploads\/2025\/07\/helene_bergerhoff_profilo.jpg\"},{\"@type\":\"BreadcrumbList\",\"@id\":\"https:\/\/pzlegal.ch\/fr\/qui-sommes-nous\/helene-bergerhoff\/#breadcrumb\",\"itemListElement\":[{\"@type\":\"ListItem\",\"position\":1,\"name\":\"Home\",\"item\":\"https:\/\/pzlegal.ch\/fr\/\"},{\"@type\":\"ListItem\",\"position\":2,\"name\":\"Qui sommes-nous \/ L&#8217;\u00e9tude\",\"item\":\"https:\/\/pzlegal.ch\/fr\/qui-sommes-nous\/\"},{\"@type\":\"ListItem\",\"position\":3,\"name\":\"H\u00e9l\u00e8ne Bergerhoff\"}]},{\"@type\":\"WebSite\",\"@id\":\"https:\/\/pzlegal.ch\/#website\",\"url\":\"https:\/\/pzlegal.ch\/\",\"name\":\"Studio Legale Pedrazzini Zanazza &amp; Associati SA\",\"description\":\"\",\"publisher\":{\"@id\":\"https:\/\/pzlegal.ch\/#organization\"},\"potentialAction\":[{\"@type\":\"SearchAction\",\"target\":{\"@type\":\"EntryPoint\",\"urlTemplate\":\"https:\/\/pzlegal.ch\/?s={search_term_string}\"},\"query-input\":{\"@type\":\"PropertyValueSpecification\",\"valueRequired\":true,\"valueName\":\"search_term_string\"}}],\"inLanguage\":\"fr-FR\"},{\"@type\":\"Organization\",\"@id\":\"https:\/\/pzlegal.ch\/#organization\",\"name\":\"Studio Legale Pedrazzini Zanazza &amp; Associati SA\",\"url\":\"https:\/\/pzlegal.ch\/\",\"logo\":{\"@type\":\"ImageObject\",\"inLanguage\":\"fr-FR\",\"@id\":\"https:\/\/pzlegal.ch\/#\/schema\/logo\/image\/\",\"url\":\"https:\/\/pzlegal.ch\/wp-content\/uploads\/2025\/03\/studio_legale_pedranzini_zanazza.jpg\",\"contentUrl\":\"https:\/\/pzlegal.ch\/wp-content\/uploads\/2025\/03\/studio_legale_pedranzini_zanazza.jpg\",\"width\":398,\"height\":74,\"caption\":\"Studio Legale Pedrazzini Zanazza &amp; Associati SA\"},\"image\":{\"@id\":\"https:\/\/pzlegal.ch\/#\/schema\/logo\/image\/\"}}]}<\/script>\n<!-- \/ Yoast SEO plugin. -->","yoast_head_json":{"title":"H\u00e9l\u00e8ne Bergerhoff - Studio Legale Pedrazzini Zanazza &amp; Associati SA","robots":{"index":"index","follow":"follow","max-snippet":"max-snippet:-1","max-image-preview":"max-image-preview:large","max-video-preview":"max-video-preview:-1"},"canonical":"https:\/\/pzlegal.ch\/fr\/qui-sommes-nous\/helene-bergerhoff\/","og_locale":"fr_FR","og_type":"article","og_title":"H\u00e9l\u00e8ne Bergerhoff - Studio Legale Pedrazzini Zanazza &amp; Associati SA","og_description":"H\u00e9l\u00e8ne Bergerhoff Domaines d&#8217;activit\u00e9:Conseils en droit commercial et des soci\u00e9t\u00e9s, droit contractuel national et international, contentieux civil, ainsi qu\u2019en droit bancaire, avec une exp\u00e9rience dans le cadre r\u00e9glementaire des march\u00e9s financiers. Langues:Italien, anglais, fran\u00e7ais, espagnol Contact:Tel. : +41 91 973 15 68 H\u00e9l\u00e8ne Bergerhoff exerce au sein de l\u2019\u00c9tude en tant qu\u2019avocate. Elle est principalement [&hellip;]","og_url":"https:\/\/pzlegal.ch\/fr\/qui-sommes-nous\/helene-bergerhoff\/","og_site_name":"Studio Legale Pedrazzini Zanazza &amp; Associati SA","article_modified_time":"2025-08-01T10:05:24+00:00","og_image":[{"url":"https:\/\/pzlegal.ch\/wp-content\/uploads\/2025\/07\/helene_bergerhoff_profilo.jpg","type":"","width":"","height":""}],"twitter_card":"summary_large_image","schema":{"@context":"https:\/\/schema.org","@graph":[{"@type":"WebPage","@id":"https:\/\/pzlegal.ch\/fr\/qui-sommes-nous\/helene-bergerhoff\/","url":"https:\/\/pzlegal.ch\/fr\/qui-sommes-nous\/helene-bergerhoff\/","name":"H\u00e9l\u00e8ne Bergerhoff - Studio Legale Pedrazzini Zanazza &amp; Associati SA","isPartOf":{"@id":"https:\/\/pzlegal.ch\/#website"},"primaryImageOfPage":{"@id":"https:\/\/pzlegal.ch\/fr\/qui-sommes-nous\/helene-bergerhoff\/#primaryimage"},"image":{"@id":"https:\/\/pzlegal.ch\/fr\/qui-sommes-nous\/helene-bergerhoff\/#primaryimage"},"thumbnailUrl":"https:\/\/pzlegal.ch\/wp-content\/uploads\/2025\/07\/helene_bergerhoff_profilo.jpg","datePublished":"2025-07-23T14:08:40+00:00","dateModified":"2025-08-01T10:05:24+00:00","breadcrumb":{"@id":"https:\/\/pzlegal.ch\/fr\/qui-sommes-nous\/helene-bergerhoff\/#breadcrumb"},"inLanguage":"fr-FR","potentialAction":[{"@type":"ReadAction","target":["https:\/\/pzlegal.ch\/fr\/qui-sommes-nous\/helene-bergerhoff\/"]}]},{"@type":"ImageObject","inLanguage":"fr-FR","@id":"https:\/\/pzlegal.ch\/fr\/qui-sommes-nous\/helene-bergerhoff\/#primaryimage","url":"https:\/\/pzlegal.ch\/wp-content\/uploads\/2025\/07\/helene_bergerhoff_profilo.jpg","contentUrl":"https:\/\/pzlegal.ch\/wp-content\/uploads\/2025\/07\/helene_bergerhoff_profilo.jpg"},{"@type":"BreadcrumbList","@id":"https:\/\/pzlegal.ch\/fr\/qui-sommes-nous\/helene-bergerhoff\/#breadcrumb","itemListElement":[{"@type":"ListItem","position":1,"name":"Home","item":"https:\/\/pzlegal.ch\/fr\/"},{"@type":"ListItem","position":2,"name":"Qui sommes-nous \/ L&#8217;\u00e9tude","item":"https:\/\/pzlegal.ch\/fr\/qui-sommes-nous\/"},{"@type":"ListItem","position":3,"name":"H\u00e9l\u00e8ne Bergerhoff"}]},{"@type":"WebSite","@id":"https:\/\/pzlegal.ch\/#website","url":"https:\/\/pzlegal.ch\/","name":"Studio Legale Pedrazzini Zanazza &amp; Associati SA","description":"","publisher":{"@id":"https:\/\/pzlegal.ch\/#organization"},"potentialAction":[{"@type":"SearchAction","target":{"@type":"EntryPoint","urlTemplate":"https:\/\/pzlegal.ch\/?s={search_term_string}"},"query-input":{"@type":"PropertyValueSpecification","valueRequired":true,"valueName":"search_term_string"}}],"inLanguage":"fr-FR"},{"@type":"Organization","@id":"https:\/\/pzlegal.ch\/#organization","name":"Studio Legale Pedrazzini Zanazza &amp; Associati SA","url":"https:\/\/pzlegal.ch\/","logo":{"@type":"ImageObject","inLanguage":"fr-FR","@id":"https:\/\/pzlegal.ch\/#\/schema\/logo\/image\/","url":"https:\/\/pzlegal.ch\/wp-content\/uploads\/2025\/03\/studio_legale_pedranzini_zanazza.jpg","contentUrl":"https:\/\/pzlegal.ch\/wp-content\/uploads\/2025\/03\/studio_legale_pedranzini_zanazza.jpg","width":398,"height":74,"caption":"Studio Legale Pedrazzini Zanazza &amp; Associati SA"},"image":{"@id":"https:\/\/pzlegal.ch\/#\/schema\/logo\/image\/"}}]}},"_links":{"self":[{"href":"https:\/\/pzlegal.ch\/fr\/wp-json\/wp\/v2\/pages\/3771","targetHints":{"allow":["GET"]}}],"collection":[{"href":"https:\/\/pzlegal.ch\/fr\/wp-json\/wp\/v2\/pages"}],"about":[{"href":"https:\/\/pzlegal.ch\/fr\/wp-json\/wp\/v2\/types\/page"}],"author":[{"embeddable":true,"href":"https:\/\/pzlegal.ch\/fr\/wp-json\/wp\/v2\/users\/1"}],"replies":[{"embeddable":true,"href":"https:\/\/pzlegal.ch\/fr\/wp-json\/wp\/v2\/comments?post=3771"}],"version-history":[{"count":7,"href":"https:\/\/pzlegal.ch\/fr\/wp-json\/wp\/v2\/pages\/3771\/revisions"}],"predecessor-version":[{"id":3778,"href":"https:\/\/pzlegal.ch\/fr\/wp-json\/wp\/v2\/pages\/3771\/revisions\/3778"}],"up":[{"embeddable":true,"href":"https:\/\/pzlegal.ch\/fr\/wp-json\/wp\/v2\/pages\/3728"}],"wp:attachment":[{"href":"https:\/\/pzlegal.ch\/fr\/wp-json\/wp\/v2\/media?parent=3771"}],"curies":[{"name":"wp","href":"https:\/\/api.w.org\/{rel}","templated":true}]}}