{"id":3790,"date":"2025-05-06T15:12:48","date_gmt":"2025-05-06T15:12:48","guid":{"rendered":"https:\/\/pzlegal.ch\/?page_id=3790"},"modified":"2025-08-01T10:21:08","modified_gmt":"2025-08-01T10:21:08","slug":"claudio-serratore","status":"publish","type":"page","link":"https:\/\/pzlegal.ch\/fr\/qui-sommes-nous\/claudio-serratore\/","title":{"rendered":"Claudio Serratore"},"content":{"rendered":"\t\t<div data-elementor-type=\"wp-page\" data-elementor-id=\"3790\" class=\"elementor elementor-3790 elementor-2751\" data-elementor-post-type=\"page\">\n\t\t\t\t<div class=\"elementor-element elementor-element-1d362b3 e-grid e-con-boxed e-con e-parent\" data-id=\"1d362b3\" data-element_type=\"container\" data-e-type=\"container\">\n\t\t\t\t\t<div class=\"e-con-inner\">\n\t\t<div class=\"elementor-element elementor-element-decc982 e-con-full e-flex e-con e-child\" data-id=\"decc982\" data-element_type=\"container\" data-e-type=\"container\">\n\t\t\t\t<div class=\"elementor-element elementor-element-eb5f42e elementor-widget elementor-widget-image\" data-id=\"eb5f42e\" data-element_type=\"widget\" data-e-type=\"widget\" data-widget_type=\"image.default\">\n\t\t\t\t<div class=\"elementor-widget-container\">\n\t\t\t\t\t\t\t\t\t\t\t\t\t\t\t<img fetchpriority=\"high\" decoding=\"async\" width=\"625\" height=\"846\" src=\"https:\/\/pzlegal.ch\/wp-content\/uploads\/2025\/07\/claudio_serratore_profilo.jpg\" class=\"attachment-large size-large wp-image-3304\" alt=\"\" srcset=\"https:\/\/pzlegal.ch\/wp-content\/uploads\/2025\/07\/claudio_serratore_profilo.jpg 625w, https:\/\/pzlegal.ch\/wp-content\/uploads\/2025\/07\/claudio_serratore_profilo-222x300.jpg 222w\" sizes=\"(max-width: 625px) 100vw, 625px\" \/>\t\t\t\t\t\t\t\t\t\t\t\t\t\t\t<\/div>\n\t\t\t\t<\/div>\n\t\t\t\t<\/div>\n\t\t<div class=\"elementor-element elementor-element-9eb5bf2 e-con-full e-flex e-con e-child\" data-id=\"9eb5bf2\" data-element_type=\"container\" data-e-type=\"container\">\n\t\t\t\t<div class=\"elementor-element elementor-element-3d0dae6 elementor-widget elementor-widget-heading\" data-id=\"3d0dae6\" data-element_type=\"widget\" data-e-type=\"widget\" data-widget_type=\"heading.default\">\n\t\t\t\t<div class=\"elementor-widget-container\">\n\t\t\t\t\t<h2 class=\"elementor-heading-title elementor-size-default\">Claudio Serratore<\/h2>\t\t\t\t<\/div>\n\t\t\t\t<\/div>\n\t\t\t\t<div class=\"elementor-element elementor-element-1037424 elementor-widget elementor-widget-text-editor\" data-id=\"1037424\" data-element_type=\"widget\" data-e-type=\"widget\" data-widget_type=\"text-editor.default\">\n\t\t\t\t<div class=\"elementor-widget-container\">\n\t\t\t\t\t\t\t\t\t<p><strong><span style=\"color: #2c78c3;\">Domaine d&#8217;activit\u00e9:<\/span><br \/><\/strong>Conseils en mati\u00e8re de droit des soci\u00e9t\u00e9s, de droit des contrats et de droit fiscal, avec une exp\u00e9rience en mati\u00e8re de droit administratif et p\u00e9nal.<\/p>\t\t\t\t\t\t\t\t<\/div>\n\t\t\t\t<\/div>\n\t\t\t\t<div class=\"elementor-element elementor-element-77d713c elementor-widget elementor-widget-text-editor\" data-id=\"77d713c\" data-element_type=\"widget\" data-e-type=\"widget\" data-widget_type=\"text-editor.default\">\n\t\t\t\t<div class=\"elementor-widget-container\">\n\t\t\t\t\t\t\t\t\t<p><strong><span style=\"color: #2c78c3;\">Langues:<\/span><br \/><\/strong>italien, allemand, anglais, fran\u00e7ais<\/p>\t\t\t\t\t\t\t\t<\/div>\n\t\t\t\t<\/div>\n\t\t\t\t<div class=\"elementor-element elementor-element-4e5c5d8 elementor-widget elementor-widget-text-editor\" data-id=\"4e5c5d8\" data-element_type=\"widget\" data-e-type=\"widget\" data-widget_type=\"text-editor.default\">\n\t\t\t\t<div class=\"elementor-widget-container\">\n\t\t\t\t\t\t\t\t\t<p><strong><span style=\"color: #2c78c3;\">Contact:<\/span><br \/><\/strong>Tel. : +41 91 973 15 74<\/p>\t\t\t\t\t\t\t\t<\/div>\n\t\t\t\t<\/div>\n\t\t\t\t<div class=\"elementor-element elementor-element-f1ce390 elementor-widget elementor-widget-image\" data-id=\"f1ce390\" data-element_type=\"widget\" data-e-type=\"widget\" data-widget_type=\"image.default\">\n\t\t\t\t<div class=\"elementor-widget-container\">\n\t\t\t\t\t\t\t\t\t\t\t\t\t\t\t\t<a href=\"https:\/\/ch.linkedin.com\/in\/serratore?original_referer=https%3A%2F%2Fwww.google.com%2F\" target=\"_blank\">\n\t\t\t\t\t\t\t<img decoding=\"async\" width=\"53\" height=\"53\" src=\"https:\/\/pzlegal.ch\/wp-content\/uploads\/2025\/04\/linkedin.jpg\" class=\"attachment-full size-full wp-image-3105\" alt=\"\" \/>\t\t\t\t\t\t\t\t<\/a>\n\t\t\t\t\t\t\t\t\t\t\t\t\t\t\t<\/div>\n\t\t\t\t<\/div>\n\t\t\t\t<div class=\"elementor-element elementor-element-6217df4 elementor-widget elementor-widget-text-editor\" data-id=\"6217df4\" data-element_type=\"widget\" data-e-type=\"widget\" data-widget_type=\"text-editor.default\">\n\t\t\t\t<div class=\"elementor-widget-container\">\n\t\t\t\t\t\t\t\t\t<p>Claudio Serratore exerce au sein de l\u2019\u00c9tude en tant qu\u2019avocat et fournit principalement des conseils et une assistance juridique dans le domaine du droit suisse.<\/p><p>Claudio dispose d&#8217;une solide formation th\u00e9orique en droit suisse acquise \u00e0 l&#8217;Universit\u00e9 de Zurich, o\u00f9 il a obtenu son Bachelor et son Master en droit (ce dernier avec magna cum laude). Au cours de ses \u00e9tudes de Master, Claudio a particuli\u00e8rement approfondi ses connaissances en droit commercial et en droit des contrats, en abordant notamment le droit fiscal des entreprises, le droit des assurances priv\u00e9es et le droit des march\u00e9s de capitaux.<\/p>\t\t\t\t\t\t\t\t<\/div>\n\t\t\t\t<\/div>\n\t\t\t\t<\/div>\n\t\t\t\t\t<\/div>\n\t\t\t\t<\/div>\n\t\t<div class=\"elementor-element elementor-element-b80e6b7 e-flex e-con-boxed e-con e-parent\" data-id=\"b80e6b7\" data-element_type=\"container\" data-e-type=\"container\">\n\t\t\t\t\t<div class=\"e-con-inner\">\n\t\t\t\t<div class=\"elementor-element elementor-element-537cbff elementor-widget elementor-widget-text-editor\" data-id=\"537cbff\" data-element_type=\"widget\" data-e-type=\"widget\" data-widget_type=\"text-editor.default\">\n\t\t\t\t<div class=\"elementor-widget-container\">\n\t\t\t\t\t\t\t\t\t<p>Par la suite, Claudio a acquis une exp\u00e9rience importante dans le domaine du contentieux civil au sein d\u2019une \u00e9tude d\u2019avocats renomm\u00e9e de la r\u00e9gion de Lugano, et a effectu\u00e9 un stage judiciaire aupr\u00e8s de la Chambre de droit fiscal de la Cour d&#8217;appel de Lugano. Apr\u00e8s avoir obtenu son brevet d&#8217;avocat en juin 2025, Claudio a rejoint le Studio Legale Pedrazzini Zanazza &amp; Associati SA la m\u00eame ann\u00e9e.<\/p><p>\u00a0<\/p><p>Claudio est inscrit au Registre Cantonal des Avocats et est membre de l\u2019Ordre des Avocats du Canton du Tessin (OATI), ainsi que de la F\u00e9d\u00e9ration Suisse des Avocats (FSA).<\/p>\t\t\t\t\t\t\t\t<\/div>\n\t\t\t\t<\/div>\n\t\t\t\t\t<\/div>\n\t\t\t\t<\/div>\n\t\t\t\t<\/div>\n\t\t","protected":false},"excerpt":{"rendered":"<p>Claudio Serratore Domaine d&#8217;activit\u00e9:Conseils en mati\u00e8re de droit des soci\u00e9t\u00e9s, de droit des contrats et de droit fiscal, avec une exp\u00e9rience en mati\u00e8re de droit administratif et p\u00e9nal. Langues:italien, allemand, anglais, fran\u00e7ais Contact:Tel. : +41 91 973 15 74 Claudio Serratore exerce au sein de l\u2019\u00c9tude en tant qu\u2019avocat et fournit principalement des conseils et [&hellip;]<\/p>\n","protected":false},"author":1,"featured_media":0,"parent":3728,"menu_order":4,"comment_status":"closed","ping_status":"closed","template":"","meta":{"footnotes":""},"class_list":["post-3790","page","type-page","status-publish","hentry"],"yoast_head":"<!-- This site is optimized with the Yoast SEO plugin v27.2 - https:\/\/yoast.com\/product\/yoast-seo-wordpress\/ -->\n<title>Claudio Serratore - Studio Legale Pedrazzini Zanazza &amp; Associati SA<\/title>\n<meta name=\"robots\" content=\"index, follow, max-snippet:-1, max-image-preview:large, max-video-preview:-1\" \/>\n<link rel=\"canonical\" href=\"https:\/\/pzlegal.ch\/fr\/qui-sommes-nous\/claudio-serratore\/\" \/>\n<meta property=\"og:locale\" content=\"fr_FR\" \/>\n<meta property=\"og:type\" content=\"article\" \/>\n<meta property=\"og:title\" content=\"Claudio Serratore - Studio Legale Pedrazzini Zanazza &amp; Associati SA\" \/>\n<meta property=\"og:description\" content=\"Claudio Serratore Domaine d&#8217;activit\u00e9:Conseils en mati\u00e8re de droit des soci\u00e9t\u00e9s, de droit des contrats et de droit fiscal, avec une exp\u00e9rience en mati\u00e8re de droit administratif et p\u00e9nal. Langues:italien, allemand, anglais, fran\u00e7ais Contact:Tel. : +41 91 973 15 74 Claudio Serratore exerce au sein de l\u2019\u00c9tude en tant qu\u2019avocat et fournit principalement des conseils et [&hellip;]\" \/>\n<meta property=\"og:url\" content=\"https:\/\/pzlegal.ch\/fr\/qui-sommes-nous\/claudio-serratore\/\" \/>\n<meta property=\"og:site_name\" content=\"Studio Legale Pedrazzini Zanazza &amp; Associati SA\" \/>\n<meta property=\"article:modified_time\" content=\"2025-08-01T10:21:08+00:00\" \/>\n<meta property=\"og:image\" content=\"https:\/\/pzlegal.ch\/wp-content\/uploads\/2025\/07\/claudio_serratore_profilo.jpg\" \/>\n\t<meta property=\"og:image:width\" content=\"625\" \/>\n\t<meta property=\"og:image:height\" content=\"846\" \/>\n\t<meta property=\"og:image:type\" content=\"image\/jpeg\" \/>\n<meta name=\"twitter:card\" content=\"summary_large_image\" \/>\n<meta name=\"twitter:label1\" content=\"Est. reading time\" \/>\n\t<meta name=\"twitter:data1\" content=\"2 minutes\" \/>\n<script type=\"application\/ld+json\" class=\"yoast-schema-graph\">{\"@context\":\"https:\/\/schema.org\",\"@graph\":[{\"@type\":\"WebPage\",\"@id\":\"https:\/\/pzlegal.ch\/fr\/qui-sommes-nous\/claudio-serratore\/\",\"url\":\"https:\/\/pzlegal.ch\/fr\/qui-sommes-nous\/claudio-serratore\/\",\"name\":\"Claudio Serratore - Studio Legale Pedrazzini Zanazza &amp; Associati SA\",\"isPartOf\":{\"@id\":\"https:\/\/pzlegal.ch\/#website\"},\"primaryImageOfPage\":{\"@id\":\"https:\/\/pzlegal.ch\/fr\/qui-sommes-nous\/claudio-serratore\/#primaryimage\"},\"image\":{\"@id\":\"https:\/\/pzlegal.ch\/fr\/qui-sommes-nous\/claudio-serratore\/#primaryimage\"},\"thumbnailUrl\":\"https:\/\/pzlegal.ch\/wp-content\/uploads\/2025\/07\/claudio_serratore_profilo.jpg\",\"datePublished\":\"2025-05-06T15:12:48+00:00\",\"dateModified\":\"2025-08-01T10:21:08+00:00\",\"breadcrumb\":{\"@id\":\"https:\/\/pzlegal.ch\/fr\/qui-sommes-nous\/claudio-serratore\/#breadcrumb\"},\"inLanguage\":\"fr-FR\",\"potentialAction\":[{\"@type\":\"ReadAction\",\"target\":[\"https:\/\/pzlegal.ch\/fr\/qui-sommes-nous\/claudio-serratore\/\"]}]},{\"@type\":\"ImageObject\",\"inLanguage\":\"fr-FR\",\"@id\":\"https:\/\/pzlegal.ch\/fr\/qui-sommes-nous\/claudio-serratore\/#primaryimage\",\"url\":\"https:\/\/pzlegal.ch\/wp-content\/uploads\/2025\/07\/claudio_serratore_profilo.jpg\",\"contentUrl\":\"https:\/\/pzlegal.ch\/wp-content\/uploads\/2025\/07\/claudio_serratore_profilo.jpg\"},{\"@type\":\"BreadcrumbList\",\"@id\":\"https:\/\/pzlegal.ch\/fr\/qui-sommes-nous\/claudio-serratore\/#breadcrumb\",\"itemListElement\":[{\"@type\":\"ListItem\",\"position\":1,\"name\":\"Home\",\"item\":\"https:\/\/pzlegal.ch\/fr\/\"},{\"@type\":\"ListItem\",\"position\":2,\"name\":\"Qui sommes-nous \/ L&#8217;\u00e9tude\",\"item\":\"https:\/\/pzlegal.ch\/fr\/qui-sommes-nous\/\"},{\"@type\":\"ListItem\",\"position\":3,\"name\":\"Claudio Serratore\"}]},{\"@type\":\"WebSite\",\"@id\":\"https:\/\/pzlegal.ch\/#website\",\"url\":\"https:\/\/pzlegal.ch\/\",\"name\":\"Studio Legale Pedrazzini Zanazza &amp; Associati SA\",\"description\":\"\",\"publisher\":{\"@id\":\"https:\/\/pzlegal.ch\/#organization\"},\"potentialAction\":[{\"@type\":\"SearchAction\",\"target\":{\"@type\":\"EntryPoint\",\"urlTemplate\":\"https:\/\/pzlegal.ch\/?s={search_term_string}\"},\"query-input\":{\"@type\":\"PropertyValueSpecification\",\"valueRequired\":true,\"valueName\":\"search_term_string\"}}],\"inLanguage\":\"fr-FR\"},{\"@type\":\"Organization\",\"@id\":\"https:\/\/pzlegal.ch\/#organization\",\"name\":\"Studio Legale Pedrazzini Zanazza &amp; Associati SA\",\"url\":\"https:\/\/pzlegal.ch\/\",\"logo\":{\"@type\":\"ImageObject\",\"inLanguage\":\"fr-FR\",\"@id\":\"https:\/\/pzlegal.ch\/#\/schema\/logo\/image\/\",\"url\":\"https:\/\/pzlegal.ch\/wp-content\/uploads\/2025\/03\/studio_legale_pedranzini_zanazza.jpg\",\"contentUrl\":\"https:\/\/pzlegal.ch\/wp-content\/uploads\/2025\/03\/studio_legale_pedranzini_zanazza.jpg\",\"width\":398,\"height\":74,\"caption\":\"Studio Legale Pedrazzini Zanazza &amp; Associati SA\"},\"image\":{\"@id\":\"https:\/\/pzlegal.ch\/#\/schema\/logo\/image\/\"}}]}<\/script>\n<!-- \/ Yoast SEO plugin. -->","yoast_head_json":{"title":"Claudio Serratore - Studio Legale Pedrazzini Zanazza &amp; Associati SA","robots":{"index":"index","follow":"follow","max-snippet":"max-snippet:-1","max-image-preview":"max-image-preview:large","max-video-preview":"max-video-preview:-1"},"canonical":"https:\/\/pzlegal.ch\/fr\/qui-sommes-nous\/claudio-serratore\/","og_locale":"fr_FR","og_type":"article","og_title":"Claudio Serratore - Studio Legale Pedrazzini Zanazza &amp; Associati SA","og_description":"Claudio Serratore Domaine d&#8217;activit\u00e9:Conseils en mati\u00e8re de droit des soci\u00e9t\u00e9s, de droit des contrats et de droit fiscal, avec une exp\u00e9rience en mati\u00e8re de droit administratif et p\u00e9nal. Langues:italien, allemand, anglais, fran\u00e7ais Contact:Tel. : +41 91 973 15 74 Claudio Serratore exerce au sein de l\u2019\u00c9tude en tant qu\u2019avocat et fournit principalement des conseils et [&hellip;]","og_url":"https:\/\/pzlegal.ch\/fr\/qui-sommes-nous\/claudio-serratore\/","og_site_name":"Studio Legale Pedrazzini Zanazza &amp; Associati SA","article_modified_time":"2025-08-01T10:21:08+00:00","og_image":[{"width":625,"height":846,"url":"https:\/\/pzlegal.ch\/wp-content\/uploads\/2025\/07\/claudio_serratore_profilo.jpg","type":"image\/jpeg"}],"twitter_card":"summary_large_image","twitter_misc":{"Est. reading time":"2 minutes"},"schema":{"@context":"https:\/\/schema.org","@graph":[{"@type":"WebPage","@id":"https:\/\/pzlegal.ch\/fr\/qui-sommes-nous\/claudio-serratore\/","url":"https:\/\/pzlegal.ch\/fr\/qui-sommes-nous\/claudio-serratore\/","name":"Claudio Serratore - Studio Legale Pedrazzini Zanazza &amp; Associati SA","isPartOf":{"@id":"https:\/\/pzlegal.ch\/#website"},"primaryImageOfPage":{"@id":"https:\/\/pzlegal.ch\/fr\/qui-sommes-nous\/claudio-serratore\/#primaryimage"},"image":{"@id":"https:\/\/pzlegal.ch\/fr\/qui-sommes-nous\/claudio-serratore\/#primaryimage"},"thumbnailUrl":"https:\/\/pzlegal.ch\/wp-content\/uploads\/2025\/07\/claudio_serratore_profilo.jpg","datePublished":"2025-05-06T15:12:48+00:00","dateModified":"2025-08-01T10:21:08+00:00","breadcrumb":{"@id":"https:\/\/pzlegal.ch\/fr\/qui-sommes-nous\/claudio-serratore\/#breadcrumb"},"inLanguage":"fr-FR","potentialAction":[{"@type":"ReadAction","target":["https:\/\/pzlegal.ch\/fr\/qui-sommes-nous\/claudio-serratore\/"]}]},{"@type":"ImageObject","inLanguage":"fr-FR","@id":"https:\/\/pzlegal.ch\/fr\/qui-sommes-nous\/claudio-serratore\/#primaryimage","url":"https:\/\/pzlegal.ch\/wp-content\/uploads\/2025\/07\/claudio_serratore_profilo.jpg","contentUrl":"https:\/\/pzlegal.ch\/wp-content\/uploads\/2025\/07\/claudio_serratore_profilo.jpg"},{"@type":"BreadcrumbList","@id":"https:\/\/pzlegal.ch\/fr\/qui-sommes-nous\/claudio-serratore\/#breadcrumb","itemListElement":[{"@type":"ListItem","position":1,"name":"Home","item":"https:\/\/pzlegal.ch\/fr\/"},{"@type":"ListItem","position":2,"name":"Qui sommes-nous \/ L&#8217;\u00e9tude","item":"https:\/\/pzlegal.ch\/fr\/qui-sommes-nous\/"},{"@type":"ListItem","position":3,"name":"Claudio Serratore"}]},{"@type":"WebSite","@id":"https:\/\/pzlegal.ch\/#website","url":"https:\/\/pzlegal.ch\/","name":"Studio Legale Pedrazzini Zanazza &amp; Associati SA","description":"","publisher":{"@id":"https:\/\/pzlegal.ch\/#organization"},"potentialAction":[{"@type":"SearchAction","target":{"@type":"EntryPoint","urlTemplate":"https:\/\/pzlegal.ch\/?s={search_term_string}"},"query-input":{"@type":"PropertyValueSpecification","valueRequired":true,"valueName":"search_term_string"}}],"inLanguage":"fr-FR"},{"@type":"Organization","@id":"https:\/\/pzlegal.ch\/#organization","name":"Studio Legale Pedrazzini Zanazza &amp; Associati SA","url":"https:\/\/pzlegal.ch\/","logo":{"@type":"ImageObject","inLanguage":"fr-FR","@id":"https:\/\/pzlegal.ch\/#\/schema\/logo\/image\/","url":"https:\/\/pzlegal.ch\/wp-content\/uploads\/2025\/03\/studio_legale_pedranzini_zanazza.jpg","contentUrl":"https:\/\/pzlegal.ch\/wp-content\/uploads\/2025\/03\/studio_legale_pedranzini_zanazza.jpg","width":398,"height":74,"caption":"Studio Legale Pedrazzini Zanazza &amp; Associati SA"},"image":{"@id":"https:\/\/pzlegal.ch\/#\/schema\/logo\/image\/"}}]}},"_links":{"self":[{"href":"https:\/\/pzlegal.ch\/fr\/wp-json\/wp\/v2\/pages\/3790","targetHints":{"allow":["GET"]}}],"collection":[{"href":"https:\/\/pzlegal.ch\/fr\/wp-json\/wp\/v2\/pages"}],"about":[{"href":"https:\/\/pzlegal.ch\/fr\/wp-json\/wp\/v2\/types\/page"}],"author":[{"embeddable":true,"href":"https:\/\/pzlegal.ch\/fr\/wp-json\/wp\/v2\/users\/1"}],"replies":[{"embeddable":true,"href":"https:\/\/pzlegal.ch\/fr\/wp-json\/wp\/v2\/comments?post=3790"}],"version-history":[{"count":4,"href":"https:\/\/pzlegal.ch\/fr\/wp-json\/wp\/v2\/pages\/3790\/revisions"}],"predecessor-version":[{"id":3794,"href":"https:\/\/pzlegal.ch\/fr\/wp-json\/wp\/v2\/pages\/3790\/revisions\/3794"}],"up":[{"embeddable":true,"href":"https:\/\/pzlegal.ch\/fr\/wp-json\/wp\/v2\/pages\/3728"}],"wp:attachment":[{"href":"https:\/\/pzlegal.ch\/fr\/wp-json\/wp\/v2\/media?parent=3790"}],"curies":[{"name":"wp","href":"https:\/\/api.w.org\/{rel}","templated":true}]}}