{"id":3812,"date":"2025-07-23T14:15:18","date_gmt":"2025-07-23T14:15:18","guid":{"rendered":"https:\/\/pzlegal.ch\/?page_id=3812"},"modified":"2025-09-18T14:53:23","modified_gmt":"2025-09-18T14:53:23","slug":"maria-cristina-bonfio","status":"publish","type":"page","link":"https:\/\/pzlegal.ch\/fr\/qui-sommes-nous\/maria-cristina-bonfio\/","title":{"rendered":"Maria Cristina Bonfio"},"content":{"rendered":"\t\t<div data-elementor-type=\"wp-page\" data-elementor-id=\"3812\" class=\"elementor elementor-3812 elementor-2946\" data-elementor-post-type=\"page\">\n\t\t\t\t<div class=\"elementor-element elementor-element-4a709cc e-grid e-con-boxed e-con e-parent\" data-id=\"4a709cc\" data-element_type=\"container\" data-e-type=\"container\">\n\t\t\t\t\t<div class=\"e-con-inner\">\n\t\t<div class=\"elementor-element elementor-element-dcc7e22 e-con-full e-flex e-con e-child\" data-id=\"dcc7e22\" data-element_type=\"container\" data-e-type=\"container\">\n\t\t\t\t<div class=\"elementor-element elementor-element-2a5f17c elementor-widget elementor-widget-image\" data-id=\"2a5f17c\" data-element_type=\"widget\" data-e-type=\"widget\" data-widget_type=\"image.default\">\n\t\t\t\t<div class=\"elementor-widget-container\">\n\t\t\t\t\t\t\t\t\t\t\t\t\t\t\t<img fetchpriority=\"high\" decoding=\"async\" width=\"625\" height=\"846\" src=\"https:\/\/pzlegal.ch\/wp-content\/uploads\/2025\/07\/maria_cristina_bonfio_profilo-1.jpg\" class=\"attachment-large size-large wp-image-3316\" alt=\"\" srcset=\"https:\/\/pzlegal.ch\/wp-content\/uploads\/2025\/07\/maria_cristina_bonfio_profilo-1.jpg 625w, https:\/\/pzlegal.ch\/wp-content\/uploads\/2025\/07\/maria_cristina_bonfio_profilo-1-222x300.jpg 222w\" sizes=\"(max-width: 625px) 100vw, 625px\" \/>\t\t\t\t\t\t\t\t\t\t\t\t\t\t\t<\/div>\n\t\t\t\t<\/div>\n\t\t\t\t<\/div>\n\t\t<div class=\"elementor-element elementor-element-7225c6a e-con-full e-flex e-con e-child\" data-id=\"7225c6a\" data-element_type=\"container\" data-e-type=\"container\">\n\t\t\t\t<div class=\"elementor-element elementor-element-2af052d elementor-widget elementor-widget-heading\" data-id=\"2af052d\" data-element_type=\"widget\" data-e-type=\"widget\" data-widget_type=\"heading.default\">\n\t\t\t\t<div class=\"elementor-widget-container\">\n\t\t\t\t\t<h2 class=\"elementor-heading-title elementor-size-default\">Maria Cristina Bonfio<\/h2>\t\t\t\t<\/div>\n\t\t\t\t<\/div>\n\t\t\t\t<div class=\"elementor-element elementor-element-9a9a32b elementor-widget elementor-widget-text-editor\" data-id=\"9a9a32b\" data-element_type=\"widget\" data-e-type=\"widget\" data-widget_type=\"text-editor.default\">\n\t\t\t\t<div class=\"elementor-widget-container\">\n\t\t\t\t\t\t\t\t\t<p><strong><span style=\"color: #2c78c3;\">Domaines d&#8217;activit\u00e9:<\/span><\/strong><\/p><p>Conseil en droit successoral, matrimonial, immobilier et soci\u00e9taire, avec une exp\u00e9rience dans le domaine de la planification patrimoniale et de la gestion d&#8217;op\u00e9rations familiales et soci\u00e9taires complexes.<\/p>\t\t\t\t\t\t\t\t<\/div>\n\t\t\t\t<\/div>\n\t\t\t\t<div class=\"elementor-element elementor-element-fe0a856 elementor-widget elementor-widget-text-editor\" data-id=\"fe0a856\" data-element_type=\"widget\" data-e-type=\"widget\" data-widget_type=\"text-editor.default\">\n\t\t\t\t<div class=\"elementor-widget-container\">\n\t\t\t\t\t\t\t\t\t<p><strong><span style=\"color: #2c78c3;\">Langues<\/span><\/strong><strong><span style=\"color: #2c78c3;\">:<\/span><br \/><\/strong>Italien, fran\u00e7ais, allemand<\/p>\t\t\t\t\t\t\t\t<\/div>\n\t\t\t\t<\/div>\n\t\t\t\t<div class=\"elementor-element elementor-element-050a6c0 elementor-widget elementor-widget-text-editor\" data-id=\"050a6c0\" data-element_type=\"widget\" data-e-type=\"widget\" data-widget_type=\"text-editor.default\">\n\t\t\t\t<div class=\"elementor-widget-container\">\n\t\t\t\t\t\t\t\t\t<p><strong><span style=\"color: #2c78c3;\">Contact:<\/span><br \/><\/strong>E-Mail: <a href=\"mailto:info@pzlegal.ch\">info@pzlegal.ch<\/a><\/p>\t\t\t\t\t\t\t\t<\/div>\n\t\t\t\t<\/div>\n\t\t\t\t<div class=\"elementor-element elementor-element-34b9c9f elementor-widget elementor-widget-image\" data-id=\"34b9c9f\" data-element_type=\"widget\" data-e-type=\"widget\" data-widget_type=\"image.default\">\n\t\t\t\t<div class=\"elementor-widget-container\">\n\t\t\t\t\t\t\t\t\t\t\t\t\t\t\t<img decoding=\"async\" width=\"53\" height=\"53\" src=\"https:\/\/pzlegal.ch\/wp-content\/uploads\/2025\/04\/linkedin.jpg\" class=\"attachment-full size-full wp-image-3105\" alt=\"\" \/>\t\t\t\t\t\t\t\t\t\t\t\t\t\t\t<\/div>\n\t\t\t\t<\/div>\n\t\t\t\t<div class=\"elementor-element elementor-element-1a204dc elementor-widget elementor-widget-text-editor\" data-id=\"1a204dc\" data-element_type=\"widget\" data-e-type=\"widget\" data-widget_type=\"text-editor.default\">\n\t\t\t\t<div class=\"elementor-widget-container\">\n\t\t\t\t\t\t\t\t\t<p>Me Maria Cristina Bonfio, dipl\u00f4m\u00e9e en droit \u00e0 l&#8217;Universit\u00e9 de Lausanne en 1984, est membre de l&#8217;Ordre des Avocats tessinois depuis 1987 et membre de l\u2019Ordre des notaires depuis 1989. En 1989, elle a d\u00e9but\u00e9 sa carri\u00e8re au sein de l\u2019\u00e9tude d&#8217;avocats fond\u00e9e en 1959 par Me Tettamanti et Me Spiess.<\/p>\t\t\t\t\t\t\t\t<\/div>\n\t\t\t\t<\/div>\n\t\t\t\t<\/div>\n\t\t\t\t\t<\/div>\n\t\t\t\t<\/div>\n\t\t<div class=\"elementor-element elementor-element-2b1fc52 e-flex e-con-boxed e-con e-parent\" data-id=\"2b1fc52\" data-element_type=\"container\" data-e-type=\"container\">\n\t\t\t\t\t<div class=\"e-con-inner\">\n\t\t\t\t<div class=\"elementor-element elementor-element-213cbcd elementor-widget elementor-widget-text-editor\" data-id=\"213cbcd\" data-element_type=\"widget\" data-e-type=\"widget\" data-widget_type=\"text-editor.default\">\n\t\t\t\t<div class=\"elementor-widget-container\">\n\t\t\t\t\t\t\t\t\t<p>Me Maria Cristina Bonfio exerce comme notaire dans une \u00e9tude du Lugano et comme Of Counsel au sein de notre \u00c9tude.<\/p><p>\u00a0<\/p><p>Ses principaux domaines d&#8217;activit\u00e9 comprennent le droit matrimonial, le droit des successions, le droit immobilier et le droit des soci\u00e9t\u00e9s. Elle parle couramment l&#8217;italien, le fran\u00e7ais et l&#8217;allemand.<\/p><p>Elle a \u00e9t\u00e9 pr\u00e9sidente de l\u2019Ordre des notaires tessinois et est active au sein de comit\u00e9s professionnelles li\u00e9s \u00e0 la pratique notariale.<\/p><p>\u00a0<\/p><p>Elle donne \u00e9galement des cours et des conf\u00e9rences sur les questions successorales.<\/p>\t\t\t\t\t\t\t\t<\/div>\n\t\t\t\t<\/div>\n\t\t\t\t\t<\/div>\n\t\t\t\t<\/div>\n\t\t\t\t<\/div>\n\t\t","protected":false},"excerpt":{"rendered":"<p>Maria Cristina Bonfio Domaines d&#8217;activit\u00e9: Conseil en droit successoral, matrimonial, immobilier et soci\u00e9taire, avec une exp\u00e9rience dans le domaine de la planification patrimoniale et de la gestion d&#8217;op\u00e9rations familiales et soci\u00e9taires complexes. Langues:Italien, fran\u00e7ais, allemand Contact:E-Mail: info@pzlegal.ch Me Maria Cristina Bonfio, dipl\u00f4m\u00e9e en droit \u00e0 l&#8217;Universit\u00e9 de Lausanne en 1984, est membre de l&#8217;Ordre des [&hellip;]<\/p>\n","protected":false},"author":1,"featured_media":0,"parent":3728,"menu_order":8,"comment_status":"closed","ping_status":"closed","template":"","meta":{"footnotes":""},"class_list":["post-3812","page","type-page","status-publish","hentry"],"yoast_head":"<!-- This site is optimized with the Yoast SEO plugin v27.2 - https:\/\/yoast.com\/product\/yoast-seo-wordpress\/ -->\n<title>Maria Cristina Bonfio - Studio Legale Pedrazzini Zanazza &amp; Associati SA<\/title>\n<meta name=\"robots\" content=\"index, follow, max-snippet:-1, max-image-preview:large, max-video-preview:-1\" \/>\n<link rel=\"canonical\" href=\"https:\/\/pzlegal.ch\/fr\/qui-sommes-nous\/maria-cristina-bonfio\/\" \/>\n<meta property=\"og:locale\" content=\"fr_FR\" \/>\n<meta property=\"og:type\" content=\"article\" \/>\n<meta property=\"og:title\" content=\"Maria Cristina Bonfio - Studio Legale Pedrazzini Zanazza &amp; Associati SA\" \/>\n<meta property=\"og:description\" content=\"Maria Cristina Bonfio Domaines d&#8217;activit\u00e9: Conseil en droit successoral, matrimonial, immobilier et soci\u00e9taire, avec une exp\u00e9rience dans le domaine de la planification patrimoniale et de la gestion d&#8217;op\u00e9rations familiales et soci\u00e9taires complexes. Langues:Italien, fran\u00e7ais, allemand Contact:E-Mail: info@pzlegal.ch Me Maria Cristina Bonfio, dipl\u00f4m\u00e9e en droit \u00e0 l&#8217;Universit\u00e9 de Lausanne en 1984, est membre de l&#8217;Ordre des [&hellip;]\" \/>\n<meta property=\"og:url\" content=\"https:\/\/pzlegal.ch\/fr\/qui-sommes-nous\/maria-cristina-bonfio\/\" \/>\n<meta property=\"og:site_name\" content=\"Studio Legale Pedrazzini Zanazza &amp; Associati SA\" \/>\n<meta property=\"article:modified_time\" content=\"2025-09-18T14:53:23+00:00\" \/>\n<meta property=\"og:image\" content=\"https:\/\/pzlegal.ch\/wp-content\/uploads\/2025\/07\/maria_cristina_bonfio_profilo-1.jpg\" \/>\n\t<meta property=\"og:image:width\" content=\"625\" \/>\n\t<meta property=\"og:image:height\" content=\"846\" \/>\n\t<meta property=\"og:image:type\" content=\"image\/jpeg\" \/>\n<meta name=\"twitter:card\" content=\"summary_large_image\" \/>\n<meta name=\"twitter:label1\" content=\"Est. reading time\" \/>\n\t<meta name=\"twitter:data1\" content=\"2 minutes\" \/>\n<script type=\"application\/ld+json\" class=\"yoast-schema-graph\">{\"@context\":\"https:\/\/schema.org\",\"@graph\":[{\"@type\":\"WebPage\",\"@id\":\"https:\/\/pzlegal.ch\/fr\/qui-sommes-nous\/maria-cristina-bonfio\/\",\"url\":\"https:\/\/pzlegal.ch\/fr\/qui-sommes-nous\/maria-cristina-bonfio\/\",\"name\":\"Maria Cristina Bonfio - Studio Legale Pedrazzini Zanazza &amp; Associati SA\",\"isPartOf\":{\"@id\":\"https:\/\/pzlegal.ch\/#website\"},\"primaryImageOfPage\":{\"@id\":\"https:\/\/pzlegal.ch\/fr\/qui-sommes-nous\/maria-cristina-bonfio\/#primaryimage\"},\"image\":{\"@id\":\"https:\/\/pzlegal.ch\/fr\/qui-sommes-nous\/maria-cristina-bonfio\/#primaryimage\"},\"thumbnailUrl\":\"https:\/\/pzlegal.ch\/wp-content\/uploads\/2025\/07\/maria_cristina_bonfio_profilo-1.jpg\",\"datePublished\":\"2025-07-23T14:15:18+00:00\",\"dateModified\":\"2025-09-18T14:53:23+00:00\",\"breadcrumb\":{\"@id\":\"https:\/\/pzlegal.ch\/fr\/qui-sommes-nous\/maria-cristina-bonfio\/#breadcrumb\"},\"inLanguage\":\"fr-FR\",\"potentialAction\":[{\"@type\":\"ReadAction\",\"target\":[\"https:\/\/pzlegal.ch\/fr\/qui-sommes-nous\/maria-cristina-bonfio\/\"]}]},{\"@type\":\"ImageObject\",\"inLanguage\":\"fr-FR\",\"@id\":\"https:\/\/pzlegal.ch\/fr\/qui-sommes-nous\/maria-cristina-bonfio\/#primaryimage\",\"url\":\"https:\/\/pzlegal.ch\/wp-content\/uploads\/2025\/07\/maria_cristina_bonfio_profilo-1.jpg\",\"contentUrl\":\"https:\/\/pzlegal.ch\/wp-content\/uploads\/2025\/07\/maria_cristina_bonfio_profilo-1.jpg\"},{\"@type\":\"BreadcrumbList\",\"@id\":\"https:\/\/pzlegal.ch\/fr\/qui-sommes-nous\/maria-cristina-bonfio\/#breadcrumb\",\"itemListElement\":[{\"@type\":\"ListItem\",\"position\":1,\"name\":\"Home\",\"item\":\"https:\/\/pzlegal.ch\/fr\/\"},{\"@type\":\"ListItem\",\"position\":2,\"name\":\"Qui sommes-nous \/ L&#8217;\u00e9tude\",\"item\":\"https:\/\/pzlegal.ch\/fr\/qui-sommes-nous\/\"},{\"@type\":\"ListItem\",\"position\":3,\"name\":\"Maria Cristina Bonfio\"}]},{\"@type\":\"WebSite\",\"@id\":\"https:\/\/pzlegal.ch\/#website\",\"url\":\"https:\/\/pzlegal.ch\/\",\"name\":\"Studio Legale Pedrazzini Zanazza &amp; Associati SA\",\"description\":\"\",\"publisher\":{\"@id\":\"https:\/\/pzlegal.ch\/#organization\"},\"potentialAction\":[{\"@type\":\"SearchAction\",\"target\":{\"@type\":\"EntryPoint\",\"urlTemplate\":\"https:\/\/pzlegal.ch\/?s={search_term_string}\"},\"query-input\":{\"@type\":\"PropertyValueSpecification\",\"valueRequired\":true,\"valueName\":\"search_term_string\"}}],\"inLanguage\":\"fr-FR\"},{\"@type\":\"Organization\",\"@id\":\"https:\/\/pzlegal.ch\/#organization\",\"name\":\"Studio Legale Pedrazzini Zanazza &amp; Associati SA\",\"url\":\"https:\/\/pzlegal.ch\/\",\"logo\":{\"@type\":\"ImageObject\",\"inLanguage\":\"fr-FR\",\"@id\":\"https:\/\/pzlegal.ch\/#\/schema\/logo\/image\/\",\"url\":\"https:\/\/pzlegal.ch\/wp-content\/uploads\/2025\/03\/studio_legale_pedranzini_zanazza.jpg\",\"contentUrl\":\"https:\/\/pzlegal.ch\/wp-content\/uploads\/2025\/03\/studio_legale_pedranzini_zanazza.jpg\",\"width\":398,\"height\":74,\"caption\":\"Studio Legale Pedrazzini Zanazza &amp; Associati SA\"},\"image\":{\"@id\":\"https:\/\/pzlegal.ch\/#\/schema\/logo\/image\/\"}}]}<\/script>\n<!-- \/ Yoast SEO plugin. -->","yoast_head_json":{"title":"Maria Cristina Bonfio - Studio Legale Pedrazzini Zanazza &amp; Associati SA","robots":{"index":"index","follow":"follow","max-snippet":"max-snippet:-1","max-image-preview":"max-image-preview:large","max-video-preview":"max-video-preview:-1"},"canonical":"https:\/\/pzlegal.ch\/fr\/qui-sommes-nous\/maria-cristina-bonfio\/","og_locale":"fr_FR","og_type":"article","og_title":"Maria Cristina Bonfio - Studio Legale Pedrazzini Zanazza &amp; Associati SA","og_description":"Maria Cristina Bonfio Domaines d&#8217;activit\u00e9: Conseil en droit successoral, matrimonial, immobilier et soci\u00e9taire, avec une exp\u00e9rience dans le domaine de la planification patrimoniale et de la gestion d&#8217;op\u00e9rations familiales et soci\u00e9taires complexes. Langues:Italien, fran\u00e7ais, allemand Contact:E-Mail: info@pzlegal.ch Me Maria Cristina Bonfio, dipl\u00f4m\u00e9e en droit \u00e0 l&#8217;Universit\u00e9 de Lausanne en 1984, est membre de l&#8217;Ordre des [&hellip;]","og_url":"https:\/\/pzlegal.ch\/fr\/qui-sommes-nous\/maria-cristina-bonfio\/","og_site_name":"Studio Legale Pedrazzini Zanazza &amp; Associati SA","article_modified_time":"2025-09-18T14:53:23+00:00","og_image":[{"width":625,"height":846,"url":"https:\/\/pzlegal.ch\/wp-content\/uploads\/2025\/07\/maria_cristina_bonfio_profilo-1.jpg","type":"image\/jpeg"}],"twitter_card":"summary_large_image","twitter_misc":{"Est. reading time":"2 minutes"},"schema":{"@context":"https:\/\/schema.org","@graph":[{"@type":"WebPage","@id":"https:\/\/pzlegal.ch\/fr\/qui-sommes-nous\/maria-cristina-bonfio\/","url":"https:\/\/pzlegal.ch\/fr\/qui-sommes-nous\/maria-cristina-bonfio\/","name":"Maria Cristina Bonfio - Studio Legale Pedrazzini Zanazza &amp; Associati SA","isPartOf":{"@id":"https:\/\/pzlegal.ch\/#website"},"primaryImageOfPage":{"@id":"https:\/\/pzlegal.ch\/fr\/qui-sommes-nous\/maria-cristina-bonfio\/#primaryimage"},"image":{"@id":"https:\/\/pzlegal.ch\/fr\/qui-sommes-nous\/maria-cristina-bonfio\/#primaryimage"},"thumbnailUrl":"https:\/\/pzlegal.ch\/wp-content\/uploads\/2025\/07\/maria_cristina_bonfio_profilo-1.jpg","datePublished":"2025-07-23T14:15:18+00:00","dateModified":"2025-09-18T14:53:23+00:00","breadcrumb":{"@id":"https:\/\/pzlegal.ch\/fr\/qui-sommes-nous\/maria-cristina-bonfio\/#breadcrumb"},"inLanguage":"fr-FR","potentialAction":[{"@type":"ReadAction","target":["https:\/\/pzlegal.ch\/fr\/qui-sommes-nous\/maria-cristina-bonfio\/"]}]},{"@type":"ImageObject","inLanguage":"fr-FR","@id":"https:\/\/pzlegal.ch\/fr\/qui-sommes-nous\/maria-cristina-bonfio\/#primaryimage","url":"https:\/\/pzlegal.ch\/wp-content\/uploads\/2025\/07\/maria_cristina_bonfio_profilo-1.jpg","contentUrl":"https:\/\/pzlegal.ch\/wp-content\/uploads\/2025\/07\/maria_cristina_bonfio_profilo-1.jpg"},{"@type":"BreadcrumbList","@id":"https:\/\/pzlegal.ch\/fr\/qui-sommes-nous\/maria-cristina-bonfio\/#breadcrumb","itemListElement":[{"@type":"ListItem","position":1,"name":"Home","item":"https:\/\/pzlegal.ch\/fr\/"},{"@type":"ListItem","position":2,"name":"Qui sommes-nous \/ L&#8217;\u00e9tude","item":"https:\/\/pzlegal.ch\/fr\/qui-sommes-nous\/"},{"@type":"ListItem","position":3,"name":"Maria Cristina Bonfio"}]},{"@type":"WebSite","@id":"https:\/\/pzlegal.ch\/#website","url":"https:\/\/pzlegal.ch\/","name":"Studio Legale Pedrazzini Zanazza &amp; Associati SA","description":"","publisher":{"@id":"https:\/\/pzlegal.ch\/#organization"},"potentialAction":[{"@type":"SearchAction","target":{"@type":"EntryPoint","urlTemplate":"https:\/\/pzlegal.ch\/?s={search_term_string}"},"query-input":{"@type":"PropertyValueSpecification","valueRequired":true,"valueName":"search_term_string"}}],"inLanguage":"fr-FR"},{"@type":"Organization","@id":"https:\/\/pzlegal.ch\/#organization","name":"Studio Legale Pedrazzini Zanazza &amp; Associati SA","url":"https:\/\/pzlegal.ch\/","logo":{"@type":"ImageObject","inLanguage":"fr-FR","@id":"https:\/\/pzlegal.ch\/#\/schema\/logo\/image\/","url":"https:\/\/pzlegal.ch\/wp-content\/uploads\/2025\/03\/studio_legale_pedranzini_zanazza.jpg","contentUrl":"https:\/\/pzlegal.ch\/wp-content\/uploads\/2025\/03\/studio_legale_pedranzini_zanazza.jpg","width":398,"height":74,"caption":"Studio Legale Pedrazzini Zanazza &amp; Associati SA"},"image":{"@id":"https:\/\/pzlegal.ch\/#\/schema\/logo\/image\/"}}]}},"_links":{"self":[{"href":"https:\/\/pzlegal.ch\/fr\/wp-json\/wp\/v2\/pages\/3812","targetHints":{"allow":["GET"]}}],"collection":[{"href":"https:\/\/pzlegal.ch\/fr\/wp-json\/wp\/v2\/pages"}],"about":[{"href":"https:\/\/pzlegal.ch\/fr\/wp-json\/wp\/v2\/types\/page"}],"author":[{"embeddable":true,"href":"https:\/\/pzlegal.ch\/fr\/wp-json\/wp\/v2\/users\/1"}],"replies":[{"embeddable":true,"href":"https:\/\/pzlegal.ch\/fr\/wp-json\/wp\/v2\/comments?post=3812"}],"version-history":[{"count":10,"href":"https:\/\/pzlegal.ch\/fr\/wp-json\/wp\/v2\/pages\/3812\/revisions"}],"predecessor-version":[{"id":3969,"href":"https:\/\/pzlegal.ch\/fr\/wp-json\/wp\/v2\/pages\/3812\/revisions\/3969"}],"up":[{"embeddable":true,"href":"https:\/\/pzlegal.ch\/fr\/wp-json\/wp\/v2\/pages\/3728"}],"wp:attachment":[{"href":"https:\/\/pzlegal.ch\/fr\/wp-json\/wp\/v2\/media?parent=3812"}],"curies":[{"name":"wp","href":"https:\/\/api.w.org\/{rel}","templated":true}]}}