{"id":4042,"date":"2025-09-18T14:57:37","date_gmt":"2025-09-18T14:57:37","guid":{"rendered":"https:\/\/pzlegal.ch\/?page_id=4042"},"modified":"2025-10-02T14:36:24","modified_gmt":"2025-10-02T14:36:24","slug":"tito-tettamanti","status":"publish","type":"page","link":"https:\/\/pzlegal.ch\/fr\/qui-sommes-nous\/tito-tettamanti\/","title":{"rendered":"Tito Tettamanti"},"content":{"rendered":"\t\t<div data-elementor-type=\"wp-page\" data-elementor-id=\"4042\" class=\"elementor elementor-4042 elementor-3970\" data-elementor-post-type=\"page\">\n\t\t\t\t<div class=\"elementor-element elementor-element-55b44c1 e-grid e-con-boxed e-con e-parent\" data-id=\"55b44c1\" data-element_type=\"container\" data-e-type=\"container\">\n\t\t\t\t\t<div class=\"e-con-inner\">\n\t\t<div class=\"elementor-element elementor-element-25bccbc e-con-full e-flex e-con e-child\" data-id=\"25bccbc\" data-element_type=\"container\" data-e-type=\"container\">\n\t\t\t\t<div class=\"elementor-element elementor-element-5e85df1 elementor-widget elementor-widget-image\" data-id=\"5e85df1\" data-element_type=\"widget\" data-e-type=\"widget\" data-widget_type=\"image.default\">\n\t\t\t\t<div class=\"elementor-widget-container\">\n\t\t\t\t\t\t\t\t\t\t\t\t\t\t\t<img fetchpriority=\"high\" decoding=\"async\" width=\"625\" height=\"846\" src=\"https:\/\/pzlegal.ch\/wp-content\/uploads\/2025\/10\/tito_tettamanti_profilo_02.jpg\" class=\"attachment-large size-large wp-image-4316\" alt=\"\" srcset=\"https:\/\/pzlegal.ch\/wp-content\/uploads\/2025\/10\/tito_tettamanti_profilo_02.jpg 625w, https:\/\/pzlegal.ch\/wp-content\/uploads\/2025\/10\/tito_tettamanti_profilo_02-222x300.jpg 222w\" sizes=\"(max-width: 625px) 100vw, 625px\" \/>\t\t\t\t\t\t\t\t\t\t\t\t\t\t\t<\/div>\n\t\t\t\t<\/div>\n\t\t\t\t<\/div>\n\t\t<div class=\"elementor-element elementor-element-3d9168f e-con-full e-flex e-con e-child\" data-id=\"3d9168f\" data-element_type=\"container\" data-e-type=\"container\">\n\t\t\t\t<div class=\"elementor-element elementor-element-b0015dd elementor-widget elementor-widget-heading\" data-id=\"b0015dd\" data-element_type=\"widget\" data-e-type=\"widget\" data-widget_type=\"heading.default\">\n\t\t\t\t<div class=\"elementor-widget-container\">\n\t\t\t\t\t<h2 class=\"elementor-heading-title elementor-size-default\">Tito Tettamanti<\/h2>\t\t\t\t<\/div>\n\t\t\t\t<\/div>\n\t\t\t\t<div class=\"elementor-element elementor-element-2bb2d40 elementor-widget elementor-widget-text-editor\" data-id=\"2bb2d40\" data-element_type=\"widget\" data-e-type=\"widget\" data-widget_type=\"text-editor.default\">\n\t\t\t\t<div class=\"elementor-widget-container\">\n\t\t\t\t\t\t\t\t\t<p><strong><span style=\"color: #2c78c3;\">Langues:<br \/><\/span><\/strong>Italien, allemand, fran\u00e7ais, anglais<\/p>\t\t\t\t\t\t\t\t<\/div>\n\t\t\t\t<\/div>\n\t\t\t\t<div class=\"elementor-element elementor-element-30c8f39 elementor-widget elementor-widget-text-editor\" data-id=\"30c8f39\" data-element_type=\"widget\" data-e-type=\"widget\" data-widget_type=\"text-editor.default\">\n\t\t\t\t<div class=\"elementor-widget-container\">\n\t\t\t\t\t\t\t\t\t<p><strong><span style=\"color: #2c78c3;\">Contacts:<br \/><\/span><\/strong>E-mail: <a href=\"mailto:info@pzlegal.ch\">info@pzlegal.ch<\/a><\/p>\t\t\t\t\t\t\t\t<\/div>\n\t\t\t\t<\/div>\n\t\t\t\t<div class=\"elementor-element elementor-element-0d5c3a1 elementor-widget elementor-widget-text-editor\" data-id=\"0d5c3a1\" data-element_type=\"widget\" data-e-type=\"widget\" data-widget_type=\"text-editor.default\">\n\t\t\t\t<div class=\"elementor-widget-container\">\n\t\t\t\t\t\t\t\t\t<p>Apr\u00e8s avoir obtenu sa licence en droit \u00e0 l&#8217;Universit\u00e9 de Berne en 1953, \u00e0 seulement 23 ans, Me Tito Tettamanti a entam\u00e9 une carri\u00e8re d&#8217;avocat et obtenu son brevet d&#8217;avocat en 1955. \u00c0 ce jour, il collabore en tant que Of Counsel au sein de notre \u00c9tude.<\/p><p>\u00a0<\/p><p>Il parle couramment l&#8217;italien, l&#8217;allemand, le fran\u00e7ais et l&#8217;anglais.<\/p><p>\u00a0<\/p><p>En 1959, il fonde l\u2019\u00e9tude d&#8217;avocats et de notaires Tettamanti-Spiess-Dotta et, l&#8217;ann\u00e9e suivante, la soci\u00e9t\u00e9 fiduciaire Fidinam SA, cr\u00e9\u00e9e pour soutenir l\u2019\u00e9tude en question. Fidinam SA est devenue par la suite l&#8217;une des principales soci\u00e9t\u00e9s fiduciaires suisses. Il en a \u00e9t\u00e9 l&#8217;administrateur d\u00e9l\u00e9gu\u00e9 pendant 25 ans et en est aujourd&#8217;hui le directeur g\u00e9n\u00e9ral.<\/p>\t\t\t\t\t\t\t\t<\/div>\n\t\t\t\t<\/div>\n\t\t\t\t<\/div>\n\t\t\t\t\t<\/div>\n\t\t\t\t<\/div>\n\t\t<div class=\"elementor-element elementor-element-5349b6c e-flex e-con-boxed e-con e-parent\" data-id=\"5349b6c\" data-element_type=\"container\" data-e-type=\"container\">\n\t\t\t\t\t<div class=\"e-con-inner\">\n\t\t\t\t<div class=\"elementor-element elementor-element-0abfc1f elementor-widget elementor-widget-text-editor\" data-id=\"0abfc1f\" data-element_type=\"widget\" data-e-type=\"widget\" data-widget_type=\"text-editor.default\">\n\t\t\t\t<div class=\"elementor-widget-container\">\n\t\t\t\t\t\t\t\t\t<p>Il a \u00e9galement occup\u00e9 la fonction de pr\u00e9sident, puis de pr\u00e9sident honoraire, de Sterling Strategic Value Limited, transform\u00e9e en 2017 en Sterling Strategic Value Fund S.A., un fonds luxembourgeois dont il est toujours pr\u00e9sident honoraire.<\/p><p>\u00a0<\/p><p>Il participe souvent \u00e0 des conf\u00e9rences, des d\u00e9bats publics, t\u00e9l\u00e9vis\u00e9s et radiophoniques. Passionn\u00e9 et fin connaisseur des \u00e9quilibres politiques, culturels et \u00e9conomiques internationaux, il est l&#8217;auteur de nombreuses publications et \u00e9crit r\u00e9guli\u00e8rement des articles d&#8217;opinion dans le Corriere del Ticino et Die Zeit, traitant souvent et volontiers de sujets \u00e9conomiques et sociaux.<\/p>\t\t\t\t\t\t\t\t<\/div>\n\t\t\t\t<\/div>\n\t\t\t\t\t<\/div>\n\t\t\t\t<\/div>\n\t\t\t\t<\/div>\n\t\t","protected":false},"excerpt":{"rendered":"<p>Tito Tettamanti Langues:Italien, allemand, fran\u00e7ais, anglais Contacts:E-mail: info@pzlegal.ch Apr\u00e8s avoir obtenu sa licence en droit \u00e0 l&#8217;Universit\u00e9 de Berne en 1953, \u00e0 seulement 23 ans, Me Tito Tettamanti a entam\u00e9 une carri\u00e8re d&#8217;avocat et obtenu son brevet d&#8217;avocat en 1955. \u00c0 ce jour, il collabore en tant que Of Counsel au sein de notre \u00c9tude. [&hellip;]<\/p>\n","protected":false},"author":1,"featured_media":0,"parent":3728,"menu_order":6,"comment_status":"closed","ping_status":"closed","template":"","meta":{"footnotes":""},"class_list":["post-4042","page","type-page","status-publish","hentry"],"yoast_head":"<!-- This site is optimized with the Yoast SEO plugin v27.2 - https:\/\/yoast.com\/product\/yoast-seo-wordpress\/ -->\n<title>Tito Tettamanti - Studio Legale Pedrazzini Zanazza &amp; Associati SA<\/title>\n<meta name=\"robots\" content=\"index, follow, max-snippet:-1, max-image-preview:large, max-video-preview:-1\" \/>\n<link rel=\"canonical\" href=\"https:\/\/pzlegal.ch\/fr\/qui-sommes-nous\/tito-tettamanti\/\" \/>\n<meta property=\"og:locale\" content=\"fr_FR\" \/>\n<meta property=\"og:type\" content=\"article\" \/>\n<meta property=\"og:title\" content=\"Tito Tettamanti - Studio Legale Pedrazzini Zanazza &amp; Associati SA\" \/>\n<meta property=\"og:description\" content=\"Tito Tettamanti Langues:Italien, allemand, fran\u00e7ais, anglais Contacts:E-mail: info@pzlegal.ch Apr\u00e8s avoir obtenu sa licence en droit \u00e0 l&#8217;Universit\u00e9 de Berne en 1953, \u00e0 seulement 23 ans, Me Tito Tettamanti a entam\u00e9 une carri\u00e8re d&#8217;avocat et obtenu son brevet d&#8217;avocat en 1955. \u00c0 ce jour, il collabore en tant que Of Counsel au sein de notre \u00c9tude. [&hellip;]\" \/>\n<meta property=\"og:url\" content=\"https:\/\/pzlegal.ch\/fr\/qui-sommes-nous\/tito-tettamanti\/\" \/>\n<meta property=\"og:site_name\" content=\"Studio Legale Pedrazzini Zanazza &amp; Associati SA\" \/>\n<meta property=\"article:modified_time\" content=\"2025-10-02T14:36:24+00:00\" \/>\n<meta property=\"og:image\" content=\"https:\/\/pzlegal.ch\/wp-content\/uploads\/2025\/10\/tito_tettamanti_profilo_02.jpg\" \/>\n\t<meta property=\"og:image:width\" content=\"625\" \/>\n\t<meta property=\"og:image:height\" content=\"846\" \/>\n\t<meta property=\"og:image:type\" content=\"image\/jpeg\" \/>\n<meta name=\"twitter:card\" content=\"summary_large_image\" \/>\n<meta name=\"twitter:label1\" content=\"Est. reading time\" \/>\n\t<meta name=\"twitter:data1\" content=\"2 minutes\" \/>\n<script type=\"application\/ld+json\" class=\"yoast-schema-graph\">{\"@context\":\"https:\/\/schema.org\",\"@graph\":[{\"@type\":\"WebPage\",\"@id\":\"https:\/\/pzlegal.ch\/fr\/qui-sommes-nous\/tito-tettamanti\/\",\"url\":\"https:\/\/pzlegal.ch\/fr\/qui-sommes-nous\/tito-tettamanti\/\",\"name\":\"Tito Tettamanti - Studio Legale Pedrazzini Zanazza &amp; Associati SA\",\"isPartOf\":{\"@id\":\"https:\/\/pzlegal.ch\/#website\"},\"primaryImageOfPage\":{\"@id\":\"https:\/\/pzlegal.ch\/fr\/qui-sommes-nous\/tito-tettamanti\/#primaryimage\"},\"image\":{\"@id\":\"https:\/\/pzlegal.ch\/fr\/qui-sommes-nous\/tito-tettamanti\/#primaryimage\"},\"thumbnailUrl\":\"https:\/\/pzlegal.ch\/wp-content\/uploads\/2025\/10\/tito_tettamanti_profilo_02.jpg\",\"datePublished\":\"2025-09-18T14:57:37+00:00\",\"dateModified\":\"2025-10-02T14:36:24+00:00\",\"breadcrumb\":{\"@id\":\"https:\/\/pzlegal.ch\/fr\/qui-sommes-nous\/tito-tettamanti\/#breadcrumb\"},\"inLanguage\":\"fr-FR\",\"potentialAction\":[{\"@type\":\"ReadAction\",\"target\":[\"https:\/\/pzlegal.ch\/fr\/qui-sommes-nous\/tito-tettamanti\/\"]}]},{\"@type\":\"ImageObject\",\"inLanguage\":\"fr-FR\",\"@id\":\"https:\/\/pzlegal.ch\/fr\/qui-sommes-nous\/tito-tettamanti\/#primaryimage\",\"url\":\"https:\/\/pzlegal.ch\/wp-content\/uploads\/2025\/10\/tito_tettamanti_profilo_02.jpg\",\"contentUrl\":\"https:\/\/pzlegal.ch\/wp-content\/uploads\/2025\/10\/tito_tettamanti_profilo_02.jpg\"},{\"@type\":\"BreadcrumbList\",\"@id\":\"https:\/\/pzlegal.ch\/fr\/qui-sommes-nous\/tito-tettamanti\/#breadcrumb\",\"itemListElement\":[{\"@type\":\"ListItem\",\"position\":1,\"name\":\"Home\",\"item\":\"https:\/\/pzlegal.ch\/fr\/\"},{\"@type\":\"ListItem\",\"position\":2,\"name\":\"Qui sommes-nous \/ L&#8217;\u00e9tude\",\"item\":\"https:\/\/pzlegal.ch\/fr\/qui-sommes-nous\/\"},{\"@type\":\"ListItem\",\"position\":3,\"name\":\"Tito Tettamanti\"}]},{\"@type\":\"WebSite\",\"@id\":\"https:\/\/pzlegal.ch\/#website\",\"url\":\"https:\/\/pzlegal.ch\/\",\"name\":\"Studio Legale Pedrazzini Zanazza &amp; Associati SA\",\"description\":\"\",\"publisher\":{\"@id\":\"https:\/\/pzlegal.ch\/#organization\"},\"potentialAction\":[{\"@type\":\"SearchAction\",\"target\":{\"@type\":\"EntryPoint\",\"urlTemplate\":\"https:\/\/pzlegal.ch\/?s={search_term_string}\"},\"query-input\":{\"@type\":\"PropertyValueSpecification\",\"valueRequired\":true,\"valueName\":\"search_term_string\"}}],\"inLanguage\":\"fr-FR\"},{\"@type\":\"Organization\",\"@id\":\"https:\/\/pzlegal.ch\/#organization\",\"name\":\"Studio Legale Pedrazzini Zanazza &amp; Associati SA\",\"url\":\"https:\/\/pzlegal.ch\/\",\"logo\":{\"@type\":\"ImageObject\",\"inLanguage\":\"fr-FR\",\"@id\":\"https:\/\/pzlegal.ch\/#\/schema\/logo\/image\/\",\"url\":\"https:\/\/pzlegal.ch\/wp-content\/uploads\/2025\/03\/studio_legale_pedranzini_zanazza.jpg\",\"contentUrl\":\"https:\/\/pzlegal.ch\/wp-content\/uploads\/2025\/03\/studio_legale_pedranzini_zanazza.jpg\",\"width\":398,\"height\":74,\"caption\":\"Studio Legale Pedrazzini Zanazza &amp; Associati SA\"},\"image\":{\"@id\":\"https:\/\/pzlegal.ch\/#\/schema\/logo\/image\/\"}}]}<\/script>\n<!-- \/ Yoast SEO plugin. -->","yoast_head_json":{"title":"Tito Tettamanti - Studio Legale Pedrazzini Zanazza &amp; Associati SA","robots":{"index":"index","follow":"follow","max-snippet":"max-snippet:-1","max-image-preview":"max-image-preview:large","max-video-preview":"max-video-preview:-1"},"canonical":"https:\/\/pzlegal.ch\/fr\/qui-sommes-nous\/tito-tettamanti\/","og_locale":"fr_FR","og_type":"article","og_title":"Tito Tettamanti - Studio Legale Pedrazzini Zanazza &amp; Associati SA","og_description":"Tito Tettamanti Langues:Italien, allemand, fran\u00e7ais, anglais Contacts:E-mail: info@pzlegal.ch Apr\u00e8s avoir obtenu sa licence en droit \u00e0 l&#8217;Universit\u00e9 de Berne en 1953, \u00e0 seulement 23 ans, Me Tito Tettamanti a entam\u00e9 une carri\u00e8re d&#8217;avocat et obtenu son brevet d&#8217;avocat en 1955. \u00c0 ce jour, il collabore en tant que Of Counsel au sein de notre \u00c9tude. [&hellip;]","og_url":"https:\/\/pzlegal.ch\/fr\/qui-sommes-nous\/tito-tettamanti\/","og_site_name":"Studio Legale Pedrazzini Zanazza &amp; Associati SA","article_modified_time":"2025-10-02T14:36:24+00:00","og_image":[{"width":625,"height":846,"url":"https:\/\/pzlegal.ch\/wp-content\/uploads\/2025\/10\/tito_tettamanti_profilo_02.jpg","type":"image\/jpeg"}],"twitter_card":"summary_large_image","twitter_misc":{"Est. reading time":"2 minutes"},"schema":{"@context":"https:\/\/schema.org","@graph":[{"@type":"WebPage","@id":"https:\/\/pzlegal.ch\/fr\/qui-sommes-nous\/tito-tettamanti\/","url":"https:\/\/pzlegal.ch\/fr\/qui-sommes-nous\/tito-tettamanti\/","name":"Tito Tettamanti - Studio Legale Pedrazzini Zanazza &amp; Associati SA","isPartOf":{"@id":"https:\/\/pzlegal.ch\/#website"},"primaryImageOfPage":{"@id":"https:\/\/pzlegal.ch\/fr\/qui-sommes-nous\/tito-tettamanti\/#primaryimage"},"image":{"@id":"https:\/\/pzlegal.ch\/fr\/qui-sommes-nous\/tito-tettamanti\/#primaryimage"},"thumbnailUrl":"https:\/\/pzlegal.ch\/wp-content\/uploads\/2025\/10\/tito_tettamanti_profilo_02.jpg","datePublished":"2025-09-18T14:57:37+00:00","dateModified":"2025-10-02T14:36:24+00:00","breadcrumb":{"@id":"https:\/\/pzlegal.ch\/fr\/qui-sommes-nous\/tito-tettamanti\/#breadcrumb"},"inLanguage":"fr-FR","potentialAction":[{"@type":"ReadAction","target":["https:\/\/pzlegal.ch\/fr\/qui-sommes-nous\/tito-tettamanti\/"]}]},{"@type":"ImageObject","inLanguage":"fr-FR","@id":"https:\/\/pzlegal.ch\/fr\/qui-sommes-nous\/tito-tettamanti\/#primaryimage","url":"https:\/\/pzlegal.ch\/wp-content\/uploads\/2025\/10\/tito_tettamanti_profilo_02.jpg","contentUrl":"https:\/\/pzlegal.ch\/wp-content\/uploads\/2025\/10\/tito_tettamanti_profilo_02.jpg"},{"@type":"BreadcrumbList","@id":"https:\/\/pzlegal.ch\/fr\/qui-sommes-nous\/tito-tettamanti\/#breadcrumb","itemListElement":[{"@type":"ListItem","position":1,"name":"Home","item":"https:\/\/pzlegal.ch\/fr\/"},{"@type":"ListItem","position":2,"name":"Qui sommes-nous \/ L&#8217;\u00e9tude","item":"https:\/\/pzlegal.ch\/fr\/qui-sommes-nous\/"},{"@type":"ListItem","position":3,"name":"Tito Tettamanti"}]},{"@type":"WebSite","@id":"https:\/\/pzlegal.ch\/#website","url":"https:\/\/pzlegal.ch\/","name":"Studio Legale Pedrazzini Zanazza &amp; Associati SA","description":"","publisher":{"@id":"https:\/\/pzlegal.ch\/#organization"},"potentialAction":[{"@type":"SearchAction","target":{"@type":"EntryPoint","urlTemplate":"https:\/\/pzlegal.ch\/?s={search_term_string}"},"query-input":{"@type":"PropertyValueSpecification","valueRequired":true,"valueName":"search_term_string"}}],"inLanguage":"fr-FR"},{"@type":"Organization","@id":"https:\/\/pzlegal.ch\/#organization","name":"Studio Legale Pedrazzini Zanazza &amp; Associati SA","url":"https:\/\/pzlegal.ch\/","logo":{"@type":"ImageObject","inLanguage":"fr-FR","@id":"https:\/\/pzlegal.ch\/#\/schema\/logo\/image\/","url":"https:\/\/pzlegal.ch\/wp-content\/uploads\/2025\/03\/studio_legale_pedranzini_zanazza.jpg","contentUrl":"https:\/\/pzlegal.ch\/wp-content\/uploads\/2025\/03\/studio_legale_pedranzini_zanazza.jpg","width":398,"height":74,"caption":"Studio Legale Pedrazzini Zanazza &amp; Associati SA"},"image":{"@id":"https:\/\/pzlegal.ch\/#\/schema\/logo\/image\/"}}]}},"_links":{"self":[{"href":"https:\/\/pzlegal.ch\/fr\/wp-json\/wp\/v2\/pages\/4042","targetHints":{"allow":["GET"]}}],"collection":[{"href":"https:\/\/pzlegal.ch\/fr\/wp-json\/wp\/v2\/pages"}],"about":[{"href":"https:\/\/pzlegal.ch\/fr\/wp-json\/wp\/v2\/types\/page"}],"author":[{"embeddable":true,"href":"https:\/\/pzlegal.ch\/fr\/wp-json\/wp\/v2\/users\/1"}],"replies":[{"embeddable":true,"href":"https:\/\/pzlegal.ch\/fr\/wp-json\/wp\/v2\/comments?post=4042"}],"version-history":[{"count":7,"href":"https:\/\/pzlegal.ch\/fr\/wp-json\/wp\/v2\/pages\/4042\/revisions"}],"predecessor-version":[{"id":4329,"href":"https:\/\/pzlegal.ch\/fr\/wp-json\/wp\/v2\/pages\/4042\/revisions\/4329"}],"up":[{"embeddable":true,"href":"https:\/\/pzlegal.ch\/fr\/wp-json\/wp\/v2\/pages\/3728"}],"wp:attachment":[{"href":"https:\/\/pzlegal.ch\/fr\/wp-json\/wp\/v2\/media?parent=4042"}],"curies":[{"name":"wp","href":"https:\/\/api.w.org\/{rel}","templated":true}]}}