{"id":4055,"date":"2025-09-18T15:01:29","date_gmt":"2025-09-18T15:01:29","guid":{"rendered":"https:\/\/pzlegal.ch\/?page_id=4055"},"modified":"2025-09-23T09:06:39","modified_gmt":"2025-09-23T09:06:39","slug":"giangiorgio-spiess","status":"publish","type":"page","link":"https:\/\/pzlegal.ch\/fr\/qui-sommes-nous\/giangiorgio-spiess\/","title":{"rendered":"Giangiorgio Spiess"},"content":{"rendered":"\t\t<div data-elementor-type=\"wp-page\" data-elementor-id=\"4055\" class=\"elementor elementor-4055 elementor-3972\" data-elementor-post-type=\"page\">\n\t\t\t\t<div class=\"elementor-element elementor-element-34c9419 e-grid e-con-boxed e-con e-parent\" data-id=\"34c9419\" data-element_type=\"container\" data-e-type=\"container\">\n\t\t\t\t\t<div class=\"e-con-inner\">\n\t\t<div class=\"elementor-element elementor-element-72115d0 e-con-full e-flex e-con e-child\" data-id=\"72115d0\" data-element_type=\"container\" data-e-type=\"container\">\n\t\t\t\t<div class=\"elementor-element elementor-element-fe08ac8 elementor-widget elementor-widget-image\" data-id=\"fe08ac8\" data-element_type=\"widget\" data-e-type=\"widget\" data-widget_type=\"image.default\">\n\t\t\t\t<div class=\"elementor-widget-container\">\n\t\t\t\t\t\t\t\t\t\t\t\t\t\t\t<img fetchpriority=\"high\" decoding=\"async\" width=\"625\" height=\"846\" src=\"https:\/\/pzlegal.ch\/wp-content\/uploads\/2025\/09\/giangiorgio_spiess_profilo.jpg\" class=\"attachment-large size-large wp-image-4020\" alt=\"\" srcset=\"https:\/\/pzlegal.ch\/wp-content\/uploads\/2025\/09\/giangiorgio_spiess_profilo.jpg 625w, https:\/\/pzlegal.ch\/wp-content\/uploads\/2025\/09\/giangiorgio_spiess_profilo-222x300.jpg 222w\" sizes=\"(max-width: 625px) 100vw, 625px\" \/>\t\t\t\t\t\t\t\t\t\t\t\t\t\t\t<\/div>\n\t\t\t\t<\/div>\n\t\t\t\t<\/div>\n\t\t<div class=\"elementor-element elementor-element-baae9dd e-con-full e-flex e-con e-child\" data-id=\"baae9dd\" data-element_type=\"container\" data-e-type=\"container\">\n\t\t\t\t<div class=\"elementor-element elementor-element-06a2f9e elementor-widget elementor-widget-heading\" data-id=\"06a2f9e\" data-element_type=\"widget\" data-e-type=\"widget\" data-widget_type=\"heading.default\">\n\t\t\t\t<div class=\"elementor-widget-container\">\n\t\t\t\t\t<h2 class=\"elementor-heading-title elementor-size-default\">Giangiorgio Spiess<\/h2>\t\t\t\t<\/div>\n\t\t\t\t<\/div>\n\t\t\t\t<div class=\"elementor-element elementor-element-40926dd elementor-widget elementor-widget-text-editor\" data-id=\"40926dd\" data-element_type=\"widget\" data-e-type=\"widget\" data-widget_type=\"text-editor.default\">\n\t\t\t\t<div class=\"elementor-widget-container\">\n\t\t\t\t\t\t\t\t\t<p><strong><span style=\"color: #2c78c3;\">Domaines d&#8217;activit\u00e9:<br \/><\/span><\/strong>Conseil en droit civil, droit des successions, droit commercial et droit du sport.<\/p>\t\t\t\t\t\t\t\t<\/div>\n\t\t\t\t<\/div>\n\t\t\t\t<div class=\"elementor-element elementor-element-4303ffb elementor-widget elementor-widget-text-editor\" data-id=\"4303ffb\" data-element_type=\"widget\" data-e-type=\"widget\" data-widget_type=\"text-editor.default\">\n\t\t\t\t<div class=\"elementor-widget-container\">\n\t\t\t\t\t\t\t\t\t<p><strong><span style=\"color: #2c78c3;\">Langues:<br \/><\/span><\/strong>Italien, allemand, fran\u00e7ais, anglais.<\/p>\t\t\t\t\t\t\t\t<\/div>\n\t\t\t\t<\/div>\n\t\t\t\t<div class=\"elementor-element elementor-element-98c42a2 elementor-widget elementor-widget-text-editor\" data-id=\"98c42a2\" data-element_type=\"widget\" data-e-type=\"widget\" data-widget_type=\"text-editor.default\">\n\t\t\t\t<div class=\"elementor-widget-container\">\n\t\t\t\t\t\t\t\t\t<p><strong><span style=\"color: #2c78c3;\">Contact:<br \/><\/span><\/strong>E-mail: <a href=\"mailto:info@pzlegal.ch\">info@pzlegal.ch<\/a><\/p>\t\t\t\t\t\t\t\t<\/div>\n\t\t\t\t<\/div>\n\t\t\t\t<div class=\"elementor-element elementor-element-86bfc34 elementor-widget elementor-widget-text-editor\" data-id=\"86bfc34\" data-element_type=\"widget\" data-e-type=\"widget\" data-widget_type=\"text-editor.default\">\n\t\t\t\t<div class=\"elementor-widget-container\">\n\t\t\t\t\t\t\t\t\t<p>Me Giangiorgio Spiess a obtenu sa licence en droit \u00e0 l&#8217;Universit\u00e9 de Berne en 1959 et est inscrit \u00e0 l\u2019ordre des avocats du Canton du Tessin depuis 1959.<\/p><p>\u00a0<\/p><p>Il est titulaire d&#8217;une \u00e9tude d&#8217;avocats et exerce en tant que Of Counsel aupr\u00e8s de notre \u00c9tude.<\/p><p>\u00a0<\/p><p>Ses principaux domaines d&#8217;activit\u00e9 comprennent le droit civil, le droit des successions, le droit commercial et le droit du sport.<\/p><p>\u00a0<\/p><p>Il parle couramment l&#8217;italien, l&#8217;allemand, le fran\u00e7ais et l&#8217;anglais.<\/p>\t\t\t\t\t\t\t\t<\/div>\n\t\t\t\t<\/div>\n\t\t\t\t<\/div>\n\t\t\t\t\t<\/div>\n\t\t\t\t<\/div>\n\t\t<div class=\"elementor-element elementor-element-9a136d1 e-flex e-con-boxed e-con e-parent\" data-id=\"9a136d1\" data-element_type=\"container\" data-e-type=\"container\">\n\t\t\t\t\t<div class=\"e-con-inner\">\n\t\t\t\t<div class=\"elementor-element elementor-element-8b982ac elementor-widget elementor-widget-text-editor\" data-id=\"8b982ac\" data-element_type=\"widget\" data-e-type=\"widget\" data-widget_type=\"text-editor.default\">\n\t\t\t\t<div class=\"elementor-widget-container\">\n\t\t\t\t\t\t\t\t\t<p>Il a exerc\u00e9 plusieurs fonctions en tant que pr\u00e9sident et membre du conseil d&#8217;administration de banques, de soci\u00e9t\u00e9s financi\u00e8res et fiduciaires, d&#8217;entreprises de construction et d&#8217;entreprises publiques. Il a \u00e9t\u00e9 conseiller municipal et conseiller communal de la ville de Lugano.<\/p><p>\u00a0<\/p><p>Il a \u00e9t\u00e9 actif dans le domaine du sport en tant que pr\u00e9sident du Football Club Lugano, membre du comit\u00e9 ex\u00e9cutif de la F\u00e9d\u00e9ration Suisse et de la Ligue Nationale de Football, et d\u00e9l\u00e9gu\u00e9 aupr\u00e8s des \u00e9quipes nationales. Au niveau international, il a \u00e9t\u00e9 membre du comit\u00e9 ex\u00e9cutif de l&#8217;Union des Associations Europ\u00e9ennes de Football (UEFA) et en est aujourd&#8217;hui membre honoraire.<\/p>\t\t\t\t\t\t\t\t<\/div>\n\t\t\t\t<\/div>\n\t\t\t\t\t<\/div>\n\t\t\t\t<\/div>\n\t\t\t\t<\/div>\n\t\t","protected":false},"excerpt":{"rendered":"<p>Giangiorgio Spiess Domaines d&#8217;activit\u00e9:Conseil en droit civil, droit des successions, droit commercial et droit du sport. Langues:Italien, allemand, fran\u00e7ais, anglais. Contact:E-mail: info@pzlegal.ch Me Giangiorgio Spiess a obtenu sa licence en droit \u00e0 l&#8217;Universit\u00e9 de Berne en 1959 et est inscrit \u00e0 l\u2019ordre des avocats du Canton du Tessin depuis 1959. \u00a0 Il est titulaire d&#8217;une [&hellip;]<\/p>\n","protected":false},"author":1,"featured_media":0,"parent":3728,"menu_order":7,"comment_status":"closed","ping_status":"closed","template":"","meta":{"footnotes":""},"class_list":["post-4055","page","type-page","status-publish","hentry"],"yoast_head":"<!-- This site is optimized with the Yoast SEO plugin v27.2 - https:\/\/yoast.com\/product\/yoast-seo-wordpress\/ -->\n<title>Giangiorgio Spiess - Studio Legale Pedrazzini Zanazza &amp; Associati SA<\/title>\n<meta name=\"robots\" content=\"index, follow, max-snippet:-1, max-image-preview:large, max-video-preview:-1\" \/>\n<link rel=\"canonical\" href=\"https:\/\/pzlegal.ch\/fr\/qui-sommes-nous\/giangiorgio-spiess\/\" \/>\n<meta property=\"og:locale\" content=\"fr_FR\" \/>\n<meta property=\"og:type\" content=\"article\" \/>\n<meta property=\"og:title\" content=\"Giangiorgio Spiess - Studio Legale Pedrazzini Zanazza &amp; Associati SA\" \/>\n<meta property=\"og:description\" content=\"Giangiorgio Spiess Domaines d&#8217;activit\u00e9:Conseil en droit civil, droit des successions, droit commercial et droit du sport. Langues:Italien, allemand, fran\u00e7ais, anglais. Contact:E-mail: info@pzlegal.ch Me Giangiorgio Spiess a obtenu sa licence en droit \u00e0 l&#8217;Universit\u00e9 de Berne en 1959 et est inscrit \u00e0 l\u2019ordre des avocats du Canton du Tessin depuis 1959. \u00a0 Il est titulaire d&#8217;une [&hellip;]\" \/>\n<meta property=\"og:url\" content=\"https:\/\/pzlegal.ch\/fr\/qui-sommes-nous\/giangiorgio-spiess\/\" \/>\n<meta property=\"og:site_name\" content=\"Studio Legale Pedrazzini Zanazza &amp; Associati SA\" \/>\n<meta property=\"article:modified_time\" content=\"2025-09-23T09:06:39+00:00\" \/>\n<meta property=\"og:image\" content=\"https:\/\/pzlegal.ch\/wp-content\/uploads\/2025\/09\/giangiorgio_spiess_profilo.jpg\" \/>\n\t<meta property=\"og:image:width\" content=\"625\" \/>\n\t<meta property=\"og:image:height\" content=\"846\" \/>\n\t<meta property=\"og:image:type\" content=\"image\/jpeg\" \/>\n<meta name=\"twitter:card\" content=\"summary_large_image\" \/>\n<meta name=\"twitter:label1\" content=\"Est. reading time\" \/>\n\t<meta name=\"twitter:data1\" content=\"2 minutes\" \/>\n<script type=\"application\/ld+json\" class=\"yoast-schema-graph\">{\"@context\":\"https:\/\/schema.org\",\"@graph\":[{\"@type\":\"WebPage\",\"@id\":\"https:\/\/pzlegal.ch\/fr\/qui-sommes-nous\/giangiorgio-spiess\/\",\"url\":\"https:\/\/pzlegal.ch\/fr\/qui-sommes-nous\/giangiorgio-spiess\/\",\"name\":\"Giangiorgio Spiess - Studio Legale Pedrazzini Zanazza &amp; Associati SA\",\"isPartOf\":{\"@id\":\"https:\/\/pzlegal.ch\/#website\"},\"primaryImageOfPage\":{\"@id\":\"https:\/\/pzlegal.ch\/fr\/qui-sommes-nous\/giangiorgio-spiess\/#primaryimage\"},\"image\":{\"@id\":\"https:\/\/pzlegal.ch\/fr\/qui-sommes-nous\/giangiorgio-spiess\/#primaryimage\"},\"thumbnailUrl\":\"https:\/\/pzlegal.ch\/wp-content\/uploads\/2025\/09\/giangiorgio_spiess_profilo.jpg\",\"datePublished\":\"2025-09-18T15:01:29+00:00\",\"dateModified\":\"2025-09-23T09:06:39+00:00\",\"breadcrumb\":{\"@id\":\"https:\/\/pzlegal.ch\/fr\/qui-sommes-nous\/giangiorgio-spiess\/#breadcrumb\"},\"inLanguage\":\"fr-FR\",\"potentialAction\":[{\"@type\":\"ReadAction\",\"target\":[\"https:\/\/pzlegal.ch\/fr\/qui-sommes-nous\/giangiorgio-spiess\/\"]}]},{\"@type\":\"ImageObject\",\"inLanguage\":\"fr-FR\",\"@id\":\"https:\/\/pzlegal.ch\/fr\/qui-sommes-nous\/giangiorgio-spiess\/#primaryimage\",\"url\":\"https:\/\/pzlegal.ch\/wp-content\/uploads\/2025\/09\/giangiorgio_spiess_profilo.jpg\",\"contentUrl\":\"https:\/\/pzlegal.ch\/wp-content\/uploads\/2025\/09\/giangiorgio_spiess_profilo.jpg\"},{\"@type\":\"BreadcrumbList\",\"@id\":\"https:\/\/pzlegal.ch\/fr\/qui-sommes-nous\/giangiorgio-spiess\/#breadcrumb\",\"itemListElement\":[{\"@type\":\"ListItem\",\"position\":1,\"name\":\"Home\",\"item\":\"https:\/\/pzlegal.ch\/fr\/\"},{\"@type\":\"ListItem\",\"position\":2,\"name\":\"Qui sommes-nous \/ L&#8217;\u00e9tude\",\"item\":\"https:\/\/pzlegal.ch\/fr\/qui-sommes-nous\/\"},{\"@type\":\"ListItem\",\"position\":3,\"name\":\"Giangiorgio Spiess\"}]},{\"@type\":\"WebSite\",\"@id\":\"https:\/\/pzlegal.ch\/#website\",\"url\":\"https:\/\/pzlegal.ch\/\",\"name\":\"Studio Legale Pedrazzini Zanazza &amp; Associati SA\",\"description\":\"\",\"publisher\":{\"@id\":\"https:\/\/pzlegal.ch\/#organization\"},\"potentialAction\":[{\"@type\":\"SearchAction\",\"target\":{\"@type\":\"EntryPoint\",\"urlTemplate\":\"https:\/\/pzlegal.ch\/?s={search_term_string}\"},\"query-input\":{\"@type\":\"PropertyValueSpecification\",\"valueRequired\":true,\"valueName\":\"search_term_string\"}}],\"inLanguage\":\"fr-FR\"},{\"@type\":\"Organization\",\"@id\":\"https:\/\/pzlegal.ch\/#organization\",\"name\":\"Studio Legale Pedrazzini Zanazza &amp; Associati SA\",\"url\":\"https:\/\/pzlegal.ch\/\",\"logo\":{\"@type\":\"ImageObject\",\"inLanguage\":\"fr-FR\",\"@id\":\"https:\/\/pzlegal.ch\/#\/schema\/logo\/image\/\",\"url\":\"https:\/\/pzlegal.ch\/wp-content\/uploads\/2025\/03\/studio_legale_pedranzini_zanazza.jpg\",\"contentUrl\":\"https:\/\/pzlegal.ch\/wp-content\/uploads\/2025\/03\/studio_legale_pedranzini_zanazza.jpg\",\"width\":398,\"height\":74,\"caption\":\"Studio Legale Pedrazzini Zanazza &amp; Associati SA\"},\"image\":{\"@id\":\"https:\/\/pzlegal.ch\/#\/schema\/logo\/image\/\"}}]}<\/script>\n<!-- \/ Yoast SEO plugin. -->","yoast_head_json":{"title":"Giangiorgio Spiess - Studio Legale Pedrazzini Zanazza &amp; Associati SA","robots":{"index":"index","follow":"follow","max-snippet":"max-snippet:-1","max-image-preview":"max-image-preview:large","max-video-preview":"max-video-preview:-1"},"canonical":"https:\/\/pzlegal.ch\/fr\/qui-sommes-nous\/giangiorgio-spiess\/","og_locale":"fr_FR","og_type":"article","og_title":"Giangiorgio Spiess - Studio Legale Pedrazzini Zanazza &amp; Associati SA","og_description":"Giangiorgio Spiess Domaines d&#8217;activit\u00e9:Conseil en droit civil, droit des successions, droit commercial et droit du sport. Langues:Italien, allemand, fran\u00e7ais, anglais. Contact:E-mail: info@pzlegal.ch Me Giangiorgio Spiess a obtenu sa licence en droit \u00e0 l&#8217;Universit\u00e9 de Berne en 1959 et est inscrit \u00e0 l\u2019ordre des avocats du Canton du Tessin depuis 1959. \u00a0 Il est titulaire d&#8217;une [&hellip;]","og_url":"https:\/\/pzlegal.ch\/fr\/qui-sommes-nous\/giangiorgio-spiess\/","og_site_name":"Studio Legale Pedrazzini Zanazza &amp; Associati SA","article_modified_time":"2025-09-23T09:06:39+00:00","og_image":[{"width":625,"height":846,"url":"https:\/\/pzlegal.ch\/wp-content\/uploads\/2025\/09\/giangiorgio_spiess_profilo.jpg","type":"image\/jpeg"}],"twitter_card":"summary_large_image","twitter_misc":{"Est. reading time":"2 minutes"},"schema":{"@context":"https:\/\/schema.org","@graph":[{"@type":"WebPage","@id":"https:\/\/pzlegal.ch\/fr\/qui-sommes-nous\/giangiorgio-spiess\/","url":"https:\/\/pzlegal.ch\/fr\/qui-sommes-nous\/giangiorgio-spiess\/","name":"Giangiorgio Spiess - Studio Legale Pedrazzini Zanazza &amp; Associati SA","isPartOf":{"@id":"https:\/\/pzlegal.ch\/#website"},"primaryImageOfPage":{"@id":"https:\/\/pzlegal.ch\/fr\/qui-sommes-nous\/giangiorgio-spiess\/#primaryimage"},"image":{"@id":"https:\/\/pzlegal.ch\/fr\/qui-sommes-nous\/giangiorgio-spiess\/#primaryimage"},"thumbnailUrl":"https:\/\/pzlegal.ch\/wp-content\/uploads\/2025\/09\/giangiorgio_spiess_profilo.jpg","datePublished":"2025-09-18T15:01:29+00:00","dateModified":"2025-09-23T09:06:39+00:00","breadcrumb":{"@id":"https:\/\/pzlegal.ch\/fr\/qui-sommes-nous\/giangiorgio-spiess\/#breadcrumb"},"inLanguage":"fr-FR","potentialAction":[{"@type":"ReadAction","target":["https:\/\/pzlegal.ch\/fr\/qui-sommes-nous\/giangiorgio-spiess\/"]}]},{"@type":"ImageObject","inLanguage":"fr-FR","@id":"https:\/\/pzlegal.ch\/fr\/qui-sommes-nous\/giangiorgio-spiess\/#primaryimage","url":"https:\/\/pzlegal.ch\/wp-content\/uploads\/2025\/09\/giangiorgio_spiess_profilo.jpg","contentUrl":"https:\/\/pzlegal.ch\/wp-content\/uploads\/2025\/09\/giangiorgio_spiess_profilo.jpg"},{"@type":"BreadcrumbList","@id":"https:\/\/pzlegal.ch\/fr\/qui-sommes-nous\/giangiorgio-spiess\/#breadcrumb","itemListElement":[{"@type":"ListItem","position":1,"name":"Home","item":"https:\/\/pzlegal.ch\/fr\/"},{"@type":"ListItem","position":2,"name":"Qui sommes-nous \/ L&#8217;\u00e9tude","item":"https:\/\/pzlegal.ch\/fr\/qui-sommes-nous\/"},{"@type":"ListItem","position":3,"name":"Giangiorgio Spiess"}]},{"@type":"WebSite","@id":"https:\/\/pzlegal.ch\/#website","url":"https:\/\/pzlegal.ch\/","name":"Studio Legale Pedrazzini Zanazza &amp; Associati SA","description":"","publisher":{"@id":"https:\/\/pzlegal.ch\/#organization"},"potentialAction":[{"@type":"SearchAction","target":{"@type":"EntryPoint","urlTemplate":"https:\/\/pzlegal.ch\/?s={search_term_string}"},"query-input":{"@type":"PropertyValueSpecification","valueRequired":true,"valueName":"search_term_string"}}],"inLanguage":"fr-FR"},{"@type":"Organization","@id":"https:\/\/pzlegal.ch\/#organization","name":"Studio Legale Pedrazzini Zanazza &amp; Associati SA","url":"https:\/\/pzlegal.ch\/","logo":{"@type":"ImageObject","inLanguage":"fr-FR","@id":"https:\/\/pzlegal.ch\/#\/schema\/logo\/image\/","url":"https:\/\/pzlegal.ch\/wp-content\/uploads\/2025\/03\/studio_legale_pedranzini_zanazza.jpg","contentUrl":"https:\/\/pzlegal.ch\/wp-content\/uploads\/2025\/03\/studio_legale_pedranzini_zanazza.jpg","width":398,"height":74,"caption":"Studio Legale Pedrazzini Zanazza &amp; Associati SA"},"image":{"@id":"https:\/\/pzlegal.ch\/#\/schema\/logo\/image\/"}}]}},"_links":{"self":[{"href":"https:\/\/pzlegal.ch\/fr\/wp-json\/wp\/v2\/pages\/4055","targetHints":{"allow":["GET"]}}],"collection":[{"href":"https:\/\/pzlegal.ch\/fr\/wp-json\/wp\/v2\/pages"}],"about":[{"href":"https:\/\/pzlegal.ch\/fr\/wp-json\/wp\/v2\/types\/page"}],"author":[{"embeddable":true,"href":"https:\/\/pzlegal.ch\/fr\/wp-json\/wp\/v2\/users\/1"}],"replies":[{"embeddable":true,"href":"https:\/\/pzlegal.ch\/fr\/wp-json\/wp\/v2\/comments?post=4055"}],"version-history":[{"count":4,"href":"https:\/\/pzlegal.ch\/fr\/wp-json\/wp\/v2\/pages\/4055\/revisions"}],"predecessor-version":[{"id":4059,"href":"https:\/\/pzlegal.ch\/fr\/wp-json\/wp\/v2\/pages\/4055\/revisions\/4059"}],"up":[{"embeddable":true,"href":"https:\/\/pzlegal.ch\/fr\/wp-json\/wp\/v2\/pages\/3728"}],"wp:attachment":[{"href":"https:\/\/pzlegal.ch\/fr\/wp-json\/wp\/v2\/media?parent=4055"}],"curies":[{"name":"wp","href":"https:\/\/api.w.org\/{rel}","templated":true}]}}